{"id":2105,"date":"2011-05-17T09:30:31","date_gmt":"2011-05-17T08:30:31","guid":{"rendered":"http:\/\/www.bushido-lubwart.de\/wordpress\/?page_id=2105"},"modified":"2022-06-16T07:14:08","modified_gmt":"2022-06-16T06:14:08","slug":"sven-schroter","status":"publish","type":"page","link":"http:\/\/www.bushido-lubwart.de\/wordpress\/karate-im-verein\/trainer\/sven-schroter\/","title":{"rendered":"Sven Schr\u00f6ter"},"content":{"rendered":"\n<p><img loading=\"lazy\" decoding=\"async\" src=\"http:\/\/www.bushido-lubwart.de\/wordpress\/wp-content\/uploads\/2008\/02\/unservereinvostandschroeter_150.jpg\" width=\"150\" height=\"201\" align=\"right\" border=\"0\" hspace=\"10\" vspace=\"10\">Sven Schr\u00f6ter, geboren am 08.02.1967, ist seit Anfang 2004 Mitglied unseres Vereins. War er urspr\u00fcnglich nur als Begleitung f\u00fcr seinen Sohn zum Training gekommen, war Karate schon bald ein wichtiger Teil seines Lebens geworden und nicht mehr wegzudenken. Daher war es nur folgerichtig, dass er auch \u00dcbungsleiter wurde und sein Wissen an andere weitergab.<\/p>\n\n\n\n<p>Seit 2008 ist er als \u00dcbungsleiter in der Trainingsgruppe Bad Liebenwerda t\u00e4tig. Dort betreut er die Kinder- und Anf\u00e4ngergruppe.<\/p>\n\n\n\n<p>Um sich weiterzubilden, besucht Sven regelm\u00e4\u00dfig Lehrg\u00e4nge und Fortbildungsveranstaltungen.<\/p>\n\n\n\n<p>Qualifikationen: 2. Dan, LSB-Lizenz \u00dcbungsleiter Breitensport \/ Trainer C<\/p>\n","protected":false},"excerpt":{"rendered":"<p>Sven Schr\u00f6ter, geboren am 08.02.1967, ist seit Anfang 2004 Mitglied unseres Vereins. War er urspr\u00fcnglich nur als Begleitung f\u00fcr seinen Sohn zum Training gekommen, war Karate schon bald ein wichtiger Teil seines Lebens geworden und nicht mehr wegzudenken. Daher war es nur folgerichtig, dass er auch \u00dcbungsleiter wurde und sein Wissen an andere weitergab. Seit [&hellip;]<\/p>\n","protected":false},"author":4,"featured_media":0,"parent":1032,"menu_order":3,"comment_status":"open","ping_status":"open","template":"","meta":{"ngg_post_thumbnail":0,"footnotes":""},"class_list":["post-2105","page","type-page","status-publish","hentry"],"_links":{"self":[{"href":"http:\/\/www.bushido-lubwart.de\/wordpress\/wp-json\/wp\/v2\/pages\/2105"}],"collection":[{"href":"http:\/\/www.bushido-lubwart.de\/wordpress\/wp-json\/wp\/v2\/pages"}],"about":[{"href":"http:\/\/www.bushido-lubwart.de\/wordpress\/wp-json\/wp\/v2\/types\/page"}],"author":[{"embeddable":true,"href":"http:\/\/www.bushido-lubwart.de\/wordpress\/wp-json\/wp\/v2\/users\/4"}],"replies":[{"embeddable":true,"href":"http:\/\/www.bushido-lubwart.de\/wordpress\/wp-json\/wp\/v2\/comments?post=2105"}],"version-history":[{"count":6,"href":"http:\/\/www.bushido-lubwart.de\/wordpress\/wp-json\/wp\/v2\/pages\/2105\/revisions"}],"predecessor-version":[{"id":3556,"href":"http:\/\/www.bushido-lubwart.de\/wordpress\/wp-json\/wp\/v2\/pages\/2105\/revisions\/3556"}],"up":[{"embeddable":true,"href":"http:\/\/www.bushido-lubwart.de\/wordpress\/wp-json\/wp\/v2\/pages\/1032"}],"wp:attachment":[{"href":"http:\/\/www.bushido-lubwart.de\/wordpress\/wp-json\/wp\/v2\/media?parent=2105"}],"curies":[{"name":"wp","href":"https:\/\/api.w.org\/{rel}","templated":true}]}}