{"id":1647,"date":"2008-03-06T09:47:02","date_gmt":"2008-03-06T08:47:02","guid":{"rendered":"http:\/\/www.bushido-lubwart.de\/wordpress\/?page_id=1647"},"modified":"2008-03-06T09:47:02","modified_gmt":"2008-03-06T08:47:02","slug":"ungluck","status":"publish","type":"page","link":"http:\/\/www.bushido-lubwart.de\/wordpress\/weisheiten-2\/erzahlungen\/ungluck\/","title":{"rendered":"Ungl\u00fcck"},"content":{"rendered":"<p>&#8222;Jede Art von Ungl\u00fcck geschieht, weil der Mensch in der entsprechenden Situation nicht richtig konzentriert ist oder weil ihm die entscheidende Intuition fehlt, durch die er die Lage richtig einsch\u00e4tzen k\u00f6nnte. Durch die \u00dcbung des Karate kann man sich eine Haltung angew\u00f6hnen, in der man immer richtig konzentriert ist. Dies ist mehr oder weniger eine Sache der \u00dcbung, und jeder Mensch, der wirklich will, kann das lernen. Zuviel Denken und Gr\u00fcbeln \u00fcber das Leben, \u00fcber Verlorenes und \u00fcber das, was h\u00e4tte sein k\u00f6nnen, ist der schlimmste Feind f\u00fcr die Konzentration. Man sollte sich selbst betrachten und herausfinden, welches die wahren Ursachen f\u00fcr pers\u00f6nliche Fehlschl\u00e4ge jeder Art sind. Die Antwort liegt immer in einem selbst. Wenn man sicher sein will, dass alles misslingt, braucht man nur immer unachtsam zu sein.&#8220; (Gichin Funakoshi)<\/p>\n","protected":false},"excerpt":{"rendered":"<p>&#8222;Jede Art von Ungl\u00fcck geschieht, weil der Mensch in der entsprechenden Situation nicht richtig konzentriert ist oder weil ihm die entscheidende Intuition fehlt, durch die er die Lage richtig einsch\u00e4tzen k\u00f6nnte. Durch die \u00dcbung des Karate kann man sich eine Haltung angew\u00f6hnen, in der man immer richtig konzentriert ist. Dies ist mehr oder weniger eine [&hellip;]<\/p>\n","protected":false},"author":2,"featured_media":0,"parent":1621,"menu_order":9,"comment_status":"open","ping_status":"open","template":"","meta":{"ngg_post_thumbnail":0,"footnotes":""},"class_list":["post-1647","page","type-page","status-publish","hentry"],"_links":{"self":[{"href":"http:\/\/www.bushido-lubwart.de\/wordpress\/wp-json\/wp\/v2\/pages\/1647"}],"collection":[{"href":"http:\/\/www.bushido-lubwart.de\/wordpress\/wp-json\/wp\/v2\/pages"}],"about":[{"href":"http:\/\/www.bushido-lubwart.de\/wordpress\/wp-json\/wp\/v2\/types\/page"}],"author":[{"embeddable":true,"href":"http:\/\/www.bushido-lubwart.de\/wordpress\/wp-json\/wp\/v2\/users\/2"}],"replies":[{"embeddable":true,"href":"http:\/\/www.bushido-lubwart.de\/wordpress\/wp-json\/wp\/v2\/comments?post=1647"}],"version-history":[{"count":0,"href":"http:\/\/www.bushido-lubwart.de\/wordpress\/wp-json\/wp\/v2\/pages\/1647\/revisions"}],"up":[{"embeddable":true,"href":"http:\/\/www.bushido-lubwart.de\/wordpress\/wp-json\/wp\/v2\/pages\/1621"}],"wp:attachment":[{"href":"http:\/\/www.bushido-lubwart.de\/wordpress\/wp-json\/wp\/v2\/media?parent=1647"}],"curies":[{"name":"wp","href":"https:\/\/api.w.org\/{rel}","templated":true}]}}