{"id":1640,"date":"2008-03-05T10:26:12","date_gmt":"2008-03-05T09:26:12","guid":{"rendered":"http:\/\/www.bushido-lubwart.de\/wordpress\/?page_id=1640"},"modified":"2011-05-17T09:09:40","modified_gmt":"2011-05-17T08:09:40","slug":"weisheiten-2","status":"publish","type":"page","link":"http:\/\/www.bushido-lubwart.de\/wordpress\/weisheiten-2\/","title":{"rendered":"Weisheiten"},"content":{"rendered":"<p><strong>Asiatsche Weisheiten und Sprichw\u00f6rter<\/strong><\/p>\n<p>Die Sprichw\u00f6rter der V\u00f6lker dieser Erde bergen viel Weisheit.<\/p>\n<p><a TITLE=\"Baumgruppe Park im Schloss von Nagoya\" HREF=\"http:\/\/www.bushido-lubwart.de\/wordpress\/wp-content\/uploads\/2008\/03\/dscf0796.jpg\"><img ALT=\"Baumgruppe Park im Schloss von Nagoya\" SRC=\"http:\/\/www.bushido-lubwart.de\/wordpress\/wp-content\/uploads\/2008\/03\/dscf0796.thumbnail.jpg\" ALIGN=\"right\" \/><\/a>Manche Sprichw\u00f6rter sind mit Ihrer Wahrheit gar so schonungslos, dass man diese nur schwer akzeptieren kann.<\/p>\n<p>Andere wieder r\u00fctteln an den Grundfesten unserer \u00dcberzeugungen und es f\u00e4llt schwer sie zu verstehen.<\/p>\n<p>Manche wird man vielleicht auch erst nach Jahren wirklich ganz erfassen k\u00f6nnen.<\/p>\n<ul>\n<li><a HREF=\"http:\/\/www.bushido-lubwart.de\/wordpress\/?page_id=1612\"><strong>Chinesische Sprichw\u00f6rter<\/strong><\/a> Sprichw\u00f6rter, Redensarten und Ausspr\u00fcche gro\u00dfer Weiser aus dem Reich der Mitte<\/li>\n<\/ul>\n<ul>\n<li><strong><a HREF=\"http:\/\/www.bushido-lubwart.de\/wordpress\/?page_id=1620\">Budoweisheiten<\/a><\/strong> Worte gro\u00dfer Karate-Meister<\/li>\n<\/ul>\n<ul>\n<li><strong><a HREF=\"http:\/\/www.bushido-lubwart.de\/wordpress\/?page_id=1621\">Erz\u00e4hlungen<\/a><\/strong> Kurzgeschichten rund um die Kampfk\u00fcnste &#8211; unterhaltsam und lehrreich zugleich<\/li>\n<\/ul>\n<ul>\n<li><strong><a HREF=\"http:\/\/www.bushido-lubwart.de\/wordpress\/?page_id=1622\">Verschiedene Sprichw\u00f6rter<\/a><\/strong><\/li>\n<\/ul>\n<ul>\n<li><strong>Zen-Texte<\/strong><\/li>\n<\/ul>\n<blockquote>\n<ul>\n<li><strong><a HREF=\"http:\/\/www.bushido-lubwart.de\/wordpress\/?page_id=1623\">Himmel und H\u00f6lle<\/a><\/strong> Meister Hakuin und der Samurai<\/li>\n<\/ul>\n<ul>\n<li><strong><a HREF=\"http:\/\/www.bushido-lubwart.de\/wordpress\/?page_id=1624\">Der wahre Lehrer<\/a><\/strong> Hui-ming verfolgt Hui-neng<\/li>\n<\/ul>\n<ul>\n<li><strong><a HREF=\"http:\/\/www.bushido-lubwart.de\/wordpress\/?page_id=1625\">Takuan<\/a><\/strong> Lehrtext eines gro\u00dfen Zen-Meister in kleiner Abwandlung<\/li>\n<\/ul>\n<\/blockquote>\n","protected":false},"excerpt":{"rendered":"<p>Asiatsche Weisheiten und Sprichw\u00f6rter Die Sprichw\u00f6rter der V\u00f6lker dieser Erde bergen viel Weisheit. Manche Sprichw\u00f6rter sind mit Ihrer Wahrheit gar so schonungslos, dass man diese nur schwer akzeptieren kann. Andere wieder r\u00fctteln an den Grundfesten unserer \u00dcberzeugungen und es f\u00e4llt schwer sie zu verstehen. Manche wird man vielleicht auch erst nach Jahren wirklich ganz erfassen [&hellip;]<\/p>\n","protected":false},"author":2,"featured_media":0,"parent":0,"menu_order":4,"comment_status":"open","ping_status":"closed","template":"","meta":{"ngg_post_thumbnail":0,"footnotes":""},"class_list":["post-1640","page","type-page","status-publish","hentry"],"_links":{"self":[{"href":"http:\/\/www.bushido-lubwart.de\/wordpress\/wp-json\/wp\/v2\/pages\/1640"}],"collection":[{"href":"http:\/\/www.bushido-lubwart.de\/wordpress\/wp-json\/wp\/v2\/pages"}],"about":[{"href":"http:\/\/www.bushido-lubwart.de\/wordpress\/wp-json\/wp\/v2\/types\/page"}],"author":[{"embeddable":true,"href":"http:\/\/www.bushido-lubwart.de\/wordpress\/wp-json\/wp\/v2\/users\/2"}],"replies":[{"embeddable":true,"href":"http:\/\/www.bushido-lubwart.de\/wordpress\/wp-json\/wp\/v2\/comments?post=1640"}],"version-history":[{"count":2,"href":"http:\/\/www.bushido-lubwart.de\/wordpress\/wp-json\/wp\/v2\/pages\/1640\/revisions"}],"predecessor-version":[{"id":2075,"href":"http:\/\/www.bushido-lubwart.de\/wordpress\/wp-json\/wp\/v2\/pages\/1640\/revisions\/2075"}],"wp:attachment":[{"href":"http:\/\/www.bushido-lubwart.de\/wordpress\/wp-json\/wp\/v2\/media?parent=1640"}],"curies":[{"name":"wp","href":"https:\/\/api.w.org\/{rel}","templated":true}]}}