{"id":1631,"date":"2008-03-04T12:17:46","date_gmt":"2008-03-04T11:17:46","guid":{"rendered":"http:\/\/www.bushido-lubwart.de\/wordpress\/?page_id=1631"},"modified":"2008-03-04T12:17:46","modified_gmt":"2008-03-04T11:17:46","slug":"harmonie","status":"publish","type":"page","link":"http:\/\/www.bushido-lubwart.de\/wordpress\/weisheiten-2\/chinesische-sprichworter\/harmonie\/","title":{"rendered":"Harmonie"},"content":{"rendered":"<p><a TITLE=\"H\u00f6hle Licht im Dunkel\" HREF=\"http:\/\/www.bushido-lubwart.de\/wordpress\/wp-content\/uploads\/2008\/03\/pic5.jpg\"><img ALT=\"H\u00f6hle Licht im Dunkel\" SRC=\"http:\/\/www.bushido-lubwart.de\/wordpress\/wp-content\/uploads\/2008\/03\/pic5.thumbnail.jpg\" align=\"right\"\/><\/a>Wer andere erkennt, ist gelehrt.<br \/>\nWer sich selbst erkennt, ist weise.<br \/>\nWer andere besiegt, hat Muskelkr\u00e4fte.<br \/>\nWer sich selbst besiegt, ist stark.<br \/>\nWer zufrieden ist, ist reich.<br \/>\n(Lao-Tse)<\/p>\n<p>Wer seine Mitte nicht verliert, der dauert.<\/p>\n<p>Der Geist, der allen Dingen<br \/>\nLeben verleiht, ist die Liebe.<\/p>\n<p>Geliebt sein hei\u00dft<br \/>\ngefangen sein.<\/p>\n<p>Gedenke der Quelle<br \/>\nwenn Du trinkst.<\/p>\n<p>Ein Mann von Charakter und Zur\u00fcckhaltung<br \/>\ngenie\u00dft stets Hochachtung.<\/p>\n<p>Ist das Herz in Ruhe,<br \/>\nist es selbst in einer Schilfh\u00fctte gem\u00fctlich.<\/p>\n<p>Nichts stiftet so viel Schaden wie Zorn<br \/>\nund nichts bringt mehr Nutzen als Geduld.<\/p>\n<p>F\u00fcrchte nicht die Enge des Hauses<br \/>\nF\u00fcrchte vielmehr die Enge des Herzens.<\/p>\n<p>G\u00fcte, die auf Gegenwert rechnet, ist keine G\u00fcte.<\/p>\n<p>Von Wohltaten reden ist leicht,<br \/>\nsie zu erweisen, schwer.<\/p>\n<p>G\u00fcte bedeutet,<br \/>\nandere lieben wie den eigenen Leib.<br \/>\nMan liebt sich selbst nicht,<br \/>\num aus sich nutzen zu ziehen.<br \/>\n(Mo Dse)<\/p>\n<p>Den K\u00f6rper kann man heilen,<br \/>\ndie Seele aber nicht.<\/p>\n<p>Wer kleine Unversch\u00e4mtheiten nicht ertragen mag,<br \/>\nder verdirbt gro\u00dfe Vorhaben.<br \/>\n(Konfuzius)<\/p>\n<p>Die wahre Liebe sucht nicht das eigene Gl\u00fcck.<br \/>\nSelbstvergessen, will sie auf alles verzichten,<br \/>\nund dadurch findet sie ihr Gl\u00fcck<br \/>\nund wird unermesslich reich.<\/p>\n<p>Pflichtbewusstsein ist ein sch\u00f6ner Wesenszug.<br \/>\nPflichtversessenheit bekommt weder der Gesundheit<br \/>\nnoch erfreut sie das Herz.<br \/>\n(Hung Ying-Ming)<\/p>\n<p>Wer Hohes ersteigen will,<br \/>\nmuss unten beginnen.<br \/>\nWer auf eine weite Reise gehen will,<br \/>\nmuss den ersten Schritt wagen.<\/p>\n<p>Erst wenn man imstande ist,<br \/>\ns\u00e4mtliche Vorurteile zu vergessen,<br \/>\nwird man Fortschritte<br \/>\nauf dem rechten Weg machen.<br \/>\n(Dschang Dsai)<\/p>\n<p>K\u00f6nnten alle nur f\u00fcr einen Tag h\u00f6flich sein &#8211;<br \/>\nDie Feindschaft unter den Menschen<br \/>\nw\u00fcrde sich in echte Liebe verwandeln.<\/p>\n<p>Unechte Demut ist echte Anma\u00dfung.<\/p>\n<p>Dem Herz, das ehrlich ist,<br \/>\n\u00f6ffnen sich selbst Steine.<br \/>\n(Lju Hsjuang)<\/p>\n<p>Wer keine Vorurteile hat,<br \/>\nder wird immer das rechte Ma\u00df finden.<\/p>\n<p>Die Gewalt des Windes<br \/>\nund die Last des Schnees<br \/>\nbiegen den Bambusbaum.<br \/>\nSie k\u00f6nnen ihn aber nicht brechen.<\/p>\n<p>Nur wer wahre Menschlichkeit besitzt,<br \/>\nvermag zu recht zu lieben und zu hassen.<br \/>\n(Konfuzius)<\/p>\n<p>Deine Wohltaten kennt man nur daheim,<br \/>\nDeine b\u00f6sen Taten aber auch in der Ferne.<\/p>\n<p>Viel H\u00f6flichkeit<br \/>\nbeleidigt niemanden.<\/p>\n<p>Die Herzen, die sich am schnellsten geben,<br \/>\nnehmen sich am schnellsten wieder zur\u00fcck.<\/p>\n<p>Man kann den Himmel berechnen und die Erde ausmessen,<br \/>\naber das Herz eines Menschen kann man nicht bestimmen.<\/p>\n<p>Ganz gleich wie hoch der Baum auch w\u00e4chst,<br \/>\nseine Bl\u00e4tter fallen doch nach unten zu seinen F\u00fc\u00dfen.<\/p>\n<p>Das Universum trennt sich nie vom Menschen.<br \/>\nEs ist der Mensch, der sich vom Universum trennt.<br \/>\n(Lu Dschji-Y\u00fcen)<\/p>\n<p>Sammelst Du Fr\u00fcchte,<br \/>\nso gedenke auch derer,<br \/>\ndie den Baum gepflanzt haben.<\/p>\n","protected":false},"excerpt":{"rendered":"<p>Wer andere erkennt, ist gelehrt. Wer sich selbst erkennt, ist weise. Wer andere besiegt, hat Muskelkr\u00e4fte. Wer sich selbst besiegt, ist stark. Wer zufrieden ist, ist reich. (Lao-Tse) Wer seine Mitte nicht verliert, der dauert. Der Geist, der allen Dingen Leben verleiht, ist die Liebe. Geliebt sein hei\u00dft gefangen sein. Gedenke der Quelle wenn Du [&hellip;]<\/p>\n","protected":false},"author":2,"featured_media":0,"parent":1612,"menu_order":7,"comment_status":"open","ping_status":"open","template":"","meta":{"ngg_post_thumbnail":0,"footnotes":""},"class_list":["post-1631","page","type-page","status-publish","hentry"],"_links":{"self":[{"href":"http:\/\/www.bushido-lubwart.de\/wordpress\/wp-json\/wp\/v2\/pages\/1631"}],"collection":[{"href":"http:\/\/www.bushido-lubwart.de\/wordpress\/wp-json\/wp\/v2\/pages"}],"about":[{"href":"http:\/\/www.bushido-lubwart.de\/wordpress\/wp-json\/wp\/v2\/types\/page"}],"author":[{"embeddable":true,"href":"http:\/\/www.bushido-lubwart.de\/wordpress\/wp-json\/wp\/v2\/users\/2"}],"replies":[{"embeddable":true,"href":"http:\/\/www.bushido-lubwart.de\/wordpress\/wp-json\/wp\/v2\/comments?post=1631"}],"version-history":[{"count":0,"href":"http:\/\/www.bushido-lubwart.de\/wordpress\/wp-json\/wp\/v2\/pages\/1631\/revisions"}],"up":[{"embeddable":true,"href":"http:\/\/www.bushido-lubwart.de\/wordpress\/wp-json\/wp\/v2\/pages\/1612"}],"wp:attachment":[{"href":"http:\/\/www.bushido-lubwart.de\/wordpress\/wp-json\/wp\/v2\/media?parent=1631"}],"curies":[{"name":"wp","href":"https:\/\/api.w.org\/{rel}","templated":true}]}}