{"id":1626,"date":"2008-03-04T12:09:24","date_gmt":"2008-03-04T11:09:24","guid":{"rendered":"http:\/\/www.bushido-lubwart.de\/wordpress\/?page_id=1626"},"modified":"2008-03-04T12:09:24","modified_gmt":"2008-03-04T11:09:24","slug":"alter","status":"publish","type":"page","link":"http:\/\/www.bushido-lubwart.de\/wordpress\/weisheiten-2\/chinesische-sprichworter\/alter\/","title":{"rendered":"Alter"},"content":{"rendered":"<p>Sind die Alten nicht aufrichtig,<br \/>\nso lehren sie die Jungen,<br \/>\nSchurken zu werden.<\/p>\n<p>In Armut soll man um so fester,<br \/>\nim Alter um so willensst\u00e4rker sein.<\/p>\n<p>Der Erwachsene achtet auf Taten,<br \/>\ndas Kind &#8211; auf Liebe.<\/p>\n<p><a TITLE=\"No No-Vorstellung in Nagoya-Jo\" HREF=\"http:\/\/www.bushido-lubwart.de\/wordpress\/wp-content\/uploads\/2008\/03\/pic1.jpg\"><img ALT=\"No No-Vorstellung in Nagoya-Jo\" ALIGN=\"right\" SRC=\"http:\/\/www.bushido-lubwart.de\/wordpress\/wp-content\/uploads\/2008\/03\/pic1.thumbnail.jpg\" \/><\/a><\/p>\n<p>F\u00fcrchte nicht, dass der K\u00f6rper,<br \/>\nsondern nur, dass die Seele altert.<\/p>\n<p>Wer nicht zeitig aufsteht,<br \/>\nbew\u00e4ltigt sein Tagwerk nicht.<br \/>\nWer in der Jugend nicht lernt,<br \/>\nkann es sp\u00e4ter nicht mehr nachholen.<\/p>\n<p>Was Du den Eltern schuldig bist,<br \/>\nwei\u00dft Du erst, wenn Du selbst ein Kind hast.<\/p>\n<p>Tu einem Kind Ehre an,<br \/>\nund es wird auch Dir Ehre antun.<\/p>\n<p>Der junge Mensch rechnet auf die Hilfe seines Vaters,<br \/>\nder alte auf die seiner Kinder.<\/p>\n<p>Leichtsinnig in der Jugend<br \/>\nmacht \u00e4rmlich im Alter.<\/p>\n<p>Willst Du das Rechte tun,<br \/>\nso frage drei Greise.<\/p>\n","protected":false},"excerpt":{"rendered":"<p>Sind die Alten nicht aufrichtig, so lehren sie die Jungen, Schurken zu werden. In Armut soll man um so fester, im Alter um so willensst\u00e4rker sein. Der Erwachsene achtet auf Taten, das Kind &#8211; auf Liebe. F\u00fcrchte nicht, dass der K\u00f6rper, sondern nur, dass die Seele altert. Wer nicht zeitig aufsteht, bew\u00e4ltigt sein Tagwerk nicht. [&hellip;]<\/p>\n","protected":false},"author":2,"featured_media":0,"parent":1612,"menu_order":2,"comment_status":"open","ping_status":"open","template":"","meta":{"ngg_post_thumbnail":0,"footnotes":""},"class_list":["post-1626","page","type-page","status-publish","hentry"],"_links":{"self":[{"href":"http:\/\/www.bushido-lubwart.de\/wordpress\/wp-json\/wp\/v2\/pages\/1626"}],"collection":[{"href":"http:\/\/www.bushido-lubwart.de\/wordpress\/wp-json\/wp\/v2\/pages"}],"about":[{"href":"http:\/\/www.bushido-lubwart.de\/wordpress\/wp-json\/wp\/v2\/types\/page"}],"author":[{"embeddable":true,"href":"http:\/\/www.bushido-lubwart.de\/wordpress\/wp-json\/wp\/v2\/users\/2"}],"replies":[{"embeddable":true,"href":"http:\/\/www.bushido-lubwart.de\/wordpress\/wp-json\/wp\/v2\/comments?post=1626"}],"version-history":[{"count":0,"href":"http:\/\/www.bushido-lubwart.de\/wordpress\/wp-json\/wp\/v2\/pages\/1626\/revisions"}],"up":[{"embeddable":true,"href":"http:\/\/www.bushido-lubwart.de\/wordpress\/wp-json\/wp\/v2\/pages\/1612"}],"wp:attachment":[{"href":"http:\/\/www.bushido-lubwart.de\/wordpress\/wp-json\/wp\/v2\/media?parent=1626"}],"curies":[{"name":"wp","href":"https:\/\/api.w.org\/{rel}","templated":true}]}}