{"id":1625,"date":"2008-03-04T12:03:00","date_gmt":"2008-03-04T11:03:00","guid":{"rendered":"http:\/\/www.bushido-lubwart.de\/wordpress\/?page_id=1625"},"modified":"2011-05-17T08:58:45","modified_gmt":"2011-05-17T07:58:45","slug":"takuan","status":"publish","type":"page","link":"http:\/\/www.bushido-lubwart.de\/wordpress\/weisheiten-2\/erzahlungen\/takuan\/","title":{"rendered":"Takuan"},"content":{"rendered":"<p>Die im Karate gelehrten &#8222;Kunstgriffe&#8220; sind in sich selber nichts als tote Dinge. Um zu lebendigen Dingen zu werden und sich zum Wirken der eigentlichen Kraft entfalten zu k\u00f6nnen, m\u00fcssen sie sich erst zu der &#8222;gro\u00dfen Kunst&#8220; verwandeln, die zwar im &#8222;\u00e4u\u00dferen Unterricht&#8220; angeregt wird und sich bildet, die aber im Grunde unseres Wesens sehon da ist. Diese Kunst vermag letztlich auch der Meister nicht zu &#8222;vermitteln&#8220;. Sie mu\u00df \u00fcber alle seine Lehren hinaus im &#8222;eigenen Herzen&#8220; erkannt und ergriffen werden.<\/p>\n","protected":false},"excerpt":{"rendered":"<p>Die im Karate gelehrten &#8222;Kunstgriffe&#8220; sind in sich selber nichts als tote Dinge. Um zu lebendigen Dingen zu werden und sich zum Wirken der eigentlichen Kraft entfalten zu k\u00f6nnen, m\u00fcssen sie sich erst zu der &#8222;gro\u00dfen Kunst&#8220; verwandeln, die zwar im &#8222;\u00e4u\u00dferen Unterricht&#8220; angeregt wird und sich bildet, die aber im Grunde unseres Wesens sehon [&hellip;]<\/p>\n","protected":false},"author":2,"featured_media":0,"parent":1621,"menu_order":4,"comment_status":"open","ping_status":"open","template":"","meta":{"ngg_post_thumbnail":0,"footnotes":""},"class_list":["post-1625","page","type-page","status-publish","hentry"],"_links":{"self":[{"href":"http:\/\/www.bushido-lubwart.de\/wordpress\/wp-json\/wp\/v2\/pages\/1625"}],"collection":[{"href":"http:\/\/www.bushido-lubwart.de\/wordpress\/wp-json\/wp\/v2\/pages"}],"about":[{"href":"http:\/\/www.bushido-lubwart.de\/wordpress\/wp-json\/wp\/v2\/types\/page"}],"author":[{"embeddable":true,"href":"http:\/\/www.bushido-lubwart.de\/wordpress\/wp-json\/wp\/v2\/users\/2"}],"replies":[{"embeddable":true,"href":"http:\/\/www.bushido-lubwart.de\/wordpress\/wp-json\/wp\/v2\/comments?post=1625"}],"version-history":[{"count":4,"href":"http:\/\/www.bushido-lubwart.de\/wordpress\/wp-json\/wp\/v2\/pages\/1625\/revisions"}],"predecessor-version":[{"id":2062,"href":"http:\/\/www.bushido-lubwart.de\/wordpress\/wp-json\/wp\/v2\/pages\/1625\/revisions\/2062"}],"up":[{"embeddable":true,"href":"http:\/\/www.bushido-lubwart.de\/wordpress\/wp-json\/wp\/v2\/pages\/1621"}],"wp:attachment":[{"href":"http:\/\/www.bushido-lubwart.de\/wordpress\/wp-json\/wp\/v2\/media?parent=1625"}],"curies":[{"name":"wp","href":"https:\/\/api.w.org\/{rel}","templated":true}]}}