{"id":1624,"date":"2008-03-04T12:02:28","date_gmt":"2008-03-04T11:02:28","guid":{"rendered":"http:\/\/www.bushido-lubwart.de\/wordpress\/?page_id=1624"},"modified":"2011-05-17T08:54:10","modified_gmt":"2011-05-17T07:54:10","slug":"der-wahre-lehrer","status":"publish","type":"page","link":"http:\/\/www.bushido-lubwart.de\/wordpress\/weisheiten-2\/erzahlungen\/der-wahre-lehrer\/","title":{"rendered":"Der wahre Lehrer"},"content":{"rendered":"<p>Nachdem Hui-neng Gewand und Almosenschale des f\u00fcnften Patriarchen empfangen hatte, mu\u00dfte er von den anderen M\u00f6nchen fliehen. Mit besonderen Eifer verfolgte ihn einer namens Hui-ming, der die ab Zeichen der W\u00fcrde an sich bringen wollte. In einer einsamen Felsenschlucht waren die Verfolger schon nahe daran, den 6. Patriarchen einzuholen. Da warf dieser Gewalt und Almosenschale auf einem Stein, verbarg sich im Geb\u00fcsch und sagte: &#8222;Das Gewand ist das Zeichen des Glaubens. Kann Gewalt es rauben?&#8220;<\/p>\n<p>Als Hui-ming zu dem Felsen kam, versuchte er, Gewand und Almosenschale an sich zu nehmen, doch so sehr er sich anstrengte, er vermochte sie nicht zu heben. Erstaunt rief er: &#8222;Meister Hui-neng! Ich komme um der Lehre willen, nicht um des Gewandes willen. Bitte, belehrt mich!&#8220;<\/p>\n<p>Da trat Hui-neng aus dem Geb\u00fcsch hervor, setzte sich auf dem Felsen und schwieg. Nach langer Zeit sprach er: &#8222;Wenn du die Lehre sucht, mu\u00dft du zuerst alle Gef\u00fchle und Leidenschaften abstreifen und dich frei machen von jedem Gedanken. Und jetzt, da kein Gedanke mehr dein Herz verdunkelt, sage mir: Was ist seine urspr\u00fcngliche Gestalt?&#8220;<\/p>\n<p>In diesem Augenblick ernannte Hui-ming die Erleuchtung. Er verneigte sich vor dem Patriarchen und sagte: &#8222;Ihr seid mein Lehrer!&#8220;<\/p>\n","protected":false},"excerpt":{"rendered":"<p>Nachdem Hui-neng Gewand und Almosenschale des f\u00fcnften Patriarchen empfangen hatte, mu\u00dfte er von den anderen M\u00f6nchen fliehen. Mit besonderen Eifer verfolgte ihn einer namens Hui-ming, der die ab Zeichen der W\u00fcrde an sich bringen wollte. In einer einsamen Felsenschlucht waren die Verfolger schon nahe daran, den 6. Patriarchen einzuholen. Da warf dieser Gewalt und Almosenschale [&hellip;]<\/p>\n","protected":false},"author":2,"featured_media":0,"parent":1621,"menu_order":3,"comment_status":"open","ping_status":"open","template":"","meta":{"ngg_post_thumbnail":0,"footnotes":""},"class_list":["post-1624","page","type-page","status-publish","hentry"],"_links":{"self":[{"href":"http:\/\/www.bushido-lubwart.de\/wordpress\/wp-json\/wp\/v2\/pages\/1624"}],"collection":[{"href":"http:\/\/www.bushido-lubwart.de\/wordpress\/wp-json\/wp\/v2\/pages"}],"about":[{"href":"http:\/\/www.bushido-lubwart.de\/wordpress\/wp-json\/wp\/v2\/types\/page"}],"author":[{"embeddable":true,"href":"http:\/\/www.bushido-lubwart.de\/wordpress\/wp-json\/wp\/v2\/users\/2"}],"replies":[{"embeddable":true,"href":"http:\/\/www.bushido-lubwart.de\/wordpress\/wp-json\/wp\/v2\/comments?post=1624"}],"version-history":[{"count":2,"href":"http:\/\/www.bushido-lubwart.de\/wordpress\/wp-json\/wp\/v2\/pages\/1624\/revisions"}],"predecessor-version":[{"id":2056,"href":"http:\/\/www.bushido-lubwart.de\/wordpress\/wp-json\/wp\/v2\/pages\/1624\/revisions\/2056"}],"up":[{"embeddable":true,"href":"http:\/\/www.bushido-lubwart.de\/wordpress\/wp-json\/wp\/v2\/pages\/1621"}],"wp:attachment":[{"href":"http:\/\/www.bushido-lubwart.de\/wordpress\/wp-json\/wp\/v2\/media?parent=1624"}],"curies":[{"name":"wp","href":"https:\/\/api.w.org\/{rel}","templated":true}]}}