{"id":1623,"date":"2008-03-04T12:01:53","date_gmt":"2008-03-04T11:01:53","guid":{"rendered":"http:\/\/www.bushido-lubwart.de\/wordpress\/?page_id=1623"},"modified":"2011-05-17T08:52:20","modified_gmt":"2011-05-17T07:52:20","slug":"himmel-und-holle","status":"publish","type":"page","link":"http:\/\/www.bushido-lubwart.de\/wordpress\/weisheiten-2\/erzahlungen\/himmel-und-holle\/","title":{"rendered":"Himmel und H\u00f6lle"},"content":{"rendered":"<p>Ein Krieger besuchte Meister Hakuin und fragte: &#8222;Gibt es wirklich einen Himmel und eine H\u00f6lle?&#8220;<\/p>\n<p>&#8222;Wer bist du?&#8220; Fragte der Meister.<\/p>\n<p>&#8222;Ein Soldat der kaiserlichen Garde&#8220;, erwiderte der Krieger stolz.<\/p>\n<p>&#8222;Das glaube ich nicht&#8220;, meinte Hakuin&#8220;, daf\u00fcr siehst du viel zu j\u00e4mmerlich aus. So einen stellt der Kaiser nicht in die Garde ein!&#8220;<\/p>\n<p>Aufbrausend griff der Krieger zum Schwert, doch Hakuin blieb ganz ruhig und sagte nur: &#8222;Na los! Wirst du es wirklich schaffen, mir den Kopf abgeschlagen?&#8220;<\/p>\n<p>Der Krieger konnte sich nicht mehr zur\u00fcckgehalten und st\u00fcrzte w\u00fctend mit gezogenem Schwert auf den Meister ein.<\/p>\n<p>Der l\u00e4chelte nur und sagte: &#8222;Jetzt kennst du die erste H\u00e4lfte der Antwort: Eben hast du die Tore der H\u00f6lle ge\u00f6ffnet.&#8220;<\/p>\n<p>Wie vom Blitz ger\u00fchrt blieb der Krieger stehen, dann steckt er sein Schwert in die Scheibe und verneigte sich vor Hakuin.<\/p>\n<p>&#8222;Jetzt kennst du die zweite H\u00e4lfte der Antwort &#8222;, sprach der Meister, &#8222;eben hast du die Tore des Himmels ge\u00f6ffnet.&#8220;<\/p>\n","protected":false},"excerpt":{"rendered":"<p>Ein Krieger besuchte Meister Hakuin und fragte: &#8222;Gibt es wirklich einen Himmel und eine H\u00f6lle?&#8220; &#8222;Wer bist du?&#8220; Fragte der Meister. &#8222;Ein Soldat der kaiserlichen Garde&#8220;, erwiderte der Krieger stolz. &#8222;Das glaube ich nicht&#8220;, meinte Hakuin&#8220;, daf\u00fcr siehst du viel zu j\u00e4mmerlich aus. So einen stellt der Kaiser nicht in die Garde ein!&#8220; Aufbrausend griff [&hellip;]<\/p>\n","protected":false},"author":2,"featured_media":0,"parent":1621,"menu_order":2,"comment_status":"open","ping_status":"open","template":"","meta":{"ngg_post_thumbnail":0,"footnotes":""},"class_list":["post-1623","page","type-page","status-publish","hentry"],"_links":{"self":[{"href":"http:\/\/www.bushido-lubwart.de\/wordpress\/wp-json\/wp\/v2\/pages\/1623"}],"collection":[{"href":"http:\/\/www.bushido-lubwart.de\/wordpress\/wp-json\/wp\/v2\/pages"}],"about":[{"href":"http:\/\/www.bushido-lubwart.de\/wordpress\/wp-json\/wp\/v2\/types\/page"}],"author":[{"embeddable":true,"href":"http:\/\/www.bushido-lubwart.de\/wordpress\/wp-json\/wp\/v2\/users\/2"}],"replies":[{"embeddable":true,"href":"http:\/\/www.bushido-lubwart.de\/wordpress\/wp-json\/wp\/v2\/comments?post=1623"}],"version-history":[{"count":1,"href":"http:\/\/www.bushido-lubwart.de\/wordpress\/wp-json\/wp\/v2\/pages\/1623\/revisions"}],"predecessor-version":[{"id":2054,"href":"http:\/\/www.bushido-lubwart.de\/wordpress\/wp-json\/wp\/v2\/pages\/1623\/revisions\/2054"}],"up":[{"embeddable":true,"href":"http:\/\/www.bushido-lubwart.de\/wordpress\/wp-json\/wp\/v2\/pages\/1621"}],"wp:attachment":[{"href":"http:\/\/www.bushido-lubwart.de\/wordpress\/wp-json\/wp\/v2\/media?parent=1623"}],"curies":[{"name":"wp","href":"https:\/\/api.w.org\/{rel}","templated":true}]}}