{"id":1621,"date":"2008-03-04T12:00:31","date_gmt":"2008-03-04T11:00:31","guid":{"rendered":"http:\/\/www.bushido-lubwart.de\/wordpress\/?page_id=1621"},"modified":"2011-05-17T08:55:17","modified_gmt":"2011-05-17T07:55:17","slug":"erzahlungen","status":"publish","type":"page","link":"http:\/\/www.bushido-lubwart.de\/wordpress\/weisheiten-2\/erzahlungen\/","title":{"rendered":"Erz\u00e4hlungen"},"content":{"rendered":"<ul>\n<li><strong><a HREF=\"http:\/\/www.bushido-lubwart.de\/wordpress\/?page_id=1642\">Karate-Training<\/a><\/strong> &#8211; Wie lange muss man Karate \u00fcben?<\/li>\n<\/ul>\n<ul>\n<li><strong><a HREF=\"http:\/\/www.bushido-lubwart.de\/wordpress\/wp-admin\/Jemand sah eines Tages am Rand einer Klippe zum ersten Mal in seinem Leben das Meer.    \\\">Das Meer<\/a><\/strong> &#8211; Schaue nicht auf die Oberfl\u00e4che<\/li>\n<\/ul>\n<ul>\n<li><a HREF=\"http:\/\/www.bushido-lubwart.de\/wordpress\/?page_id=1644\"><strong>Matsumura&#8217;s Kampf<\/strong><\/a> &#8211; Eine ber\u00fchmte Legende aus Okinawa &#8211; erz\u00e4hlt von Funakoshi Gichin<\/li>\n<\/ul>\n<ul>\n<li><strong><a HREF=\"http:\/\/www.bushido-lubwart.de\/wordpress\/?page_id=1645\">Bunraku<\/a><\/strong> &#8211; Wie gelangt man zur Meisterschaft?<\/li>\n<\/ul>\n<ul>\n<li><a HREF=\"http:\/\/www.bushido-lubwart.de\/wordpress\/?page_id=1646\"><strong>Der Alte und der Samurai<\/strong><\/a> &#8211; Angst und \u00dcberheblichkeit<\/li>\n<\/ul>\n<ul>\n<li><strong><a HREF=\"http:\/\/www.bushido-lubwart.de\/wordpress\/?page_id=1647\">Ungl\u00fcck<\/a><\/strong> &#8211; Wie man Ungl\u00fcck vermeidet<\/li>\n<\/ul>\n<ul>\n<li><a HREF=\"http:\/\/www.bushido-lubwart.de\/wordpress\/?page_id=1648\"><strong>Kampf<\/strong><\/a> &#8211; Vom Sinn des Trainings<\/li>\n<\/ul>\n<ul>\n<li><strong><a HREF=\"http:\/\/www.bushido-lubwart.de\/wordpress\/?page_id=1649\">Karate-Training<\/a><\/strong> &#8211; Wie lange muss man Karate \u00fcben?<\/li>\n<\/ul>\n<ul>\n<li><a HREF=\"http:\/\/www.bushido-lubwart.de\/wordpress\/?page_id=1650\"><strong>Unterweisung<\/strong><\/a> &#8211; Frieden, Weisheit und Reichtum<\/li>\n<\/ul>\n","protected":false},"excerpt":{"rendered":"<p>Karate-Training &#8211; Wie lange muss man Karate \u00fcben? Das Meer &#8211; Schaue nicht auf die Oberfl\u00e4che Matsumura&#8217;s Kampf &#8211; Eine ber\u00fchmte Legende aus Okinawa &#8211; erz\u00e4hlt von Funakoshi Gichin Bunraku &#8211; Wie gelangt man zur Meisterschaft? Der Alte und der Samurai &#8211; Angst und \u00dcberheblichkeit Ungl\u00fcck &#8211; Wie man Ungl\u00fcck vermeidet Kampf &#8211; Vom Sinn [&hellip;]<\/p>\n","protected":false},"author":2,"featured_media":0,"parent":1640,"menu_order":3,"comment_status":"open","ping_status":"open","template":"","meta":{"ngg_post_thumbnail":0,"footnotes":""},"class_list":["post-1621","page","type-page","status-publish","hentry"],"_links":{"self":[{"href":"http:\/\/www.bushido-lubwart.de\/wordpress\/wp-json\/wp\/v2\/pages\/1621"}],"collection":[{"href":"http:\/\/www.bushido-lubwart.de\/wordpress\/wp-json\/wp\/v2\/pages"}],"about":[{"href":"http:\/\/www.bushido-lubwart.de\/wordpress\/wp-json\/wp\/v2\/types\/page"}],"author":[{"embeddable":true,"href":"http:\/\/www.bushido-lubwart.de\/wordpress\/wp-json\/wp\/v2\/users\/2"}],"replies":[{"embeddable":true,"href":"http:\/\/www.bushido-lubwart.de\/wordpress\/wp-json\/wp\/v2\/comments?post=1621"}],"version-history":[{"count":2,"href":"http:\/\/www.bushido-lubwart.de\/wordpress\/wp-json\/wp\/v2\/pages\/1621\/revisions"}],"predecessor-version":[{"id":2058,"href":"http:\/\/www.bushido-lubwart.de\/wordpress\/wp-json\/wp\/v2\/pages\/1621\/revisions\/2058"}],"up":[{"embeddable":true,"href":"http:\/\/www.bushido-lubwart.de\/wordpress\/wp-json\/wp\/v2\/pages\/1640"}],"wp:attachment":[{"href":"http:\/\/www.bushido-lubwart.de\/wordpress\/wp-json\/wp\/v2\/media?parent=1621"}],"curies":[{"name":"wp","href":"https:\/\/api.w.org\/{rel}","templated":true}]}}