{"id":1612,"date":"2008-03-04T11:56:34","date_gmt":"2008-03-04T10:56:34","guid":{"rendered":"http:\/\/www.bushido-lubwart.de\/wordpress\/?page_id=1612"},"modified":"2011-05-17T08:47:29","modified_gmt":"2011-05-17T07:47:29","slug":"chinesische-sprichworter","status":"publish","type":"page","link":"http:\/\/www.bushido-lubwart.de\/wordpress\/weisheiten-2\/chinesische-sprichworter\/","title":{"rendered":"Chinesische Sprichw\u00f6rter"},"content":{"rendered":"<table CLASS=\"\">\n<tr>\n<td CLASS=\"\"><a HREF=\"http:\/\/www.bushido-lubwart.de\/wordpress\/?page_id=1626\"><strong>Alter<\/strong><\/a> Der Jugend Flei\u00df &#8211; des Alters Preis<\/td>\n<td CLASS=\"\"><a HREF=\"http:\/\/www.bushido-lubwart.de\/wordpress\/?page_id=1626\"><img ALIGN=\"right\" SRC=\"http:\/\/www.bushido-lubwart.de\/wordpress\/wp-content\/uploads\/2008\/03\/pic1.thumbnail.jpg\" ALT=\"pic1.jpg\" \/><\/a><\/td>\n<td CLASS=\"\"><a HREF=\"http:\/\/www.bushido-lubwart.de\/wordpress\/?page_id=1627\"><strong>Leben<\/strong><\/a> Bewusst leben<\/td>\n<td CLASS=\"\"><a HREF=\"http:\/\/www.bushido-lubwart.de\/wordpress\/?page_id=1627\"><img ALIGN=\"right\" SRC=\"http:\/\/www.bushido-lubwart.de\/wordpress\/wp-content\/uploads\/2008\/03\/pic7.thumbnail.jpg\" ALT=\"pic1.jpg\" \/><\/a><\/td>\n<\/tr>\n<tr>\n<td CLASS=\"\"><a HREF=\"http:\/\/www.bushido-lubwart.de\/wordpress\/?page_id=1628\"><strong>Edelmut<\/strong><\/a> Zum Edelmut f\u00fchren viele Pfade<\/td>\n<td CLASS=\"\"><a HREF=\"http:\/\/www.bushido-lubwart.de\/wordpress\/?page_id=1628\"><img ALIGN=\"right\" SRC=\"http:\/\/www.bushido-lubwart.de\/wordpress\/wp-content\/uploads\/2008\/03\/pic2.thumbnail.jpg\" ALT=\"pic1.jpg\" \/><\/a><\/td>\n<td CLASS=\"\"><a HREF=\"http:\/\/www.bushido-lubwart.de\/wordpress\/?page_id=1633\"><strong>Reichtum<\/strong><\/a> Wer arm ist &#8211; ist reich<\/td>\n<td CLASS=\"\"><a HREF=\"http:\/\/www.bushido-lubwart.de\/wordpress\/?page_id=1633\"><img ALIGN=\"right\" SRC=\"http:\/\/www.bushido-lubwart.de\/wordpress\/wp-content\/uploads\/2008\/03\/pic8.thumbnail.jpg\" ALT=\"pic1.jpg\" \/><\/a><\/td>\n<\/tr>\n<tr>\n<td CLASS=\"\"><a HREF=\"http:\/\/www.bushido-lubwart.de\/wordpress\/?page_id=1629\"><strong>Freundschaft<\/strong><\/a> Wahre Freunde sind schwer zu finden<\/td>\n<td CLASS=\"\"><a HREF=\"http:\/\/www.bushido-lubwart.de\/wordpress\/?page_id=1629\"><img ALIGN=\"right\" SRC=\"http:\/\/www.bushido-lubwart.de\/wordpress\/wp-content\/uploads\/2008\/03\/pic3.thumbnail.jpg\" ALT=\"pic1.jpg\" \/><\/a><\/td>\n<td CLASS=\"\"><a HREF=\"http:\/\/www.bushido-lubwart.de\/wordpress\/?page_id=1634\"><strong>Verschiedenes<\/strong><\/a> Verschiedene chinesische Sprichw\u00f6rter<\/td>\n<td CLASS=\"\"><a HREF=\"http:\/\/www.bushido-lubwart.de\/wordpress\/?page_id=1634\"><img ALIGN=\"right\" SRC=\"http:\/\/www.bushido-lubwart.de\/wordpress\/wp-content\/uploads\/2008\/03\/pic9.thumbnail.jpg\" ALT=\"pic1.jpg\" \/><\/a><\/td>\n<\/tr>\n<tr>\n<td CLASS=\"\"><a HREF=\"http:\/\/www.bushido-lubwart.de\/wordpress\/?page_id=1630\"><strong>Gl\u00fcck<\/strong><\/a> Ohne Gl\u00fcck ist kein Gelingen<\/td>\n<td CLASS=\"\"><a HREF=\"http:\/\/www.bushido-lubwart.de\/wordpress\/?page_id=1630\"><img ALIGN=\"right\" SRC=\"http:\/\/www.bushido-lubwart.de\/wordpress\/wp-content\/uploads\/2008\/03\/pic4.thumbnail.jpg\" ALT=\"pic1.jpg\" \/><\/a><\/td>\n<td CLASS=\"\"><a HREF=\"http:\/\/www.bushido-lubwart.de\/wordpress\/?page_id=1635\"><strong>Weisheit<\/strong><\/a> Zur Weisheit f\u00fchren viele Pfade<\/td>\n<td CLASS=\"\"><a HREF=\"http:\/\/www.bushido-lubwart.de\/wordpress\/?page_id=1635\"><img ALIGN=\"right\" SRC=\"http:\/\/www.bushido-lubwart.de\/wordpress\/wp-content\/uploads\/2008\/03\/pic10.thumbnail.jpg\" ALT=\"pic1.jpg\" \/><\/a><\/td>\n<\/tr>\n<tr>\n<td CLASS=\"\"><a HREF=\"http:\/\/www.bushido-lubwart.de\/wordpress\/?page_id=1631\"><strong>Harmonie<\/strong><\/a> In Einklang leben<\/td>\n<td CLASS=\"\"><a HREF=\"http:\/\/www.bushido-lubwart.de\/wordpress\/?page_id=1631\"><img ALIGN=\"right\" SRC=\"http:\/\/www.bushido-lubwart.de\/wordpress\/wp-content\/uploads\/2008\/03\/pic5.thumbnail.jpg\" ALT=\"pic1.jpg\" \/><\/a><\/td>\n<td CLASS=\"\"><a HREF=\"http:\/\/www.bushido-lubwart.de\/wordpress\/?page_id=1636\"><strong>Worte<\/strong><\/a> Die Kunst des Redens<\/td>\n<td CLASS=\"\"><a HREF=\"http:\/\/www.bushido-lubwart.de\/wordpress\/?page_id=1636\"><img ALIGN=\"right\" SRC=\"http:\/\/www.bushido-lubwart.de\/wordpress\/wp-content\/uploads\/2008\/03\/pic11.thumbnail.jpg\" ALT=\"pic1.jpg\" \/><\/a><\/td>\n<\/tr>\n<tr>\n<td CLASS=\"\"><a HREF=\"http:\/\/www.bushido-lubwart.de\/wordpress\/?page_id=1636\"><strong>Herz<\/strong><\/a> Des Menschen Herz<\/td>\n<td CLASS=\"\"><a HREF=\"http:\/\/www.bushido-lubwart.de\/wordpress\/?page_id=1636\"><img ALIGN=\"right\" SRC=\"http:\/\/www.bushido-lubwart.de\/wordpress\/wp-content\/uploads\/2008\/03\/pic6.thumbnail.jpg\" ALT=\"pic1.jpg\" \/><\/a><\/td>\n<\/tr>\n<\/table>\n","protected":false},"excerpt":{"rendered":"<p>Alter Der Jugend Flei\u00df &#8211; des Alters Preis Leben Bewusst leben Edelmut Zum Edelmut f\u00fchren viele Pfade Reichtum Wer arm ist &#8211; ist reich Freundschaft Wahre Freunde sind schwer zu finden Verschiedenes Verschiedene chinesische Sprichw\u00f6rter Gl\u00fcck Ohne Gl\u00fcck ist kein Gelingen Weisheit Zur Weisheit f\u00fchren viele Pfade Harmonie In Einklang leben Worte Die Kunst des [&hellip;]<\/p>\n","protected":false},"author":2,"featured_media":0,"parent":1640,"menu_order":1,"comment_status":"open","ping_status":"open","template":"","meta":{"ngg_post_thumbnail":0,"footnotes":""},"class_list":["post-1612","page","type-page","status-publish","hentry"],"_links":{"self":[{"href":"http:\/\/www.bushido-lubwart.de\/wordpress\/wp-json\/wp\/v2\/pages\/1612"}],"collection":[{"href":"http:\/\/www.bushido-lubwart.de\/wordpress\/wp-json\/wp\/v2\/pages"}],"about":[{"href":"http:\/\/www.bushido-lubwart.de\/wordpress\/wp-json\/wp\/v2\/types\/page"}],"author":[{"embeddable":true,"href":"http:\/\/www.bushido-lubwart.de\/wordpress\/wp-json\/wp\/v2\/users\/2"}],"replies":[{"embeddable":true,"href":"http:\/\/www.bushido-lubwart.de\/wordpress\/wp-json\/wp\/v2\/comments?post=1612"}],"version-history":[{"count":1,"href":"http:\/\/www.bushido-lubwart.de\/wordpress\/wp-json\/wp\/v2\/pages\/1612\/revisions"}],"predecessor-version":[{"id":2047,"href":"http:\/\/www.bushido-lubwart.de\/wordpress\/wp-json\/wp\/v2\/pages\/1612\/revisions\/2047"}],"up":[{"embeddable":true,"href":"http:\/\/www.bushido-lubwart.de\/wordpress\/wp-json\/wp\/v2\/pages\/1640"}],"wp:attachment":[{"href":"http:\/\/www.bushido-lubwart.de\/wordpress\/wp-json\/wp\/v2\/media?parent=1612"}],"curies":[{"name":"wp","href":"https:\/\/api.w.org\/{rel}","templated":true}]}}