{"id":1601,"date":"2008-03-04T10:38:27","date_gmt":"2008-03-04T09:38:27","guid":{"rendered":"http:\/\/www.bushido-lubwart.de\/wordpress\/?page_id=1601"},"modified":"2011-05-17T09:20:35","modified_gmt":"2011-05-17T08:20:35","slug":"deutsche-meisterschaften-2005","status":"publish","type":"page","link":"http:\/\/www.bushido-lubwart.de\/wordpress\/karate-im-verein\/erfolge\/deutsche-meisterschaften-2005\/","title":{"rendered":"DM 2005"},"content":{"rendered":"<p>Wir traten nach l\u00e4ngerer Wettkampfpause mit insgesamt 12 Startern bei den Deutschen Meisterschaften in Berlin an und konnten insgesamt 11 Medaillen &#8211; darunter 3 Meistertitel und 5 Vizemeistertitel erk\u00e4mpfen.<\/p>\n<table CLASS=\"\">\n<tr>\n<td CLASS=\"\">Platzierung<\/td>\n<td CLASS=\"\">Disziplin<\/td>\n<td CLASS=\"\">Name<\/td>\n<\/tr>\n<tr>\n<td CLASS=\"\">1. Platz<\/td>\n<td CLASS=\"\">Kata<\/td>\n<td CLASS=\"\">Jenny G\u00f6pel (18+)<\/td>\n<\/tr>\n<tr>\n<td CLASS=\"\">1. Platz<\/td>\n<td CLASS=\"\">Kata<\/td>\n<td CLASS=\"\">Eric Sch\u00fctz (14-17 Jahre)<\/td>\n<\/tr>\n<tr>\n<td CLASS=\"\">2. Platz<\/td>\n<td CLASS=\"\">Kata<\/td>\n<td CLASS=\"\">Richard Vetter (U21)<\/td>\n<\/tr>\n<tr>\n<td CLASS=\"\">2. Platz<\/td>\n<td CLASS=\"\">Kata<\/td>\n<td CLASS=\"\">Christian Kieschnick (U21)<\/td>\n<\/tr>\n<tr>\n<td CLASS=\"\">3. Platz<\/td>\n<td CLASS=\"\">Kata<\/td>\n<td CLASS=\"\">Michael Heyde (AK14-25, bis 7. Kyu)<\/td>\n<\/tr>\n<tr>\n<td CLASS=\"\">3. Platz<\/td>\n<td CLASS=\"\">Kata<\/td>\n<td CLASS=\"\">Maik Schneek\u00f6nig (U21, bis 4. Kyu)<\/td>\n<\/tr>\n<tr>\n<td CLASS=\"\">1. Platz<\/td>\n<td CLASS=\"\">Kumite<\/td>\n<td CLASS=\"\">Eric Sch\u00fctz (U18)<\/td>\n<\/tr>\n<tr>\n<td CLASS=\"\">2. Platz<\/td>\n<td CLASS=\"\">Kumite<\/td>\n<td CLASS=\"\">Jenny G\u00f6pel (U21)<\/td>\n<\/tr>\n<tr>\n<td CLASS=\"\">2. Platz<\/td>\n<td CLASS=\"\">Kumite<\/td>\n<td CLASS=\"\">Christian M\u00fcller (Senioren)<\/td>\n<\/tr>\n<tr>\n<td CLASS=\"\">2. Platz<\/td>\n<td CLASS=\"\">Kumite<\/td>\n<td CLASS=\"\">Christian Heyde (14-25 Jahre, bis 7. Kyu)<\/td>\n<\/tr>\n<tr>\n<td CLASS=\"\">3. Platz<\/td>\n<td CLASS=\"\">Kumite<\/td>\n<td CLASS=\"\">Christian Kieschnick (U21)<\/td>\n<\/tr>\n<\/table>\n","protected":false},"excerpt":{"rendered":"<p>Wir traten nach l\u00e4ngerer Wettkampfpause mit insgesamt 12 Startern bei den Deutschen Meisterschaften in Berlin an und konnten insgesamt 11 Medaillen &#8211; darunter 3 Meistertitel und 5 Vizemeistertitel erk\u00e4mpfen. Platzierung Disziplin Name 1. Platz Kata Jenny G\u00f6pel (18+) 1. Platz Kata Eric Sch\u00fctz (14-17 Jahre) 2. Platz Kata Richard Vetter (U21) 2. Platz Kata Christian [&hellip;]<\/p>\n","protected":false},"author":2,"featured_media":0,"parent":1038,"menu_order":6,"comment_status":"open","ping_status":"closed","template":"","meta":{"ngg_post_thumbnail":0,"footnotes":""},"class_list":["post-1601","page","type-page","status-publish","hentry"],"_links":{"self":[{"href":"http:\/\/www.bushido-lubwart.de\/wordpress\/wp-json\/wp\/v2\/pages\/1601"}],"collection":[{"href":"http:\/\/www.bushido-lubwart.de\/wordpress\/wp-json\/wp\/v2\/pages"}],"about":[{"href":"http:\/\/www.bushido-lubwart.de\/wordpress\/wp-json\/wp\/v2\/types\/page"}],"author":[{"embeddable":true,"href":"http:\/\/www.bushido-lubwart.de\/wordpress\/wp-json\/wp\/v2\/users\/2"}],"replies":[{"embeddable":true,"href":"http:\/\/www.bushido-lubwart.de\/wordpress\/wp-json\/wp\/v2\/comments?post=1601"}],"version-history":[{"count":3,"href":"http:\/\/www.bushido-lubwart.de\/wordpress\/wp-json\/wp\/v2\/pages\/1601\/revisions"}],"predecessor-version":[{"id":2103,"href":"http:\/\/www.bushido-lubwart.de\/wordpress\/wp-json\/wp\/v2\/pages\/1601\/revisions\/2103"}],"up":[{"embeddable":true,"href":"http:\/\/www.bushido-lubwart.de\/wordpress\/wp-json\/wp\/v2\/pages\/1038"}],"wp:attachment":[{"href":"http:\/\/www.bushido-lubwart.de\/wordpress\/wp-json\/wp\/v2\/media?parent=1601"}],"curies":[{"name":"wp","href":"https:\/\/api.w.org\/{rel}","templated":true}]}}