{"id":1422,"date":"2008-02-29T09:16:47","date_gmt":"2008-02-29T08:16:47","guid":{"rendered":"http:\/\/www.bushido-lubwart.de\/wordpress\/?page_id=1422"},"modified":"2008-02-29T09:55:42","modified_gmt":"2008-02-29T08:55:42","slug":"heian-sandan","status":"publish","type":"page","link":"http:\/\/www.bushido-lubwart.de\/wordpress\/karate-and-more\/trainingbereiche\/heian-sandan\/","title":{"rendered":"Heian Sandan"},"content":{"rendered":"<table CLASS=\"\">\n<tr>\n<td CLASS=\"\"><a TARGET=\"_blank\" HREF=\"http:\/\/www.bushido-lubwart.de\/wordpress\/wp-content\/uploads\/2008\/02\/sandan.avi\"><img SRC=\"http:\/\/www.bushido-lubwart.de\/wordpress\/wp-content\/uploads\/2008\/02\/sandancols21.gif\" \/><\/a><\/td>\n<td CLASS=\"\">Heian Sandan Kata: <a TARGET=\"_blank\" HREF=\"http:\/\/www.bushido-lubwart.de\/wordpress\/wp-content\/uploads\/2008\/02\/sandan.avi\">sandan.avi (1.6 MB f\u00fcr 29 Sekunden)<\/a> [1.642 KB]<\/td>\n<\/tr>\n<tr>\n<td CLASS=\"\"><a TARGET=\"_blank\" HREF=\"http:\/\/www.bushido-lubwart.de\/wordpress\/wp-content\/uploads\/2008\/02\/sanbunk.avi\"><img SRC=\"http:\/\/www.bushido-lubwart.de\/wordpress\/wp-content\/uploads\/2008\/02\/sanbunkcols2.gif\" \/> <\/a><\/td>\n<td CLASS=\"\">Heian Sandan Bunkai: <a TARGET=\"_blank\" HREF=\"http:\/\/www.bushido-lubwart.de\/wordpress\/wp-content\/uploads\/2008\/02\/sanbunk.avi\">san-bunk.avi (1,9 MB f\u00fcr 33 Sekunden)<\/a> [1.839 KB]<\/td>\n<\/tr>\n<\/table>\n<p>Dieses Video k\u00f6nnen Sie bei <a HREF=\"http:\/\/www.budoshop-online.de\/\" TARGET=\"_blank\">Budoten<\/a> kaufen. <a HREF=\"http:\/\/www.budo-shop.net\/_cgi-bin\/shop\/shop.pl?f=NR&amp;c=2080583&amp;t=ddetail&amp;pid=blbl\" TARGET=\"_blank\">Klicken Sie hier<\/a>.<\/p>\n<p><strong>Fumi Komi mit oder ohne Mikazuki Geri?<\/strong><\/p>\n<p>Nun ob Fumi Komi oder Mikazuki Geri \/ Fumi Komi sollte doch zun\u00e4chst erst einmal egal sein.<\/p>\n<p>Wenn jemand durch eine Pr\u00fcfung f\u00e4llt, so ist dies m.E. dem Umstand geschuldet, dass es eine ganze Reihe Probleme und M\u00e4ngel gegeben hat.<\/p>\n<p>Es gibt kein &#8222;richtig&#8220; oder &#8222;falsch&#8220; es gibt nur ein &#8222;effektiv&#8220; im Sinne von &#8222;wirkungsvoll&#8220; und eine uneffektive Technik. Allein daran lassen sich die Techniken messen.<\/p>\n<p>Als Pr\u00fcfer bewerte ich eine Technik einzig an diesem Kriterium. Eine korrekte Technik ist immer zugleich auch effektiv. Das beste Karate ist ein einfaches Karate mit sauberen Techniken. Dazu geh\u00f6rt eine korrekte Technik-Ausf\u00fchrung, ein korrekter Stand und nat\u00fcrlich auch ein starker Endpunkt (Kime).<\/p>\n<p>Wichtig ist, dass es in jeder Kata Anspannung und Entspannung gibt. Dies muss ge\u00fcbt werden. Die Muskeln sind nur im Endpunkt der Technik angespannt, in der Bewegung aber entspannt. Ansonsten kann man sich nicht effektiv bewegen. Dies sind aber alles Punkte, die der Trainer \/ Lehrer kennen und unterrichten sollte. Bei zuviel Spannung ist keine effektive \/ starke Technik m\u00f6glich. Das gleiche gilt f\u00fcr zu wenig Spannung.<\/p>\n<p>Je st\u00e4rker die Muskeln im Endpunkt kontrahiert (angespannt) werden k\u00f6nnen, desto st\u00e4rker ist die Technik. Hierzu ist aber Voraussetzung, dass die Muskeln zuvor auch so entspannt \/ locker wie wie m\u00f6glich waren.<\/p>\n<p>Dies ist alles sehr schwer mit Worten zu beschreiben. Beobachte gute, fortgeschrittene Sch\u00fcler, beobachte Deinen Lehrer, um zu verstehen, was ich damit sagen will.<\/p>\n<p>Aber um einmal auf das Thema Effektivit\u00e4t einer Technik zur\u00fcckzukommen: Ein Mikazuki Geri (Kraft zur Seite) gefolgt von einem Fumi Komi (Kraft nach unten) ist schon aus physikalischen Gesichtspunkten v\u00f6llig unm\u00f6glich. Die Kraftvektoren beider Techniken sind v\u00f6llig andere. Deshalb kann eine derartige Technik nicht effektiv sein.<\/p>\n<p>Als Kanazawa noch Bundestrainer war, hat er diese Variante eingef\u00fchrt und sie wurde von vielen \u00fcbernommen. Aktuell orientiert sich der DKV mal wieder an den alten JKA-Standards, wie sie einst von Nakayama aufgestellt wurden. Da gab es nie einen Mikazuki Geri, sondern nur einen Fumi Komi. Die Idee dahinter ist, dem Angriff mit Fumi Komi zuvorzukommen.<\/p>\n<p>Man kann sich sicherlich \u00fcber verschiedene Interpretationen streiten. Aber ich wage zu bezweifeln, dass ein kombinierter Angriff (Mae Geri \/ Oi Zuki) sicher mit einem Bein &#8222;weggestreift&#8220; werden kann, w\u00e4hrend man im Anschluss Fumi Komi ausf\u00fchrt und den folgenden Oi Zuki mit dem Ellbogen abwehrt. F\u00fcr mich pers\u00f6nlich ist einleuchtender, dass man allein durch die K\u00f6rperbewegung (man dreht sich ja schlie\u00dflich bei der Technik um jeweils 180 Grad) den Mae Geri neutralisiert, da dieser hierdurch zwangsl\u00e4ufig ins Leere geht. So kann man sich voll auf die eigentliche Technik, den Fumi Komi konzentrieren und hat dann noch gen\u00fcgend Zeit den Oi Zuki mit dem folgenden Empi Uke abzuwehren.<\/p>\n<p>Unabh\u00e4ngig davon: Ob eine Bewegungen schnell oder langsam ausgef\u00fchrt wird ist f\u00fcr meine Begriffe einerlei. Wenn die dahinter stehende Technik zum Ausdruck kommt, w\u00e4re es f\u00fcr mich okay. Erkenne ich aber keine Technik hinter der Bewegung sondern nur eine Bewegung, dann ist meine Entscheidung klar: Ohne Technik &#8211; kein Karate, ohne Karate &#8211; kein positives Ergebnis.<\/p>\n","protected":false},"excerpt":{"rendered":"<p>Heian Sandan Kata: sandan.avi (1.6 MB f\u00fcr 29 Sekunden) [1.642 KB] Heian Sandan Bunkai: san-bunk.avi (1,9 MB f\u00fcr 33 Sekunden) [1.839 KB] Dieses Video k\u00f6nnen Sie bei Budoten kaufen. Klicken Sie hier. Fumi Komi mit oder ohne Mikazuki Geri? Nun ob Fumi Komi oder Mikazuki Geri \/ Fumi Komi sollte doch zun\u00e4chst erst einmal egal [&hellip;]<\/p>\n","protected":false},"author":2,"featured_media":0,"parent":1077,"menu_order":9,"comment_status":"open","ping_status":"open","template":"","meta":{"ngg_post_thumbnail":0,"footnotes":""},"class_list":["post-1422","page","type-page","status-publish","hentry"],"_links":{"self":[{"href":"http:\/\/www.bushido-lubwart.de\/wordpress\/wp-json\/wp\/v2\/pages\/1422"}],"collection":[{"href":"http:\/\/www.bushido-lubwart.de\/wordpress\/wp-json\/wp\/v2\/pages"}],"about":[{"href":"http:\/\/www.bushido-lubwart.de\/wordpress\/wp-json\/wp\/v2\/types\/page"}],"author":[{"embeddable":true,"href":"http:\/\/www.bushido-lubwart.de\/wordpress\/wp-json\/wp\/v2\/users\/2"}],"replies":[{"embeddable":true,"href":"http:\/\/www.bushido-lubwart.de\/wordpress\/wp-json\/wp\/v2\/comments?post=1422"}],"version-history":[{"count":0,"href":"http:\/\/www.bushido-lubwart.de\/wordpress\/wp-json\/wp\/v2\/pages\/1422\/revisions"}],"up":[{"embeddable":true,"href":"http:\/\/www.bushido-lubwart.de\/wordpress\/wp-json\/wp\/v2\/pages\/1077"}],"wp:attachment":[{"href":"http:\/\/www.bushido-lubwart.de\/wordpress\/wp-json\/wp\/v2\/media?parent=1422"}],"curies":[{"name":"wp","href":"https:\/\/api.w.org\/{rel}","templated":true}]}}