{"id":1407,"date":"2008-02-29T09:04:28","date_gmt":"2008-02-29T08:04:28","guid":{"rendered":"http:\/\/www.bushido-lubwart.de\/wordpress\/?page_id=1407"},"modified":"2008-02-29T09:51:41","modified_gmt":"2008-02-29T08:51:41","slug":"heian-shodan","status":"publish","type":"page","link":"http:\/\/www.bushido-lubwart.de\/wordpress\/karate-and-more\/trainingbereiche\/heian-shodan\/","title":{"rendered":"Heian Shodan"},"content":{"rendered":"<table CLASS=\"\">\n<tr>\n<td CLASS=\"\"><a TARGET=\"_blank\" HREF=\"http:\/\/www.bushido-lubwart.de\/wordpress\/wp-content\/uploads\/2008\/02\/shodan.avi\"><img SRC=\"http:\/\/www.bushido-lubwart.de\/wordpress\/wp-content\/uploads\/2008\/02\/sandancols2.gif\" \/><\/a><\/td>\n<td CLASS=\"\">Heian Shodan Kata: <a TARGET=\"_blank\" HREF=\"http:\/\/www.bushido-lubwart.de\/wordpress\/wp-content\/uploads\/2008\/02\/shodan.avi\">shodan.avi (2.1 MB f\u00fcr 39 Sekunden)<\/a> [2.171 KB]<\/td>\n<\/tr>\n<tr>\n<td CLASS=\"\"><a TARGET=\"_blank\" HREF=\"http:\/\/www.bushido-lubwart.de\/wordpress\/wp-content\/uploads\/2008\/02\/shobunk.avi\"><img SRC=\"http:\/\/www.bushido-lubwart.de\/wordpress\/wp-content\/uploads\/2008\/02\/shobunkcols2.gif\" \/><\/a><\/td>\n<td CLASS=\"\">Heian Shodan Bunkai: <a TARGET=\"_blank\" HREF=\"http:\/\/www.bushido-lubwart.de\/wordpress\/wp-content\/uploads\/2008\/02\/shobunk.avi\">sho-bunk.avi (1,6 MB f\u00fcr 29 Sekunden)<\/a> [1.632 KB]<\/td>\n<\/tr>\n<\/table>\n<p>Dieses Video k\u00f6nnen Sie bei <a HREF=\"http:\/\/www.budoshop-online.de\/\" TARGET=\"_blank\">Budoten<\/a> kaufen. <a HREF=\"http:\/\/www.budo-shop.net\/_cgi-bin\/shop\/shop.pl?f=NR&amp;c=2080583&amp;t=ddetail&amp;pid=blbl\" TARGET=\"_blank\">Klicken Sie hier<\/a>.<\/p>\n","protected":false},"excerpt":{"rendered":"<p>Heian Shodan Kata: shodan.avi (2.1 MB f\u00fcr 39 Sekunden) [2.171 KB] Heian Shodan Bunkai: sho-bunk.avi (1,6 MB f\u00fcr 29 Sekunden) [1.632 KB] Dieses Video k\u00f6nnen Sie bei Budoten kaufen. Klicken Sie hier.<\/p>\n","protected":false},"author":2,"featured_media":0,"parent":1077,"menu_order":7,"comment_status":"open","ping_status":"open","template":"","meta":{"ngg_post_thumbnail":0,"footnotes":""},"class_list":["post-1407","page","type-page","status-publish","hentry"],"_links":{"self":[{"href":"http:\/\/www.bushido-lubwart.de\/wordpress\/wp-json\/wp\/v2\/pages\/1407"}],"collection":[{"href":"http:\/\/www.bushido-lubwart.de\/wordpress\/wp-json\/wp\/v2\/pages"}],"about":[{"href":"http:\/\/www.bushido-lubwart.de\/wordpress\/wp-json\/wp\/v2\/types\/page"}],"author":[{"embeddable":true,"href":"http:\/\/www.bushido-lubwart.de\/wordpress\/wp-json\/wp\/v2\/users\/2"}],"replies":[{"embeddable":true,"href":"http:\/\/www.bushido-lubwart.de\/wordpress\/wp-json\/wp\/v2\/comments?post=1407"}],"version-history":[{"count":0,"href":"http:\/\/www.bushido-lubwart.de\/wordpress\/wp-json\/wp\/v2\/pages\/1407\/revisions"}],"up":[{"embeddable":true,"href":"http:\/\/www.bushido-lubwart.de\/wordpress\/wp-json\/wp\/v2\/pages\/1077"}],"wp:attachment":[{"href":"http:\/\/www.bushido-lubwart.de\/wordpress\/wp-json\/wp\/v2\/media?parent=1407"}],"curies":[{"name":"wp","href":"https:\/\/api.w.org\/{rel}","templated":true}]}}