{"id":1272,"date":"2008-02-27T09:53:06","date_gmt":"2008-02-27T08:53:06","guid":{"rendered":"http:\/\/www.bushido-lubwart.de\/wordpress\/?page_id=1272"},"modified":"2008-02-27T09:53:06","modified_gmt":"2008-02-27T08:53:06","slug":"personenbeforderung","status":"publish","type":"page","link":"http:\/\/www.bushido-lubwart.de\/wordpress\/karate-and-more\/organisation\/personenbeforderung\/","title":{"rendered":"Personenbef\u00f6rderung"},"content":{"rendered":"<p>Ein Personenbef\u00f6rderungsschein ist f\u00fcr Fahrten f\u00fcr Sportvereine nicht erforderlich<\/p>\n<p>Gem\u00e4\u00df \u00a7 48 Personenbef\u00f6rderungsgesetz mussten Fahrer, die &#8222;Ausflugsfahrten und Ferienziel-Reisen&#8220; in Personenkraftwagen und Kleinbussen durchf\u00fchrten, grunds\u00e4tzlich im Besitz einer Fahrerlaubnis zur Fahrgastbef\u00f6rderung, dem sogenannten &#8222;Personenbef\u00f6rderungsschein&#8220;, sein. Hiervon w\u00e4ren grunds\u00e4tzlich auch die Fahrer der in Sportvereinen h\u00e4ufig benutzten Kleinbusse betroffen, mit denen Mannschaften zu Ausw\u00e4rtsspielen fahren oder Lehrg\u00e4nge besucht werden. Bisher waren Fahrer entsprechend der 33. Ausnahmeverordnung zur Stra\u00dfenverkehrs-Zulassungsordnung vom 22.01.1987 befreit, solange sie solche Fahrten nicht gewerbsm\u00e4\u00dfig durchf\u00fchrten. Diese Verordnung war allerdings wiederholt befristet worden, so dass stets die Gefahr bestand, dass sie eines Tages auslaufen k\u00f6nnte.<\/p>\n<p>An dieser Stelle hat es nun eine erfreuliche \u00c4nderung gegeben. Durch die Verordnung zur Umsetzung der Richtlinie 91\/439 EWG des Rates vom 29.07.1991 \u00fcber den F\u00fchrerschein und zur \u00c4nderung stra\u00dfenverkehrsrechtlicher Vorschriften &#8211; Artikel 4 (Bundesgesetzblatt I 1996, S. 887) ist diese Befristung nunmehr endg\u00fcltig aufgehoben worden. Demnach muss k\u00fcnftig nur noch der einen Personenbef\u00f6rderungsschein vorlegen, wer Busse fahren will, die mehr als neun Pl\u00e4tze (einschlie\u00dflich Fahrersitz) haben.<\/p>\n","protected":false},"excerpt":{"rendered":"<p>Ein Personenbef\u00f6rderungsschein ist f\u00fcr Fahrten f\u00fcr Sportvereine nicht erforderlich Gem\u00e4\u00df \u00a7 48 Personenbef\u00f6rderungsgesetz mussten Fahrer, die &#8222;Ausflugsfahrten und Ferienziel-Reisen&#8220; in Personenkraftwagen und Kleinbussen durchf\u00fchrten, grunds\u00e4tzlich im Besitz einer Fahrerlaubnis zur Fahrgastbef\u00f6rderung, dem sogenannten &#8222;Personenbef\u00f6rderungsschein&#8220;, sein. Hiervon w\u00e4ren grunds\u00e4tzlich auch die Fahrer der in Sportvereinen h\u00e4ufig benutzten Kleinbusse betroffen, mit denen Mannschaften zu Ausw\u00e4rtsspielen fahren oder [&hellip;]<\/p>\n","protected":false},"author":2,"featured_media":0,"parent":1270,"menu_order":2,"comment_status":"open","ping_status":"open","template":"","meta":{"ngg_post_thumbnail":0,"footnotes":""},"class_list":["post-1272","page","type-page","status-publish","hentry"],"_links":{"self":[{"href":"http:\/\/www.bushido-lubwart.de\/wordpress\/wp-json\/wp\/v2\/pages\/1272"}],"collection":[{"href":"http:\/\/www.bushido-lubwart.de\/wordpress\/wp-json\/wp\/v2\/pages"}],"about":[{"href":"http:\/\/www.bushido-lubwart.de\/wordpress\/wp-json\/wp\/v2\/types\/page"}],"author":[{"embeddable":true,"href":"http:\/\/www.bushido-lubwart.de\/wordpress\/wp-json\/wp\/v2\/users\/2"}],"replies":[{"embeddable":true,"href":"http:\/\/www.bushido-lubwart.de\/wordpress\/wp-json\/wp\/v2\/comments?post=1272"}],"version-history":[{"count":0,"href":"http:\/\/www.bushido-lubwart.de\/wordpress\/wp-json\/wp\/v2\/pages\/1272\/revisions"}],"up":[{"embeddable":true,"href":"http:\/\/www.bushido-lubwart.de\/wordpress\/wp-json\/wp\/v2\/pages\/1270"}],"wp:attachment":[{"href":"http:\/\/www.bushido-lubwart.de\/wordpress\/wp-json\/wp\/v2\/media?parent=1272"}],"curies":[{"name":"wp","href":"https:\/\/api.w.org\/{rel}","templated":true}]}}