{"id":1252,"date":"2008-02-27T09:12:30","date_gmt":"2008-02-27T08:12:30","guid":{"rendered":"http:\/\/www.bushido-lubwart.de\/wordpress\/?page_id=1252"},"modified":"2008-02-27T09:48:33","modified_gmt":"2008-02-27T08:48:33","slug":"gesundheit","status":"publish","type":"page","link":"http:\/\/www.bushido-lubwart.de\/wordpress\/karate-and-more\/gesundheit\/","title":{"rendered":"Gesundheit"},"content":{"rendered":"<p><strong><a HREF=\"http:\/\/www.bushido-lubwart.de\/wordpress\/?page_id=1253\">Viel Schlaf<\/a><\/strong> Schlaf ist wichtig<\/p>\n<p><strong><a HREF=\"http:\/\/www.bushido-lubwart.de\/wordpress\/?page_id=1254\">Aufw\u00e4rmen<\/a><\/strong> Aufw\u00e4rmen ist wichtig &#8211; aber man muss es auch richtig machen<\/p>\n<p><strong><a HREF=\"http:\/\/www.bushido-lubwart.de\/wordpress\/?page_id=1255\">Haltung<\/a><\/strong> Wenn der R\u00fccken schmerzt<\/p>\n<p><strong><a HREF=\"http:\/\/www.bushido-lubwart.de\/wordpress\/?page_id=1256\">Gesund \u00fcben<\/a><\/strong> Ein kleines \u00dcbungsprogramm f\u00fcr den Bewegungsapparat<\/p>\n<p><strong><a HREF=\"http:\/\/www.bushido-lubwart.de\/wordpress\/?page_id=1257\">Bauchmuskeltraining<\/a><\/strong> Funktionsgymnastik &#8211; Kr\u00e4ftigen<\/p>\n<p><strong><a HREF=\"http:\/\/www.bushido-lubwart.de\/wordpress\/?page_id=1258\">Muskelkater<\/a><\/strong> Hintergr\u00fcnde und Entstehung<\/p>\n<p><strong><a HREF=\"http:\/\/www.bushido-lubwart.de\/wordpress\/?page_id=1259\">Erste Hilfe<\/a><\/strong> Was tun &#8211; wenn&#8217;s mal ernst wird?<\/p>\n<p><strong><a HREF=\"http:\/\/www.bushido-lubwart.de\/wordpress\/?page_id=1260\">Ern\u00e4hrung<\/a><\/strong>\u00a0Wieviel Wasser braucht der Mensch?<\/p>\n<blockquote><p><strong><a HREF=\"http:\/\/www.bushido-lubwart.de\/wordpress\/?page_id=1261\">Ern\u00e4hrung und Leistungsf\u00e4higkeit<\/a><\/strong> Gerade f\u00fcr Sportler ist eine gesunde Ern\u00e4hrung von gro\u00dfer Bedeutung<\/p>\n<p><strong><a HREF=\"http:\/\/www.bushido-lubwart.de\/wordpress\/?page_id=1262\">Fl\u00fcssigkeitshaushalt<\/a><\/strong> Viele Hobbysportler trinken falsch<\/p><\/blockquote>\n<p><strong><a HREF=\"http:\/\/www.bushido-lubwart.de\/wordpress\/?page_id=1263\">Massagen<\/a><\/strong> Wohtuend und entspannend<\/p>\n<blockquote><p><strong><a HREF=\"http:\/\/www.bushido-lubwart.de\/wordpress\/?page_id=1264\">Massagen im Sport<\/a> <\/strong>Wohltuend und Gesundheitsf\u00f6rdernd<\/p><\/blockquote>\n<p><strong><a HREF=\"http:\/\/www.bushido-lubwart.de\/wordpress\/?page_id=1265\">Shiatsu<\/a><\/strong> &#8211; Die Geschichte Die japanische Kunst der Heilmassage<\/p>\n<blockquote><p><strong><a HREF=\"http:\/\/www.bushido-lubwart.de\/wordpress\/?page_id=1266\">Shiatsu &#8211; Die Technik<\/a><\/strong> Die Technik der Heilmassage<\/p>\n<p><strong><a HREF=\"http:\/\/www.bushido-lubwart.de\/wordpress\/?page_id=1267\">Shiatsu gegen Schlaflosigkeit<\/a> <\/strong>Diese Selbstbehandlung kann helfen<\/p>\n<p><strong><a HREF=\"http:\/\/www.bushido-lubwart.de\/wordpress\/?page_id=1267\">Shiatsu gegen Verspannungen<\/a><\/strong> Hilfe bei Verspannungen der Hals- und Schultermuskulatur<\/p>\n<p><strong><a HREF=\"http:\/\/www.bushido-lubwart.de\/wordpress\/?page_id=1269\">Shiatsu gegen Kopfschmerzen<\/a><\/strong> Mit Shiatsu kann man Kopfschmerzen lindern<\/p><\/blockquote>\n","protected":false},"excerpt":{"rendered":"<p>Viel Schlaf Schlaf ist wichtig Aufw\u00e4rmen Aufw\u00e4rmen ist wichtig &#8211; aber man muss es auch richtig machen Haltung Wenn der R\u00fccken schmerzt Gesund \u00fcben Ein kleines \u00dcbungsprogramm f\u00fcr den Bewegungsapparat Bauchmuskeltraining Funktionsgymnastik &#8211; Kr\u00e4ftigen Muskelkater Hintergr\u00fcnde und Entstehung Erste Hilfe Was tun &#8211; wenn&#8217;s mal ernst wird? Ern\u00e4hrung\u00a0Wieviel Wasser braucht der Mensch? Ern\u00e4hrung und Leistungsf\u00e4higkeit [&hellip;]<\/p>\n","protected":false},"author":2,"featured_media":0,"parent":1056,"menu_order":7,"comment_status":"open","ping_status":"open","template":"","meta":{"ngg_post_thumbnail":0,"footnotes":""},"class_list":["post-1252","page","type-page","status-publish","hentry"],"_links":{"self":[{"href":"http:\/\/www.bushido-lubwart.de\/wordpress\/wp-json\/wp\/v2\/pages\/1252"}],"collection":[{"href":"http:\/\/www.bushido-lubwart.de\/wordpress\/wp-json\/wp\/v2\/pages"}],"about":[{"href":"http:\/\/www.bushido-lubwart.de\/wordpress\/wp-json\/wp\/v2\/types\/page"}],"author":[{"embeddable":true,"href":"http:\/\/www.bushido-lubwart.de\/wordpress\/wp-json\/wp\/v2\/users\/2"}],"replies":[{"embeddable":true,"href":"http:\/\/www.bushido-lubwart.de\/wordpress\/wp-json\/wp\/v2\/comments?post=1252"}],"version-history":[{"count":0,"href":"http:\/\/www.bushido-lubwart.de\/wordpress\/wp-json\/wp\/v2\/pages\/1252\/revisions"}],"up":[{"embeddable":true,"href":"http:\/\/www.bushido-lubwart.de\/wordpress\/wp-json\/wp\/v2\/pages\/1056"}],"wp:attachment":[{"href":"http:\/\/www.bushido-lubwart.de\/wordpress\/wp-json\/wp\/v2\/media?parent=1252"}],"curies":[{"name":"wp","href":"https:\/\/api.w.org\/{rel}","templated":true}]}}