{"id":1250,"date":"2008-02-26T13:12:27","date_gmt":"2008-02-26T12:12:27","guid":{"rendered":"http:\/\/www.bushido-lubwart.de\/wordpress\/?page_id=1250"},"modified":"2008-03-06T07:10:30","modified_gmt":"2008-03-06T06:10:31","slug":"anhang-fachbegriffe","status":"publish","type":"page","link":"http:\/\/www.bushido-lubwart.de\/wordpress\/karate-and-more\/prufungen\/prufungsordnung-djkb\/anhang-fachbegriffe\/","title":{"rendered":"Anhang: Fachbegriffe"},"content":{"rendered":"<p><strong>Zur Aussprache<\/strong><\/p>\n<p>Der Aussprache liegt die englische Schreibweise zugrunde. Im Japanischen werden die Silben durchweg gleich stark betont. Es hei\u00dft also weder Karat\u00e9 noch K\u00e0r\u00e0t\u00e8.<\/p>\n<p>e: etwas nach \u00e4 hin aussprechen<br \/>\nz: wie s in Sockel<br \/>\nch: wie tsch<br \/>\nj: wie dsch in Germany<br \/>\ns: wie ss in Masse<br \/>\ny: wie j<br \/>\nr: Zungen-rwie im Romanischen oder Slawischen<br \/>\nsh: wie sch<br \/>\nIn manchen Silben wird das u kaum betont oder ganz verschluckt- z.B. Oi-Zuki = o-iz&#8217;ki.<br \/>\nae, ei, ue usw. werden nicht verschmolzen, sondern getrennt gesprochen: Mae-Geri = ma-e-geri.<\/p>\n<p><strong>Aufbau des Karate-Trainings<\/strong><\/p>\n<p>Kihon = Grundschule<br \/>\nKumite = Partner\u00fcbung<br \/>\nKata = Form<\/p>\n<p><strong>Kommandos<\/strong><\/p>\n<p>Chudan-Kamae = Entspricht der Kampfstellung. Der vordere Arm deckt den Au\u00dfenbereich des K\u00f6rpers, bereit Kizami-Zuki zu sto\u00dfen. Der hintere Arm deckt den Bauch, bereit Gyaku-Zuki zu sto\u00dfen.<br \/>\nGedan-Kamae = Links vorr\u00fccken mit Gedan-Barai in Zenkutsu-Dachi<br \/>\nHajime! = Anfangen, los!<br \/>\nKamaete! = eine K\u00f6rperhaltung einnehmen<br \/>\nMawatte! = Kehrt, Wendung!<br \/>\nMokuso = Meditation!<br \/>\nMokuso Yame! = Meditation Ende!<br \/>\nRei! = Gru\u00df, Verbeugung!<br \/>\nSeiza! = Abknien in Kniesitz!<br \/>\nSensei ni = zum Lehrer<br \/>\nSensei ni Rei! = Nach vorne verbeugen und den\/die Lehrer\/in gr\u00fc\u00dfen!<br \/>\nShomen ni = zur Vorderseite<br \/>\nShomen ni Rei! = Nach vorne verbeugen!<br \/>\nYame! = Stop!<br \/>\nYoi! = Achtung!<\/p>\n<p><strong>Angriffsstufen<\/strong><\/p>\n<p>Gedan = Untere Stufe (bis zum G\u00fcrtel)<br \/>\nChudan = Mittlere Stufe (G\u00fcrtel bis Hals)<br \/>\nJodan = Obere Stufe (Kopf)<\/p>\n<p><strong>Stellungen<\/strong><\/p>\n<p>Gyaku-Hanmi = Umgekehrte Schr\u00e4gstellung in Zk, der Oberk\u00f6rper ist um 45 Grad eingedreht (z.B. linker Fu\u00df vorne, rechte H\u00fcfte nach vorne eingedreht)<br \/>\nHachiji-Dachi = Stellung mit ge\u00f6ffneten F\u00fc\u00dfen, Fersen schulterbreit<br \/>\nHangetsu-Dachi = Halbmondstellung Hanmi = Schr\u00e4gstellung in Zk, der Oberk\u00f6rper ist um 45 Grad abgedreht<br \/>\nHeiko-Dachi = Parallelstellung der F\u00fc\u00dfe, Fersen schulterbreit<br \/>\nHeisoku-Dachi = Geschlossene Fu\u00dfstellung<br \/>\nKamae = Kampfstellung<br \/>\nKiba-Dachi = Spreizstellung, Gr\u00e4tschstellung (Reiterstellung)<br \/>\nKokutsu-Dachi = R\u00fcckw\u00e4rtsstellung (Verteidigungsstellung)<br \/>\nKosa-Dachi = Hinterkreuzstellung<br \/>\nMusubi-Dachi = Formlose Bereitschaftsstellung, F\u00fc\u00dfe bei geschlossenen Fersen 45 Grad ge\u00f6ffnet<br \/>\nNeko-Ashi-Dachi = Katzenstellung<br \/>\nRenoji-Dachi = L-Stellung<br \/>\nRyo-Yoko-Gedan-Barai-Kamae = Beidseitige Gedan-Barai-Stellung<br \/>\nSanchin-Dachi = Sanduhrstellung<br \/>\nShizentai = Normalstellung (nat\u00fcrliche K\u00f6rperhaltung mit schulterbreiten F\u00fc\u00dfen)<br \/>\nShuto-Kamae = Stellung: Kokutsu-Dachi mit Handkantenabwehr<br \/>\nSochin-(Fudo)Dachi = Kraftstellung<br \/>\nSoto-Hachiji-Dachi = Stellung mit ge\u00f6ffneten, ausw\u00e4rts gerichteten F\u00fc\u00dfen, Fersen schulterbreit<br \/>\nZenkutsu-Dachi = Vorw\u00e4rtsstellung (Schrittstellung)<\/p>\n<p><strong>Richtungen<\/strong><\/p>\n<p>Hidari= nach links<br \/>\nMae = nach vorn<br \/>\nMigi = nach rechts<br \/>\nUshiro = nach hinten<br \/>\nYoko = zur Seite<\/p>\n<p><strong>Techniken<\/strong><\/p>\n<p>Age-Uke = Aufw\u00e4rtsabwehr obere Stufe (Jodan)<br \/>\nAshi-Barai = Fu\u00dffeger<br \/>\nChoku-Zuki = Gerader Fauststo\u00df<br \/>\naus Heiko-Dachi Empi-Uchi = Ellbogensto\u00df<br \/>\nFumikomi = Stampftritt<br \/>\nGedan-Barai = Abwehr untere Stufe (Gedan)<br \/>\nGyaku-Zuki = Gegenseitensto\u00df (z.B. Sto\u00df mit der rechten Faust, wenn der linke Fu\u00df vorne steht)<br \/>\nHaishu-Uke = Handr\u00fcckenblock<br \/>\nHaito-Uchi = Schlag mit der Innenkante der Hand<br \/>\nHiza-Geri = Kniesto\u00df<br \/>\nKizami-Mae-Geri = Fu\u00dftritt mit dem vorderen Bein zum Kopf<br \/>\nKagi-Zuki = Hakensto\u00df<br \/>\nKeage = Bei Fu\u00dftechniken: Schnapptritt, zur\u00fcckfedernder Tritt<br \/>\nKekomi = Bei Fu\u00dftechniken: gerader, gestreckter Tritt mit starkem H\u00fcfteinsatz<br \/>\nKiri-Gaeshi = Fu\u00dfwechsel auf der Stelle im Sprung (z.B. bei Kata Kanku-Sho) oder mit Schrittwechsel (z.B. bei Kata Enpi)<br \/>\nKizami-Geri = Fu\u00dftritt mit dem vorderen Bein<br \/>\nKizami-Zuki = Prellsto\u00df mit abgedrehter H\u00fcfte<br \/>\nMae-Geri = Fu\u00dftritt nach vorne<br \/>\nMawashi = im Kreis<br \/>\nMawashi-Geri = Rundbogentritt (Halbkreisfu\u00dftritt)<br \/>\nMorote-Uke = Gleichzeitig mit beiden Armen abwehren<br \/>\nNagashi-Uke = &#8222;Flie\u00dfender&#8220; Abwehrblock (Armfege-Abwehr)<br \/>\nNukite = Speerhandsto\u00df (mit den Fingerspitzen)<br \/>\nOi-Zuki = Gleichseitiger Fauststo\u00df im Vorw\u00e4rtsgehen (z.B. Sto\u00df mit der rechten Faust, wenn der rechte Fu\u00df vorne steht)<br \/>\nOsae-Uke = (Te-Osae-Uke) Pre\u00dfblock<br \/>\nRengeri = Mehrfachfu\u00dftritt mit\/oder ohne Zwischenschritt<br \/>\nRenzuki = Mehrfachfauststo\u00df<br \/>\nSanbon-Zuki = Dreimaliger Fauststo\u00df: entweder einmal Jodan\/ zweimal Chudan oder dreimal Chudan<br \/>\nShuto-Uchi = Handkantenschlag<br \/>\nShuto-Uke = Handkantenabwehr in Kk<br \/>\nSonoba-Geri = Stand\u00fcbung f\u00fcr Tritttechniken<br \/>\nSoto = au\u00dfen<br \/>\nSoto-(Ude)-Uke = Abwehr mittlere Stufe von au\u00dfen nach innen<br \/>\nSukui-Uke = Schaufelabwehr<br \/>\nSuri-Ashi = Gleitschritt nach vorne oder hinten bei dem zun\u00e4chst ein Bein zum anderen herangezogen wird, bis der Fu\u00df unmittelbar vor dem anderen Fu\u00df aufsetzt<br \/>\nTate = senkrecht<br \/>\nTate-Uraken = Faustr\u00fcckenschlag von oben<br \/>\nTeisho-Uke = Handballenabwehr<br \/>\nTeisho-Zuki = Handballensto\u00df<br \/>\nTettsui-Uchi = Hammerfaustschlag<br \/>\nUchi = Schlagtechnik<br \/>\nUchi-(Ude)-Uke = Abwehr mittlere Stufe von innen nach au\u00dfen<br \/>\nUra-Mawashi-Geri = Halbkreisfu\u00dftritt von au\u00dfen nach innen mit dem vorderen oder hinteren Bein ohne K\u00f6rperdrehung<br \/>\nUshiro-Geri = Fu\u00dfsto\u00df nach hinten<br \/>\nUshiro-Mawashi-Geri = Halbkreisfu\u00dftritt r\u00fcckw\u00e4rts mit ganzer K\u00f6rperdrehung<br \/>\nYoko-Geri = Fu\u00dftritt zur Seite<br \/>\nYoko-Uraken-Uchi = Faustr\u00fcckenschlag von der Seite<br \/>\nYori-Ashi = Gleitschritt mit beiden F\u00fc\u00dfen gleichzeitig nach vorne oder hinten bzw. zur Seite<br \/>\nZuki = Faustschlag, Fauststo\u00df<\/p>\n<p><strong>Trainings- und Kampfformen<\/strong><\/p>\n<p>Gohon-Kumite = F\u00fcnfmaliger Angriff, f\u00fcnfmalige Abwehr. Nach der f\u00fcnften Abwehr Gegenangriff<br \/>\nHappo-Kumite = Training f\u00fcr Schritt und K\u00f6rperbewegungen sowie Schulung auf instinktive Reaktion. Eine gr\u00f6\u00dfere Zahl von Angreifern bildet einen Kreis. Der Abwehrende steht in der Mitte. Die Angreifer sagen jeden Angriff an; die Zeit zwischen Abwehr\/Gegenangriff und dem n\u00e4chsten Angriff soll m\u00f6glichst kurz bemessen sein.<br \/>\nJiyu-Ippon-Kumite = Beide Seiten stehen sich in freier Kampfstellung gegen\u00fcber.<br \/>\nDer Angreifer sucht den f\u00fcr seine Technik g\u00fcnstigsten Abstand und f\u00fchrt sofort die angesagte Technik aus. Er tr\u00e4gt dabei seinen Angriff mit gr\u00f6\u00dftem Einsatz vor, ohne Gedanken an die n\u00e4chste, ihn erwartende Aktion des Verteidigers. Der Abwehrende darf nicht versuchen, den Abstand zu vergr\u00f6\u00dfern, um sich dem Angriff zu entziehen, sondern er soll in m\u00f6glichst kurzer Distanz den Angriff blocken bzw. ausweichen und dann eine kr\u00e4ftige Kontertechnik ausf\u00fchren.<br \/>\nJiyu-Kumite = Freier Kampf<br \/>\nKihon-Ippon-Kumite = Einmaliger Angriff aus grundschulm\u00e4\u00dfiger Stellung (bei Zuki = Gedan-Kamae, bei Geri = Chudan-Kamae), Abwehr aus Shizentai und Gegenangriff<br \/>\nKaeshi-Ippon-Kumite = Angreifer und Verteidiger stehen sich in Shizentai gegen\u00fcber.<br \/>\nDer Angreifer sagt lediglich die Stufe an (bei Trittechniken auch die Technik selbst) und greift dann wahlweise links oder rechts aus Gedan- bzw. Chudan-Kamae an. Der Verteidiger geht in eine geeignete Stellung zur\u00fcck (wie in Kihon-Ippon-Kumite) und blockt. Danach greift er selbst mit einem Vorw\u00e4rtsschritt an, wobei er die gleiche Technik einsetzt, mit der er angegriffen wurde. Der nun zum Verteidiger gewordene erste Angreifer geht zur\u00fcck oder zur Seite, blockt, kontert und nimmt Kamae (Freikampfhaltung) ein. Der Angreifer soll sich zun\u00e4chst ganz auf seine Angriffstechnik konzentrieren, danach blitzschnell dem Gegenangriff ausweichen, blocken und kraftvoll kontern.<br \/>\nKata = Form (Vorf\u00fchrungsform in der Art eines Schattenkampfes, die alle<br \/>\nGrundtechniken in festgelegten Kombinationen enth\u00e4lt)<br \/>\nKihon = Grundschule<br \/>\nKumite = Partner\u00fcbung (Kampfschule)<br \/>\nOkuri-Jiyu-Ippon-Kumite = Angreifer und Verteidiger bewegen sich frei in<br \/>\nKampfhaltung. Der Angreifer sagt die Angriffsstufe und den Angriff an und greift dann im richtigen Augenblick an. Der Verteidiger blockt und kontert diesen Angriff. Sobald der Verteidiger den Gegenangriff beendet hat (Verteidiger hat Kampfhaltung eingenommen), greift der Angreifer erneut an, dieses Mal jedoch ohne anzusagen. Dabei ber\u00fccksichtigt er beim Angriff die Richtung und den Abstand zur Stellung des Verteidigers. Der Verteidiger blockt, kontert erneut und nimmt wieder eine Freikampfhaltung ein.<br \/>\nBeispiel f\u00fcr Okuri-Jiyu-Ippon-Kumite: Der Angreifer greift nach Ansagen mit<br \/>\nOi-Zuki-Chudan an. Der Verteidiger blockt mit Soto-Uke-Chudan und kontert mit Chudan Gyaku-Zuki\/Freikampfhaltung. Nun greift der Angreifer ohne Ansagen z.B. mit Mawashi-geri-Jodan an. Der Verteidiger blockt mit Uchi-Uke-Jodan und kontert mit Gyaku-Zuki- Chudan\/ Freikampfhaltung.<br \/>\nSanbon-Kumite = Dreimaliger Angriff, dreimalige Abwehr. Nach der dritten Abwehr Gegenangriff<br \/>\nShiai = Turnier<\/p>\n<p><strong>Erl\u00e4uterung sonstiger Begriffe<\/strong><\/p>\n<p>Budo = Kampfk\u00fcnste<br \/>\nBunkai = Demonstration der Bedeutung von Kata-Bewegungen mit einem oder<br \/>\nmehreren Partner\/n<br \/>\nDan = Meistergrad<br \/>\nDeai = Einem Angriff zuvorkommen mit eigenem Angriff<br \/>\nDojo = \u00dcbungsraum, Club\/Verein,<br \/>\nDo = Weg<br \/>\nHara, Tanden = Bauch, Schwerzentrum<br \/>\nHiki-Te = Zur\u00fcckziehen der Faust an die H\u00fcfte<br \/>\nJKA = Japan-Karate-Association<br \/>\nKarate = Weg der &#8222;leeren&#8220; Hand, Karate-Do<br \/>\nKara = leer, hohl,<br \/>\nTe = Hand,<br \/>\nDo = Weg (&#8222;leer&#8220; bzw. &#8222;hohl&#8220; hat hier die philosophische Bedeutung im Sinne von &#8222;sich von allen Gedanken freimachen, den Geist kl\u00e4ren&#8220;, das hei\u00dft, &#8222;das Ich zu befreien und es mit der Leere des Universums zu verschmelzen&#8220;), Auf Okinawa lautete die urspr\u00fcngliche Bezeichnung der aus China eingef\u00fchrten Kampfsysteme To-De (&#8222;aus China kommende Techniken&#8220;), japanisch Kara-Te. Diese Kampfsysteme wurden sp\u00e4ter auch Okinawa-Te genannt. Meister Gichin Funakoshi (1868-1957) \u00e4nderte das urspr\u00fcngliche chinesische Schriftzeichen, das man als To (&#8222;symbolisch f\u00fcr alles von China Kommende&#8220;) oder japanisch Kara liest und ersetzte es durch ein neues Zeichen, das man ku (ausgesprochen wie &#8222;kuh&#8220;) = Himmel, oder auch kara (aber mit der philosophischen Bedeutung von &#8222;leer&#8220;) liest.<br \/>\nKarategi = Karate-Bekleidung<br \/>\nKarateka = Karatetreibende\/r<br \/>\nKi = innere Energie<br \/>\nKiai = H\u00f6chster Krafteinsatz in Verbindung mit h\u00f6rbarem Ausatmen und Kampfschrei<br \/>\nKime = Kime ist das wesentliche Prinzip jeder Karatetechnik. Kime bedeutet die explosionsartige Ausf\u00fchrung einer Technik mit maximaler Kraft in der k\u00fcrzesten Zeit, die m\u00f6glich ist. Ziel ist, alle Energie, die der K\u00f6rper aufbringen kann, auf einen Punkt zu konzentrieren und schockartig freizusetzen. Kime wird bei Schl\u00e4gen, St\u00f6\u00dfen und Tritten, aber auch bei Abwehren eingesetzt.<br \/>\nKime-Waza = Gegenangriffe\/Kontertechniken als &#8222;entscheidende Technik&#8220; (dabei soll das ausgew\u00e4hlte Ziel blitzschnell mit maximalem Krafteinsatz angegriffen werden)<br \/>\nKogeki = Angriff<br \/>\nKyu = Sch\u00fclergrad<br \/>\nMaai = Korrekte Distanz<br \/>\nSabaki = Ausweichen, oft mit &#8222;K\u00f6rperrotation&#8220;<br \/>\nSentei-Kata = vom Pr\u00fcfling oder Wettkampfteilnehmer aus einer vorgegebenen Katagruppe auszuw\u00e4hlende Kata (z.B. Heian 1-5, Tekki 1, Bassai-Dai, Kanku-Dai, Jion, Enpi, Hangetsu)<br \/>\nShitei-Kata = Pflichtkata<br \/>\nSun-Dome = Sun-Dome bedeutet das Abstoppen einer Technik kurz vor dem Ziel<br \/>\nTai-Sabaki = Ausweichen und Kontern<br \/>\nTokui-Kata = Freie Kata<br \/>\nUke = Abwehr<br \/>\nZanshin = Kontrollierte Endstellung nach einer Technik<\/p>\n<table CLASS=\"\">\n<tr>\n<td CLASS=\"\">\n<a href=\"http:\/\/www.bushido-lubwart.de\/wordpress\/?page_id=1249\">3. Dan<\/a>\n<\/td>\n<td CLASS=\"\">\n<a href=\"http:\/\/www.bushido-lubwart.de\/wordpress\/?page_id=1231\">DJKB-Pr\u00fcfungsordnung<\/a>\n<\/td>\n<td CLASS=\"\">\n<a href=\"http:\/\/www.bushido-lubwart.de\/wordpress\/?page_id=1232\">Hinweise<\/a>\n<\/td>\n<\/tr>\n<\/table>\n","protected":false},"excerpt":{"rendered":"<p>Zur Aussprache Der Aussprache liegt die englische Schreibweise zugrunde. Im Japanischen werden die Silben durchweg gleich stark betont. Es hei\u00dft also weder Karat\u00e9 noch K\u00e0r\u00e0t\u00e8. e: etwas nach \u00e4 hin aussprechen z: wie s in Sockel ch: wie tsch j: wie dsch in Germany s: wie ss in Masse y: wie j r: Zungen-rwie im [&hellip;]<\/p>\n","protected":false},"author":2,"featured_media":0,"parent":1231,"menu_order":19,"comment_status":"open","ping_status":"open","template":"","meta":{"ngg_post_thumbnail":0,"footnotes":""},"class_list":["post-1250","page","type-page","status-publish","hentry"],"_links":{"self":[{"href":"http:\/\/www.bushido-lubwart.de\/wordpress\/wp-json\/wp\/v2\/pages\/1250"}],"collection":[{"href":"http:\/\/www.bushido-lubwart.de\/wordpress\/wp-json\/wp\/v2\/pages"}],"about":[{"href":"http:\/\/www.bushido-lubwart.de\/wordpress\/wp-json\/wp\/v2\/types\/page"}],"author":[{"embeddable":true,"href":"http:\/\/www.bushido-lubwart.de\/wordpress\/wp-json\/wp\/v2\/users\/2"}],"replies":[{"embeddable":true,"href":"http:\/\/www.bushido-lubwart.de\/wordpress\/wp-json\/wp\/v2\/comments?post=1250"}],"version-history":[{"count":0,"href":"http:\/\/www.bushido-lubwart.de\/wordpress\/wp-json\/wp\/v2\/pages\/1250\/revisions"}],"up":[{"embeddable":true,"href":"http:\/\/www.bushido-lubwart.de\/wordpress\/wp-json\/wp\/v2\/pages\/1231"}],"wp:attachment":[{"href":"http:\/\/www.bushido-lubwart.de\/wordpress\/wp-json\/wp\/v2\/media?parent=1250"}],"curies":[{"name":"wp","href":"https:\/\/api.w.org\/{rel}","templated":true}]}}