{"id":1245,"date":"2008-02-26T13:07:24","date_gmt":"2008-02-26T12:07:24","guid":{"rendered":"http:\/\/www.bushido-lubwart.de\/wordpress\/?page_id=1245"},"modified":"2008-03-06T07:06:27","modified_gmt":"2008-03-06T06:06:27","slug":"2-kyu","status":"publish","type":"page","link":"http:\/\/www.bushido-lubwart.de\/wordpress\/karate-and-more\/prufungen\/prufungsordnung-djkb\/2-kyu\/","title":{"rendered":"2. Kyu"},"content":{"rendered":"<p><strong>Kihon<\/strong><\/p>\n<p>(Kihon-Techniken sind je 3 x auszuf\u00fchren!)<\/p>\n<p>1.Aus Gedan-Kamae links, vorw\u00e4rts in Zk mit Oi-Zuki,<\/p>\n<p>Wendung mit Gedan-Barai in Zk,<\/p>\n<p>2.vorw\u00e4rts in Zk mit Sanbon-Zuki (Jodan\/Chudan\/Chudan),<\/p>\n<p>3.r\u00fcckw\u00e4rts in Zk mit Age-Uke\/ Gyaku-Zuki,<\/p>\n<p>4.vorw\u00e4rts in Zk mit Soto-Uke\/ in Kb mit Yoko-Empi-Uchi \/ Tate-Uraken,<\/p>\n<p>5.r\u00fcckw\u00e4rts in Zk mit Uchi-Uke\/ Kizami-Mae-Geri\/ Kizami-Zuki\/ Gyaku-Zuki,<\/p>\n<p>6.Aus Chudan-Kamae, vorw\u00e4rts in Zk mit Mae-Geri,<\/p>\n<p>Wendung mit Gedan-Barai in Zk<\/p>\n<p>7.Aus Chudan-Kamae, vorw\u00e4rts in Zk mit Mawashi-Geri,<\/p>\n<p>Wendung mit Gedan-Barai in Zk<\/p>\n<p>8.Aus Chudan-Kamae, vorw\u00e4rts in Zk mit Ren-Geri (Chudan-Mae-Geri\/Zwischenschritt\/ Mawashi-Geri),<\/p>\n<p>Wendung mit Gedan-Barai in Zk<\/p>\n<p>9.Aus Chudan-Kamae, vorw\u00e4rts in Zk mit Ushiro-Geri,<\/p>\n<p>Wendung mit Gedan-Barai in Kb<\/p>\n<p>10.Aus Chudan-Kamae, vorw\u00e4rts in Kb mit Yoko-Geri-Keage,<\/p>\n<p>Wendung mit Gedan-Barai in Kb<\/p>\n<p>11.Aus Chudan-Kamae, vorw\u00e4rts in Kb mit Yoko-Geri-Kekomi,<\/p>\n<p>12.Sonoba-Geri: Aus Zk und Chudan-Kamae:<br \/>\n(Stand\u00fcbung links und rechts)<br \/>\nMae-Geri nach vorne\/ mit gleichem Bein Yoko-Geri-Keage zur Seite, nach hinten absetzen in Kamae<\/p>\n<p><strong>Kumite<\/strong><\/p>\n<p>Jiyu Ippon Kumite<\/p>\n<p>Angriff (Kogeki):<\/p>\n<p>aus Chudan-Kamae frei abwechselnd links oder rechts:<\/p>\n<p>a.aus CHUDAN-KAMAE:<br \/>\nb.aus CHUDAN-KAMAE:<br \/>\nc.aus CHUDAN-KAMAE:<br \/>\nd.aus CHUDAN-KAMAE:<br \/>\ne.aus CHUDAN-KAMAE:<br \/>\nJodan-Oi-Zuki<br \/>\nChudan Oi-Zuki<br \/>\nChudan-Mae-Geri<br \/>\nChudan-Yoko-Geri-kekomi<br \/>\nChudan-Ushiro-Geri<\/p>\n<p>Abwehr (Uke):<\/p>\n<p>a)-e) aus CHUDAN-KAMAE: Uke frei, mit zu Maai passender Kime-Waza-Technik nach dem Kime-Waza wieder Kamae mit Zanshin.<\/p>\n<p>Beide Seiten stehen sich in freier Kampfstellung gegen\u00fcber. Der Angreifer sucht den f\u00fcr seine Technik g\u00fcnstigsten Abstand und f\u00fchrt sofort die angesagte Technik aus. Er tr\u00e4gt dabei seinen Angriff mit gr\u00f6\u00dftem Einsatz vor, ohne Gedanken an die n\u00e4chste, ihn erwartende Aktion des Verteidigers. Der Abwehrende darf nicht versuchen, den Abstand zu vergr\u00f6\u00dfern, um sich dem Angriff zu entziehen, sondern er soll in m\u00f6glichst kurzer Distanz den Angriff blocken bzw. ausweichen und dann eine kr\u00e4ftige Kontertechnik ausf\u00fchren.<\/p>\n<p><strong>Kata<\/strong><\/p>\n<p>eine Auswahl aus Sentei Kata (Bassai Dai, Kanku Dai, Jion, Enpi, Hangetsu)<\/p>\n<p><strong>Theoretische Kenntnisse f\u00fcr den 2. Kyu<\/strong><\/p>\n<p>Was bedeuten die Begriffe: Maai, Deai, Jiyu-Ippon-Kumite, Ren-Geri, Kizami-Geri?<\/p>\n<table CLASS=\"\">\n<tr>\n<td CLASS=\"\">\n<a href=\"http:\/\/www.bushido-lubwart.de\/wordpress\/?page_id=1244\">3. Kyu<\/a>\n<\/td>\n<td CLASS=\"\">\n<a href=\"http:\/\/www.bushido-lubwart.de\/wordpress\/?page_id=1231\">DJKB-Pr\u00fcfungsordnung<\/a>\n<\/td>\n<td CLASS=\"\">\n<a href=\"http:\/\/www.bushido-lubwart.de\/wordpress\/?page_id=1246\">1. Kyu<\/a>\n<\/td>\n<\/tr>\n<\/table>\n","protected":false},"excerpt":{"rendered":"<p>Kihon (Kihon-Techniken sind je 3 x auszuf\u00fchren!) 1.Aus Gedan-Kamae links, vorw\u00e4rts in Zk mit Oi-Zuki, Wendung mit Gedan-Barai in Zk, 2.vorw\u00e4rts in Zk mit Sanbon-Zuki (Jodan\/Chudan\/Chudan), 3.r\u00fcckw\u00e4rts in Zk mit Age-Uke\/ Gyaku-Zuki, 4.vorw\u00e4rts in Zk mit Soto-Uke\/ in Kb mit Yoko-Empi-Uchi \/ Tate-Uraken, 5.r\u00fcckw\u00e4rts in Zk mit Uchi-Uke\/ Kizami-Mae-Geri\/ Kizami-Zuki\/ Gyaku-Zuki, 6.Aus Chudan-Kamae, vorw\u00e4rts in [&hellip;]<\/p>\n","protected":false},"author":2,"featured_media":0,"parent":1231,"menu_order":14,"comment_status":"open","ping_status":"open","template":"","meta":{"ngg_post_thumbnail":0,"footnotes":""},"class_list":["post-1245","page","type-page","status-publish","hentry"],"_links":{"self":[{"href":"http:\/\/www.bushido-lubwart.de\/wordpress\/wp-json\/wp\/v2\/pages\/1245"}],"collection":[{"href":"http:\/\/www.bushido-lubwart.de\/wordpress\/wp-json\/wp\/v2\/pages"}],"about":[{"href":"http:\/\/www.bushido-lubwart.de\/wordpress\/wp-json\/wp\/v2\/types\/page"}],"author":[{"embeddable":true,"href":"http:\/\/www.bushido-lubwart.de\/wordpress\/wp-json\/wp\/v2\/users\/2"}],"replies":[{"embeddable":true,"href":"http:\/\/www.bushido-lubwart.de\/wordpress\/wp-json\/wp\/v2\/comments?post=1245"}],"version-history":[{"count":0,"href":"http:\/\/www.bushido-lubwart.de\/wordpress\/wp-json\/wp\/v2\/pages\/1245\/revisions"}],"up":[{"embeddable":true,"href":"http:\/\/www.bushido-lubwart.de\/wordpress\/wp-json\/wp\/v2\/pages\/1231"}],"wp:attachment":[{"href":"http:\/\/www.bushido-lubwart.de\/wordpress\/wp-json\/wp\/v2\/media?parent=1245"}],"curies":[{"name":"wp","href":"https:\/\/api.w.org\/{rel}","templated":true}]}}