{"id":1243,"date":"2008-02-26T13:05:18","date_gmt":"2008-02-26T12:05:18","guid":{"rendered":"http:\/\/www.bushido-lubwart.de\/wordpress\/?page_id=1243"},"modified":"2008-03-06T07:05:16","modified_gmt":"2008-03-06T06:05:16","slug":"4-kyu","status":"publish","type":"page","link":"http:\/\/www.bushido-lubwart.de\/wordpress\/karate-and-more\/prufungen\/prufungsordnung-djkb\/4-kyu\/","title":{"rendered":"4. Kyu"},"content":{"rendered":"<p><strong>Kihon<\/strong><\/p>\n<p>( Kihon-Techniken sind je 3 x auszuf\u00fchren!)<\/p>\n<p>1.Aus Gedan-Kamae links, vorw\u00e4rts in Zk mit Oi-Zuki,<\/p>\n<p>Wendung mit Gedan-Barai in Zk,<\/p>\n<p>2.vorw\u00e4rts in Zk mit Sanbon-Zuki (Jodan\/Chudan\/Chudan),<\/p>\n<p>3.r\u00fcckw\u00e4rts in Zk mit Age-Uke\/ Gyaku-Zuki,<\/p>\n<p>4.vorw\u00e4rts in Zk mit Uchi-Uke\/ Jodan-Kizami-Zuki\/ Chudan-Gyaku-Zuki,<\/p>\n<p>5.r\u00fcckw\u00e4rts in Zk mit Soto-Uke\/ umsetzen in Kb mit Yoko-Empi-Uchi\/Tate-Uraken,<\/p>\n<p>Wendung mit Gedan-Barai in Zk,<\/p>\n<p>6.vorw\u00e4rts in Kk mit Shuto-Uke\/ Kizami-Mae-Geri\/ Nukite in Zk,<\/p>\n<p>7.Aus Chudan-Kamae, vorw\u00e4rts in Zk mit Mae-Geri,<\/p>\n<p>Wendung mit Gedan-Barai in Zk<\/p>\n<p>8.Aus Chudan-Kamae, vorw\u00e4rts in Zk mit Mawashi-Geri,<\/p>\n<p>Wendung mit Gedan-Barai in Kb<\/p>\n<p>9.Aus Chudan-Kamae, vorw\u00e4rts in Kb mit Yoko-Geri-Keage,<\/p>\n<p>Wendung mit Gedan-Barai in Kb<\/p>\n<p>10.Aus Chudan-Kamae, vorw\u00e4rts in Kb mit Yoko-Geri-Kekomi<\/p>\n<p><strong>Kumite<\/strong><\/p>\n<p>Kihon Ippon Kumite<\/p>\n<p>Angriff (Kogeki):<\/p>\n<p>a.aus GEDAN-KAMAE links:<br \/>\nb.aus GEDAN-KAMAE links:<br \/>\nc.aus CHUDAN-KAMAE links:<br \/>\nd.aus CHUDAN-KAMAE links:<br \/>\n2 x Jodan-Oi-Zuki<br \/>\n2 x Chudan-Oi-Zuki<br \/>\n2 x Chudan-Mae-Geri<br \/>\n2 x Chudan-Yoko-Geri-kekomi<\/p>\n<p>Abwehr (Uke):<\/p>\n<p>Sabaki frei, Blocktechniken frei, Gegenangriffe frei &#8211; jedoch bei jeder Angriffsstufe 2 x<br \/>\nunterschiedlich<\/p>\n<p><strong>Kata<\/strong><\/p>\n<p>Heian Godan<\/p>\n<p><strong>Theoretische Kenntnisse f\u00fcr den 4. Kyu<\/strong><\/p>\n<p>Was bedeuten die Begriffe: Kime, Kime-Waza?<\/p>\n<table CLASS=\"\">\n<tr>\n<td CLASS=\"\">\n<a href=\"http:\/\/www.bushido-lubwart.de\/wordpress\/?page_id=1242\">5. Kyu<\/a>\n<\/td>\n<td CLASS=\"\">\n<a href=\"http:\/\/www.bushido-lubwart.de\/wordpress\/?page_id=1231\">DJKB-Pr\u00fcfungsordnung<\/a>\n<\/td>\n<td CLASS=\"\">\n<a href=\"http:\/\/www.bushido-lubwart.de\/wordpress\/?page_id=1244\">3. Kyu<\/a>\n<\/td>\n<\/tr>\n<\/table>\n","protected":false},"excerpt":{"rendered":"<p>Kihon ( Kihon-Techniken sind je 3 x auszuf\u00fchren!) 1.Aus Gedan-Kamae links, vorw\u00e4rts in Zk mit Oi-Zuki, Wendung mit Gedan-Barai in Zk, 2.vorw\u00e4rts in Zk mit Sanbon-Zuki (Jodan\/Chudan\/Chudan), 3.r\u00fcckw\u00e4rts in Zk mit Age-Uke\/ Gyaku-Zuki, 4.vorw\u00e4rts in Zk mit Uchi-Uke\/ Jodan-Kizami-Zuki\/ Chudan-Gyaku-Zuki, 5.r\u00fcckw\u00e4rts in Zk mit Soto-Uke\/ umsetzen in Kb mit Yoko-Empi-Uchi\/Tate-Uraken, Wendung mit Gedan-Barai in Zk, [&hellip;]<\/p>\n","protected":false},"author":2,"featured_media":0,"parent":1231,"menu_order":12,"comment_status":"open","ping_status":"open","template":"","meta":{"ngg_post_thumbnail":0,"footnotes":""},"class_list":["post-1243","page","type-page","status-publish","hentry"],"_links":{"self":[{"href":"http:\/\/www.bushido-lubwart.de\/wordpress\/wp-json\/wp\/v2\/pages\/1243"}],"collection":[{"href":"http:\/\/www.bushido-lubwart.de\/wordpress\/wp-json\/wp\/v2\/pages"}],"about":[{"href":"http:\/\/www.bushido-lubwart.de\/wordpress\/wp-json\/wp\/v2\/types\/page"}],"author":[{"embeddable":true,"href":"http:\/\/www.bushido-lubwart.de\/wordpress\/wp-json\/wp\/v2\/users\/2"}],"replies":[{"embeddable":true,"href":"http:\/\/www.bushido-lubwart.de\/wordpress\/wp-json\/wp\/v2\/comments?post=1243"}],"version-history":[{"count":0,"href":"http:\/\/www.bushido-lubwart.de\/wordpress\/wp-json\/wp\/v2\/pages\/1243\/revisions"}],"up":[{"embeddable":true,"href":"http:\/\/www.bushido-lubwart.de\/wordpress\/wp-json\/wp\/v2\/pages\/1231"}],"wp:attachment":[{"href":"http:\/\/www.bushido-lubwart.de\/wordpress\/wp-json\/wp\/v2\/media?parent=1243"}],"curies":[{"name":"wp","href":"https:\/\/api.w.org\/{rel}","templated":true}]}}