{"id":1241,"date":"2008-02-26T13:03:27","date_gmt":"2008-02-26T12:03:27","guid":{"rendered":"http:\/\/www.bushido-lubwart.de\/wordpress\/?page_id=1241"},"modified":"2008-03-06T07:04:05","modified_gmt":"2008-03-06T06:04:05","slug":"6-kyu","status":"publish","type":"page","link":"http:\/\/www.bushido-lubwart.de\/wordpress\/karate-and-more\/prufungen\/prufungsordnung-djkb\/6-kyu\/","title":{"rendered":"6. Kyu"},"content":{"rendered":"<p><strong>Kihon<\/strong><\/p>\n<p>( Kihon-Techniken sind je 3 x auszuf\u00fchren!)<\/p>\n<p>1.Aus Gedan-Kamae links, vorw\u00e4rts in Zk mit Oi-Zuki,<\/p>\n<p>Wendung mit Gedan-Barai in Zk,<\/p>\n<p>2.vorw\u00e4rts in Zk mit Age-Uke\/ Gyaku-Zuki,<\/p>\n<p>Wendung mit Gedan-Barai in Zk,<\/p>\n<p>3.vorw\u00e4rts in Zk mit Soto-Uke\/ umsetzen in Kb mit Yoko-Empi-Uchi,<\/p>\n<p>Wendung mit Gedan-Barai in Zk,<\/p>\n<p>4.vorw\u00e4rts in Zk mit Uchi-Uke\/ Gyaku-Zuki,<\/p>\n<p>Wendung mit Shuto-Uke in Kk,<\/p>\n<p>5.Aus Shuto-Uke-Kamae, vorw\u00e4rts in Kk mit Shuto-Uke\/ Kizami-Mae-Geri,<\/p>\n<p>Wendung mit Gedan-Barai in Zk,<\/p>\n<p>6.Aus Chudan-Kamae, vorw\u00e4rts in Zk mit Mae-Geri,<\/p>\n<p>Wendung mit Gedan-Barai in Zk<\/p>\n<p>7.Aus Chudan-Kamae, vorw\u00e4rts in Zk mit Chudan-Mae-Geri,<\/p>\n<p>Wendung mit Gedan-Barai in Kb<\/p>\n<p>8.Aus Chudan-Kamae, vorw\u00e4rts in Kb mit Yoko-Geri-Keage,<\/p>\n<p>Wendung mit Gedan-Barai in Kb<\/p>\n<p>9.Aus Chudan-Kamae, vorw\u00e4rts in Kb mit Yoko-Geri-Kekomi<\/p>\n<p><strong>Kumite<\/strong><\/p>\n<p>Kihon Ippon Kumite<\/p>\n<p>Angriff (Kogeki):<\/p>\n<p>aus GEDAN-KAMAE links:<br \/>\n2 x Jodan-Oi-Zuki<br \/>\naus GEDAN-KAMAE links:<br \/>\n2 x Chudan Oi-Zuki<br \/>\naus CHUDAN-KAMAE links:<br \/>\n2 x Chudan-Mae-Geri<br \/>\naus CHUDAN-KAMAE links:<br \/>\n2 x Chudan-Yoko-Geri-kekomi<\/p>\n<p>Abwehr (Uke):<\/p>\n<p>jeweils 1 x Sabaki rechts und 1 x links<\/p>\n<p>a.aus SHIZENTAI:<br \/>\nAge-Uke \/ Gyaku-Zuki,<br \/>\n1.Mit rechtem Fu\u00df, Sabaki mit Schrittbewegung nach links hinten, leicht aus<br \/>\nder Angriffslinie heraus, Gegenangriff Chudan-Gyaku-Zuki<br \/>\n2.Mit linkem Fu\u00df, Sabaki mit Gleitbewegung nach rechts hinten, leicht aus der<br \/>\nAngriffslinie heraus, Gegenangriff Chuadan-Gyaku-Zuki<\/p>\n<p>b.aus SHIZENTAI:<br \/>\n1.Soto-Uke \/ Gyaku-Zuki,<br \/>\nMit rechtem Fu\u00df, Sabaki mit Schrittbewegung nach links hinten, leicht aus<br \/>\nder Angriffslinie heraus, Gegenangriff Chudan-Gyaku-Zuki<br \/>\n2.Soto-Uke \/ Yoko-Empi-Uchi,<br \/>\nMit linkem Fu\u00df, Sabaki mit Gleitbewegung nach rechts hinten, leicht aus der<br \/>\nAngriffslinie heraus, Gegenangriff Chudan-Yoko-Empi-Uchi in Kb<\/p>\n<p>c.aus SHIZENTAI:<br \/>\n1.Nagashi-Uke \/ Gyaku-Zuki,<br \/>\nMit rechtem Fu\u00df, Sabaki mit Schrittbewegung nach links hinten, leicht aus<br \/>\nder Angriffslinie heraus, Gegenangriff Chudan-Gyaku-Zuki<br \/>\n2.Gedan-Barai \/ Gyaku-Zuki,<br \/>\nMit linkem Fu\u00df, Sabaki mit Gleitbewegung nach rechts hinten, leicht aus der<br \/>\nAngriffslinie heraus, Gegenangriff Chudan-Gyaku-Zuki<\/p>\n<p>d.aus SHIZENTAI:<br \/>\nSoto-Uke oder Nagashi-Uke (je nach Angriffsh\u00f6he) \/ Chudan-Gyaku-Zuki,<br \/>\n1.Mit rechtem Fu\u00df, Sabaki mit Schrittbewegung nach links hinten, leicht aus<br \/>\nder Angriffslinie heraus, Gegenangriff Chudan-Gyaku-Zuki<br \/>\n2.Mit rechtem Fu\u00df, Sabaki mit Gleitbewegung nach rechts hinten, leicht aus<br \/>\nder Angriffslinie heraus, Gegenangriff Chudan-Gyaku-Zuki<\/p>\n<p><strong>Kata<\/strong><\/p>\n<p>Heian Sandan<\/p>\n<p><strong>Theoretische Kenntnisse f\u00fcr den 6. Kyu<\/strong><\/p>\n<p>Was bedeuten die Begriffe: Dojo, Te, Do, Sabaki, Kogeki, Uke, Kime?<\/p>\n<table CLASS=\"\">\n<tr>\n<td CLASS=\"\">\n<a href=\"http:\/\/www.bushido-lubwart.de\/wordpress\/?page_id=1240\">7. Kyu<\/a>\n<\/td>\n<td CLASS=\"\">\n<a href=\"http:\/\/www.bushido-lubwart.de\/wordpress\/?page_id=1231\">DJKB-Pr\u00fcfungsordnung<\/a>\n<\/td>\n<td CLASS=\"\">\n<a href=\"http:\/\/www.bushido-lubwart.de\/wordpress\/?page_id=1242\">5. Kyu<\/a>\n<\/td>\n<\/tr>\n<\/table>\n","protected":false},"excerpt":{"rendered":"<p>Kihon ( Kihon-Techniken sind je 3 x auszuf\u00fchren!) 1.Aus Gedan-Kamae links, vorw\u00e4rts in Zk mit Oi-Zuki, Wendung mit Gedan-Barai in Zk, 2.vorw\u00e4rts in Zk mit Age-Uke\/ Gyaku-Zuki, Wendung mit Gedan-Barai in Zk, 3.vorw\u00e4rts in Zk mit Soto-Uke\/ umsetzen in Kb mit Yoko-Empi-Uchi, Wendung mit Gedan-Barai in Zk, 4.vorw\u00e4rts in Zk mit Uchi-Uke\/ Gyaku-Zuki, Wendung mit [&hellip;]<\/p>\n","protected":false},"author":2,"featured_media":0,"parent":1231,"menu_order":10,"comment_status":"open","ping_status":"open","template":"","meta":{"ngg_post_thumbnail":0,"footnotes":""},"class_list":["post-1241","page","type-page","status-publish","hentry"],"_links":{"self":[{"href":"http:\/\/www.bushido-lubwart.de\/wordpress\/wp-json\/wp\/v2\/pages\/1241"}],"collection":[{"href":"http:\/\/www.bushido-lubwart.de\/wordpress\/wp-json\/wp\/v2\/pages"}],"about":[{"href":"http:\/\/www.bushido-lubwart.de\/wordpress\/wp-json\/wp\/v2\/types\/page"}],"author":[{"embeddable":true,"href":"http:\/\/www.bushido-lubwart.de\/wordpress\/wp-json\/wp\/v2\/users\/2"}],"replies":[{"embeddable":true,"href":"http:\/\/www.bushido-lubwart.de\/wordpress\/wp-json\/wp\/v2\/comments?post=1241"}],"version-history":[{"count":0,"href":"http:\/\/www.bushido-lubwart.de\/wordpress\/wp-json\/wp\/v2\/pages\/1241\/revisions"}],"up":[{"embeddable":true,"href":"http:\/\/www.bushido-lubwart.de\/wordpress\/wp-json\/wp\/v2\/pages\/1231"}],"wp:attachment":[{"href":"http:\/\/www.bushido-lubwart.de\/wordpress\/wp-json\/wp\/v2\/media?parent=1241"}],"curies":[{"name":"wp","href":"https:\/\/api.w.org\/{rel}","templated":true}]}}