{"id":1240,"date":"2008-02-26T13:02:17","date_gmt":"2008-02-26T12:02:17","guid":{"rendered":"http:\/\/www.bushido-lubwart.de\/wordpress\/?page_id=1240"},"modified":"2008-03-06T07:03:29","modified_gmt":"2008-03-06T06:03:29","slug":"7-kyu","status":"publish","type":"page","link":"http:\/\/www.bushido-lubwart.de\/wordpress\/karate-and-more\/prufungen\/prufungsordnung-djkb\/7-kyu\/","title":{"rendered":"7. Kyu"},"content":{"rendered":"<p><strong>Kihon<\/strong><\/p>\n<p>(Kihon-Techniken sind je 3 x auszuf\u00fchren!)<\/p>\n<p>1. Aus Gedan-Kamae links, vorw\u00e4rts in Zk mit Oi-Zuki, Wendung mit Gedan-Barai in Zk,<\/p>\n<p>2. vorw\u00e4rts in Zk mit Age-Uke, Wendung mit Gedan-Barai in Zk,<\/p>\n<p>3. vorw\u00e4rts in Zk mit Soto-Uke, Wendung mit Gedan-Barai in Zk,<\/p>\n<p>4. vorw\u00e4rts in Zk mit Uchi-Uke, Wendung mit Shuto-Uke in Kk,<\/p>\n<p>5. Aus Shuto-Uke-Kamae, vorw\u00e4rts in Kk mit Shuto-Uke, Wendung mit beidarmigem Gedan-Barai in Zk,<\/p>\n<p>6. Aus Ryo-Yoko-Gedan-Barai-Kamae, vorw\u00e4rts in Zk mit Mae-Geri, Wendung mit Gedan-Barai in Kb,<\/p>\n<p>7. Aus Chudan-Kamae, vorw\u00e4rts in Kb mit Yoko-Geri-Keage, Wendung mit Gedan-Barai in Kb,<\/p>\n<p>8. Aus Chudan-Kamae, vorw\u00e4rts in Kb mit Yoko-Geri-Kekomi<\/p>\n<p><strong>Kumite<\/strong><\/p>\n<p>Gohon Kumite<\/p>\n<p>Angriff (Kogeki):<\/p>\n<p>aus GEDAN-KAMAE links:<br \/>\n5 x fortlaufend Jodan-Oi-Zuki<br \/>\naus GEDAN-KAMAE links:<br \/>\n5 x Chudan-Oi-Zuki<\/p>\n<p>Abwehr (Uke):<\/p>\n<p>a.aus SHIZENTAI: rechts zur\u00fcck und 5 x Age-Uke\/ Gegenangriff Chudan-Gyaku-Zuki,<br \/>\nb.aus SHIZENTAI: links zur\u00fcck und 5 x Soto-Uke\/ Gegenangriff Chudan-Gyaku-Zuki,<br \/>\nAusf\u00fchrung des Gohon-Kumite sonst wie zum 8. Kyu!<\/p>\n<p><strong>Kata<\/strong><\/p>\n<p>Heian Nidan<\/p>\n<p><strong>Theoretische Kenntnisse f\u00fcr den 7. Kyu<\/strong><\/p>\n<p>Was bedeuten die Begriffe: Seiza, Kiai, Hanmi, Chudan-Kamae, Gedan-Kamae, Shuto-Kamae, Hiki-Te?<\/p>\n<table CLASS=\"\">\n<tr>\n<td CLASS=\"\">\n<a href=\"http:\/\/www.bushido-lubwart.de\/wordpress\/?page_id=1239\">8. Kyu<\/a>\n<\/td>\n<td CLASS=\"\">\n<a href=\"http:\/\/www.bushido-lubwart.de\/wordpress\/?page_id=1231\">DJKB-Pr\u00fcfungsordnung<\/a>\n<\/td>\n<td CLASS=\"\">\n<a href=\"http:\/\/www.bushido-lubwart.de\/wordpress\/?page_id=1241\">6. Kyu<\/a>\n<\/td>\n<\/tr>\n<\/table>\n","protected":false},"excerpt":{"rendered":"<p>Kihon (Kihon-Techniken sind je 3 x auszuf\u00fchren!) 1. Aus Gedan-Kamae links, vorw\u00e4rts in Zk mit Oi-Zuki, Wendung mit Gedan-Barai in Zk, 2. vorw\u00e4rts in Zk mit Age-Uke, Wendung mit Gedan-Barai in Zk, 3. vorw\u00e4rts in Zk mit Soto-Uke, Wendung mit Gedan-Barai in Zk, 4. vorw\u00e4rts in Zk mit Uchi-Uke, Wendung mit Shuto-Uke in Kk, 5. [&hellip;]<\/p>\n","protected":false},"author":2,"featured_media":0,"parent":1231,"menu_order":9,"comment_status":"open","ping_status":"open","template":"","meta":{"ngg_post_thumbnail":0,"footnotes":""},"class_list":["post-1240","page","type-page","status-publish","hentry"],"_links":{"self":[{"href":"http:\/\/www.bushido-lubwart.de\/wordpress\/wp-json\/wp\/v2\/pages\/1240"}],"collection":[{"href":"http:\/\/www.bushido-lubwart.de\/wordpress\/wp-json\/wp\/v2\/pages"}],"about":[{"href":"http:\/\/www.bushido-lubwart.de\/wordpress\/wp-json\/wp\/v2\/types\/page"}],"author":[{"embeddable":true,"href":"http:\/\/www.bushido-lubwart.de\/wordpress\/wp-json\/wp\/v2\/users\/2"}],"replies":[{"embeddable":true,"href":"http:\/\/www.bushido-lubwart.de\/wordpress\/wp-json\/wp\/v2\/comments?post=1240"}],"version-history":[{"count":0,"href":"http:\/\/www.bushido-lubwart.de\/wordpress\/wp-json\/wp\/v2\/pages\/1240\/revisions"}],"up":[{"embeddable":true,"href":"http:\/\/www.bushido-lubwart.de\/wordpress\/wp-json\/wp\/v2\/pages\/1231"}],"wp:attachment":[{"href":"http:\/\/www.bushido-lubwart.de\/wordpress\/wp-json\/wp\/v2\/media?parent=1240"}],"curies":[{"name":"wp","href":"https:\/\/api.w.org\/{rel}","templated":true}]}}