{"id":1239,"date":"2008-02-26T13:01:23","date_gmt":"2008-02-26T12:01:23","guid":{"rendered":"http:\/\/www.bushido-lubwart.de\/wordpress\/?page_id=1239"},"modified":"2008-03-06T07:02:50","modified_gmt":"2008-03-06T06:02:50","slug":"8-kyu","status":"publish","type":"page","link":"http:\/\/www.bushido-lubwart.de\/wordpress\/karate-and-more\/prufungen\/prufungsordnung-djkb\/8-kyu\/","title":{"rendered":"8. Kyu"},"content":{"rendered":"<p><strong>Kihon<\/strong><\/p>\n<p>( Kihon-Techniken sind je 3 x auszuf\u00fchren!)<\/p>\n<p>1. Aus Gedan-Kamae links, vorw\u00e4rts in Zk mit Oi-Zuki, Wendung in Zk mit Gedan-Barai,<\/p>\n<p>2. vorw\u00e4rts in Zk mit Age-Uke, Wendung in Zk mit Gedan-Barai,<\/p>\n<p>3. vorw\u00e4rts in Zk mit Soto-Uke, Wendung in Zk mit Gedan-Barai,<\/p>\n<p>4. vorw\u00e4rts in Zk mit Uchi-Uke, Wendung in Kk mit Shuto-Uke,<\/p>\n<p>5. Aus Shuto-Uke-Kamae, vorw\u00e4rts in Kk mit Shuto-Uke, Wendung in Zk mit beidarmigem Gedan-Barai,<\/p>\n<p>6. Aus Ryo-Yoko-Gedan-Barai-Kamae, vorw\u00e4rts in Zk mit Chudan-Mae-Geri, Wendung in Kb mit Gedan-Barai,<\/p>\n<p>7. Aus Chudan-Kamae, vorw\u00e4rts in Kb mit Yoko-Geri-Kekomi<\/p>\n<p><strong>Kumite<\/strong><\/p>\n<p>Gohon Kumite<\/p>\n<p>Angriff (Kogeki):<\/p>\n<p>aus GEDAN-KAMAE links:<br \/>\n5 x fortlaufend Jodan-Oi-Zuki<br \/>\naus GEDAN-KAMAE links:<br \/>\n5 x Chudan-Oi-Zuki<\/p>\n<p>Abwehr (Uke):<\/p>\n<p>a.aus SHIZENTAI: 5 x fortlaufend Age-Uke\/ danach Gegenangriff Chudan-Gyaku-Zuki,<br \/>\nb.aus SHIZENTAI: 5 x fortlaufend Soto-Uke\/ danach Gegenangriff Chudan-Gyaku-Zuki<\/p>\n<p>Der Angreifer beginnt aus Zk, erster Angriff rechts und greift 5 x fortlaufend an. Der Verteidiger steht in Hachiji-Dachi und beginnt rechts zur\u00fcck mit der Blocktechnik links und 5 x fortlaufender Abwehr. Anschlie\u00dfend Gegenangriff mit Kiai. Danach zieht der Verteidiger den hinteren Fu\u00df nach vorne in Ausgangsstellung.<\/p>\n<p><strong>Kata<\/strong><\/p>\n<p>Heian Shodan<\/p>\n<p><strong>Theoretische Kenntnisse f\u00fcr den 8. Kyu<\/strong><\/p>\n<p>Was bedeuten die Begriffe: Seiza, Kiai, Hanmi, Chudan-Kamae, Gedan-Kamae, Shuto-Kamae, Hiki-Te?<\/p>\n<table CLASS=\"\">\n<tr>\n<td CLASS=\"\">\n<a href=\"http:\/\/www.bushido-lubwart.de\/wordpress\/?page_id=1238\">9. Kyu<\/a>\n<\/td>\n<td CLASS=\"\">\n<a href=\"http:\/\/www.bushido-lubwart.de\/wordpress\/?page_id=1231\">DJKB-Pr\u00fcfungsordnung<\/a>\n<\/td>\n<td CLASS=\"\">\n<a href=\"http:\/\/www.bushido-lubwart.de\/wordpress\/?page_id=1240\">7. Kyu<\/a>\n<\/td>\n<\/tr>\n<\/table>\n","protected":false},"excerpt":{"rendered":"<p>Kihon ( Kihon-Techniken sind je 3 x auszuf\u00fchren!) 1. Aus Gedan-Kamae links, vorw\u00e4rts in Zk mit Oi-Zuki, Wendung in Zk mit Gedan-Barai, 2. vorw\u00e4rts in Zk mit Age-Uke, Wendung in Zk mit Gedan-Barai, 3. vorw\u00e4rts in Zk mit Soto-Uke, Wendung in Zk mit Gedan-Barai, 4. vorw\u00e4rts in Zk mit Uchi-Uke, Wendung in Kk mit Shuto-Uke, [&hellip;]<\/p>\n","protected":false},"author":2,"featured_media":0,"parent":1231,"menu_order":8,"comment_status":"open","ping_status":"open","template":"","meta":{"ngg_post_thumbnail":0,"footnotes":""},"class_list":["post-1239","page","type-page","status-publish","hentry"],"_links":{"self":[{"href":"http:\/\/www.bushido-lubwart.de\/wordpress\/wp-json\/wp\/v2\/pages\/1239"}],"collection":[{"href":"http:\/\/www.bushido-lubwart.de\/wordpress\/wp-json\/wp\/v2\/pages"}],"about":[{"href":"http:\/\/www.bushido-lubwart.de\/wordpress\/wp-json\/wp\/v2\/types\/page"}],"author":[{"embeddable":true,"href":"http:\/\/www.bushido-lubwart.de\/wordpress\/wp-json\/wp\/v2\/users\/2"}],"replies":[{"embeddable":true,"href":"http:\/\/www.bushido-lubwart.de\/wordpress\/wp-json\/wp\/v2\/comments?post=1239"}],"version-history":[{"count":0,"href":"http:\/\/www.bushido-lubwart.de\/wordpress\/wp-json\/wp\/v2\/pages\/1239\/revisions"}],"up":[{"embeddable":true,"href":"http:\/\/www.bushido-lubwart.de\/wordpress\/wp-json\/wp\/v2\/pages\/1231"}],"wp:attachment":[{"href":"http:\/\/www.bushido-lubwart.de\/wordpress\/wp-json\/wp\/v2\/media?parent=1239"}],"curies":[{"name":"wp","href":"https:\/\/api.w.org\/{rel}","templated":true}]}}