{"id":1238,"date":"2008-02-26T13:00:37","date_gmt":"2008-02-26T12:00:37","guid":{"rendered":"http:\/\/www.bushido-lubwart.de\/wordpress\/?page_id=1238"},"modified":"2008-03-06T07:02:09","modified_gmt":"2008-03-06T06:02:09","slug":"9-kyu","status":"publish","type":"page","link":"http:\/\/www.bushido-lubwart.de\/wordpress\/karate-and-more\/prufungen\/prufungsordnung-djkb\/9-kyu\/","title":{"rendered":"9. Kyu"},"content":{"rendered":"<p><strong>Kihon<\/strong><\/p>\n<p>(Kihon-Techniken sind je 2 x oder 4 x, nach Wahl des Pr\u00fcfers auszuf\u00fchren!)<\/p>\n<p>1. Im Stand (Soto-Hachiji-Dachi) Choku-Zuki, links und rechts<\/p>\n<p>2. Aus Choku-Zuki-Kamae Schritt vorw\u00e4rts in Zk mit Oi-Zuki, anschlie\u00dfend Schritt zur\u00fcck in Soto-Hachiji-Dachi und Choku-Zuki-Kamae, jeweils links und rechts,<\/p>\n<p>3. Aus Age-Uke-Kamae Schritt vorw\u00e4rts in Zk mit Age-Uke, anschlie\u00dfend Schritt<br \/>\nzur\u00fcck in Soto-Hachiji-Dachi und Age-Uke-Kamae, jeweils links und rechts,<\/p>\n<p>4. Aus Choku-Zuki-Kamae Schritt vorw\u00e4rts in Zk mit Soto-Uke, anschlie\u00dfend Schritt zur\u00fcck in Soto-Hachiji-Dachi und Choku-Zuki-Kamae, jeweils links und rechts,<\/p>\n<p>5. Aus Gedan-Barai-Kamae einen Schritt vorw\u00e4rts in Zk mit Gedan-Barai,<br \/>\nanschlie\u00dfend Schritt zur\u00fcck in Soto-Hachiji-Dachi und Gedan-Barai-Kamae, jeweils links und rechts<\/p>\n<p><strong>Kumite<\/strong><\/p>\n<p>Kihon Ippon Kumite<\/p>\n<p>Angriff (Kogeki):<\/p>\n<p>aus GEDAN-KAMAE links:<br \/>\n2 x Jodan-Oi-Zuki<br \/>\naus GEDAN-KAMAE links:<br \/>\n2 x Chudan-Oi-Zuki<\/p>\n<p>Abwehr (Uke):<\/p>\n<p>a.aus SHIZENTAI: Jodan-Age-Uke\/ Chudan-Gyaku-Zuki,<br \/>\n1 x rechts und 1 x links<br \/>\nb.aus SHIZENTAI: Chudan-Soto-Uke\/ Chudan-Gyaku-Zuki,<br \/>\n1 x rechts und 1 x links<br \/>\nDer Angreifer beginnt aus Zk, erster Angriff rechts. Der Verteidiger steht in Hachiji-Dachi und beginnt mit der Blocktechnik rechts zur\u00fcck und gleichzeitiger Abwehr links.<br \/>\nGegenangriff mit Kiai. Danach zieht der Verteidiger den hinteren Fu\u00df nach vorne in Ausgangsstellung.<\/p>\n<p><strong>Kata<\/strong><\/p>\n<p>entf\u00e4llt<\/p>\n<p><strong>Theoretische Kenntnisse f\u00fcr den 9. Kyu<\/strong><\/p>\n<p>Was bedeuten die Begriffe: Shizentai, Musubi-Dachi, Seiza, Mokuso, Shomen-ni-rei, Sensei-ni-rei?<\/p>\n<p>Der Pr\u00fcfling mu\u00df die Kata Taikyoku-Shodan vom Ablauf beherrschen.<\/p>\n<p>Der Pr\u00fcfling mu\u00df die Etikette des An- und Abgr\u00fc\u00dfens zu Beginn und am Ende des Trainings ausf\u00fchren k\u00f6nnen.<\/p>\n<table CLASS=\"\">\n<tr>\n<td CLASS=\"\">\n<a href=\"http:\/\/www.bushido-lubwart.de\/wordpress\/?page_id=1237\">Alter und Wartezeiten<\/a>\n<\/td>\n<td CLASS=\"\">\n<a href=\"http:\/\/www.bushido-lubwart.de\/wordpress\/?page_id=1231\">DJKB-Pr\u00fcfungsordnung<\/a>\n<\/td>\n<td CLASS=\"\">\n<a href=\"http:\/\/www.bushido-lubwart.de\/wordpress\/?page_id=1239\">8. Kyu<\/a>\n<\/td>\n<\/tr>\n<\/table>\n","protected":false},"excerpt":{"rendered":"<p>Kihon (Kihon-Techniken sind je 2 x oder 4 x, nach Wahl des Pr\u00fcfers auszuf\u00fchren!) 1. Im Stand (Soto-Hachiji-Dachi) Choku-Zuki, links und rechts 2. Aus Choku-Zuki-Kamae Schritt vorw\u00e4rts in Zk mit Oi-Zuki, anschlie\u00dfend Schritt zur\u00fcck in Soto-Hachiji-Dachi und Choku-Zuki-Kamae, jeweils links und rechts, 3. Aus Age-Uke-Kamae Schritt vorw\u00e4rts in Zk mit Age-Uke, anschlie\u00dfend Schritt zur\u00fcck in [&hellip;]<\/p>\n","protected":false},"author":2,"featured_media":0,"parent":1231,"menu_order":7,"comment_status":"open","ping_status":"open","template":"","meta":{"ngg_post_thumbnail":0,"footnotes":""},"class_list":["post-1238","page","type-page","status-publish","hentry"],"_links":{"self":[{"href":"http:\/\/www.bushido-lubwart.de\/wordpress\/wp-json\/wp\/v2\/pages\/1238"}],"collection":[{"href":"http:\/\/www.bushido-lubwart.de\/wordpress\/wp-json\/wp\/v2\/pages"}],"about":[{"href":"http:\/\/www.bushido-lubwart.de\/wordpress\/wp-json\/wp\/v2\/types\/page"}],"author":[{"embeddable":true,"href":"http:\/\/www.bushido-lubwart.de\/wordpress\/wp-json\/wp\/v2\/users\/2"}],"replies":[{"embeddable":true,"href":"http:\/\/www.bushido-lubwart.de\/wordpress\/wp-json\/wp\/v2\/comments?post=1238"}],"version-history":[{"count":0,"href":"http:\/\/www.bushido-lubwart.de\/wordpress\/wp-json\/wp\/v2\/pages\/1238\/revisions"}],"up":[{"embeddable":true,"href":"http:\/\/www.bushido-lubwart.de\/wordpress\/wp-json\/wp\/v2\/pages\/1231"}],"wp:attachment":[{"href":"http:\/\/www.bushido-lubwart.de\/wordpress\/wp-json\/wp\/v2\/media?parent=1238"}],"curies":[{"name":"wp","href":"https:\/\/api.w.org\/{rel}","templated":true}]}}