{"id":1236,"date":"2008-02-26T12:57:27","date_gmt":"2008-02-26T11:57:27","guid":{"rendered":"http:\/\/www.bushido-lubwart.de\/wordpress\/?page_id=1236"},"modified":"2008-03-06T06:58:49","modified_gmt":"2008-03-06T05:58:49","slug":"schwerpunkte-3-stufe","status":"publish","type":"page","link":"http:\/\/www.bushido-lubwart.de\/wordpress\/karate-and-more\/prufungen\/prufungsordnung-djkb\/schwerpunkte-3-stufe\/","title":{"rendered":"Schwerpunkte 3. Stufe"},"content":{"rendered":"<p>Pr\u00fcfungsschwerpunkte bei den Pr\u00fcfungen zum 3., 2. und 1. Kyu sowie zum 1. Dan<\/p>\n<p><strong>Allgemein<\/strong><\/p>\n<p>In dieser Gruppe wird besonderer Wert darauf gelegt, da\u00df der Verteidiger die Kontertechnik inanderer Stellung als die Abwehrtechnik ausf\u00fchrt. Der Konter wird durch die Kraft derStellungs\u00e4nderung verst\u00e4rkt. Hierbei ist zu beachten, da\u00df der Kraftzuwachs durch dieStellungs\u00e4nderung nicht nur mit Hilfe der Gewichts-Schwerpunkts\u00e4nderung erzielt, sondern auchdurch die H\u00fcftdrehung verst\u00e4rkt wird, Dabei d\u00fcrfen die Balance und K\u00f6rperhaltung nichtverloren gehen.<\/p>\n<p><strong>Kumite<\/strong><\/p>\n<p>Jiyu Ippon Kumite<\/p>\n<p>Diese \u00dcbung hat beim Kumite-Training im JKA-Karate eine herausragende Bedeutung, dadadurch korrekte Distanz, gutes Timing und blitzschnelle Entscheidungen, sowie die\u00dcberwindung eigener Unsicherheiten beim Angriff gemeistert werden k\u00f6nnen. Beide Seiten inAngriff und Abwehr stehen frei, mit dem f\u00fcr sie jeweils g\u00fcnstigsten Abstand. Der Angreifer f\u00fchrtseine angesagte Technik mit gr\u00f6\u00dftem Einsatz, ohne Gedanken an die n\u00e4chste, ihn erwartendeAktion des Verteidigers aus. Auch der Abwehrende darf nicht den weitesten Abstand w\u00e4hlen,sondern soll im m\u00f6glichst kurzen Abstand den Angriff blocken bzw. ausweichen und dann einekraftvolle Kontertechnik ausf\u00fchren. Es ist wichtig bei der &#8222;Jiyu-Ippon-Kumite&#8220;-\u00dcbung,Distanzgef\u00fchl und Timing zu schulen.<\/p>\n<p>Abstand nehmen: Der Karateka sucht sich die f\u00fcr ihn g\u00fcnstigste Distanz, um seine Technik,Angriff oder Abwehr, auszuf\u00fchren. \u00dcber den Abstand f\u00fchlt sich der Gegner unterschiedlichbedr\u00e4ngt, je nachdem ob man z.B. seine vordere Hand geballt oder ge\u00f6ffnet hat, ob die HandJodan, Chudan oder Gedan gehalten wird, ob man seinen Gewichtsschwerpunkt im Kamaevorne oder zur\u00fcck verlagert hat. Um die f\u00fcr sich jeweils g\u00fcnstigste Distanz f\u00fcr den Wettkampf zufinden. versucht man beim Jiyu-Ippon-Kumite alle diese Situationen beim Trainingdurchzuspielen.<\/p>\n<table CLASS=\"\">\n<tr>\n<td CLASS=\"\">\n<a href=\"http:\/\/www.bushido-lubwart.de\/wordpress\/?page_id=1235\">Schwerpunkte 2. Stufe<\/a>\n<\/td>\n<td CLASS=\"\">\n<a href=\"http:\/\/www.bushido-lubwart.de\/wordpress\/?page_id=1231\">DJKB-Pr\u00fcfungsordnung<\/a>\n<\/td>\n<td CLASS=\"\">\n<a href=\"http:\/\/www.bushido-lubwart.de\/wordpress\/?page_id=1237\">Alter und Wartezeiten<\/a>\n<\/td>\n<\/tr>\n<\/table>\n","protected":false},"excerpt":{"rendered":"<p>Pr\u00fcfungsschwerpunkte bei den Pr\u00fcfungen zum 3., 2. und 1. Kyu sowie zum 1. Dan Allgemein In dieser Gruppe wird besonderer Wert darauf gelegt, da\u00df der Verteidiger die Kontertechnik inanderer Stellung als die Abwehrtechnik ausf\u00fchrt. Der Konter wird durch die Kraft derStellungs\u00e4nderung verst\u00e4rkt. Hierbei ist zu beachten, da\u00df der Kraftzuwachs durch dieStellungs\u00e4nderung nicht nur mit Hilfe [&hellip;]<\/p>\n","protected":false},"author":2,"featured_media":0,"parent":1231,"menu_order":5,"comment_status":"open","ping_status":"open","template":"","meta":{"ngg_post_thumbnail":0,"footnotes":""},"class_list":["post-1236","page","type-page","status-publish","hentry"],"_links":{"self":[{"href":"http:\/\/www.bushido-lubwart.de\/wordpress\/wp-json\/wp\/v2\/pages\/1236"}],"collection":[{"href":"http:\/\/www.bushido-lubwart.de\/wordpress\/wp-json\/wp\/v2\/pages"}],"about":[{"href":"http:\/\/www.bushido-lubwart.de\/wordpress\/wp-json\/wp\/v2\/types\/page"}],"author":[{"embeddable":true,"href":"http:\/\/www.bushido-lubwart.de\/wordpress\/wp-json\/wp\/v2\/users\/2"}],"replies":[{"embeddable":true,"href":"http:\/\/www.bushido-lubwart.de\/wordpress\/wp-json\/wp\/v2\/comments?post=1236"}],"version-history":[{"count":0,"href":"http:\/\/www.bushido-lubwart.de\/wordpress\/wp-json\/wp\/v2\/pages\/1236\/revisions"}],"up":[{"embeddable":true,"href":"http:\/\/www.bushido-lubwart.de\/wordpress\/wp-json\/wp\/v2\/pages\/1231"}],"wp:attachment":[{"href":"http:\/\/www.bushido-lubwart.de\/wordpress\/wp-json\/wp\/v2\/media?parent=1236"}],"curies":[{"name":"wp","href":"https:\/\/api.w.org\/{rel}","templated":true}]}}