{"id":1235,"date":"2008-02-26T12:56:37","date_gmt":"2008-02-26T11:56:37","guid":{"rendered":"http:\/\/www.bushido-lubwart.de\/wordpress\/?page_id=1235"},"modified":"2008-03-06T06:57:44","modified_gmt":"2008-03-06T05:57:44","slug":"schwerpunkte-2-stufe","status":"publish","type":"page","link":"http:\/\/www.bushido-lubwart.de\/wordpress\/karate-and-more\/prufungen\/prufungsordnung-djkb\/schwerpunkte-2-stufe\/","title":{"rendered":"Schwerpunkte 2. Stufe"},"content":{"rendered":"<p>Pr\u00fcfungsschwerpunkte bei den Pr\u00fcfungen zum 6., 5. und 4. Kyu<\/p>\n<p><strong>Allgemein<\/strong><\/p>\n<p>In dieser Pr\u00fcfungsgruppe wird auf die H\u00fcftdrehung in der Abwehr, sowie desweiteren auf einenkraftvollen Konter nach der Abwehr, besonderer Wert gelegt. Abwehr- und Kontertechnikwerden aus der gleichen Stellung ausgef\u00fchrt. Daher kann man sich auf die richtige Stellung, dieHaltung und die H\u00fcftdrehung bei kraftvoller Ausf\u00fchrung der Technik konzentrieren.<\/p>\n<p><strong>Kumite<\/strong><\/p>\n<p>Kihon-Ippon-Kumite<\/p>\n<p>Folgende Punkte m\u00fcssen besonders beachtet werden:<\/p>\n<p>1. Der Angreifer mu\u00df jeden Angriff mit solcher Kraft durchf\u00fchren, als ob die Angriffschance nur einmal gegeben w\u00e4re.<\/p>\n<p>2. Der Angreifer mu\u00df den richtigen Abstand zum Partner einnehmen.<\/p>\n<p>3. Der Verteidiger mu\u00df der Angriffstechnik blitzschnell ausweichen und danach sofort die Kontertechnik ausf\u00fchren, wobei die Reichweite der Kontertechnik beachtet werden mu\u00df.<\/p>\n<p>4. Der Block des Verteidigers mu\u00df so stark ausgef\u00fchrt werden, da\u00df damit die Angriffstechnik soweit abgeblockt wird, da\u00df ein Chudan-Zuki als Konter ohne Behinderung durch die vorherige Angriffstechnik erfolgen kann.<\/p>\n<p>5. Beim Kihon-Ippon-Kumite steht die Abwehrseite zun\u00e4chst in &#8222;Shizentai&#8220; (Nat\u00fcrliche, normale K\u00f6rperhaltung) ohne zu schwanken oder sich zu bewegen. Diese Stellung soll die psychische Stabilit\u00e4t verbessern. Es ist schwer f\u00fcr den Abwehrenden bis zuletzt vor dem Angriff stehenzubleiben. Durch st\u00e4ndiges Training kann die Kontrollf\u00e4higkeit der eigenen Psyche verbessert werden und man lernt, sich trotz ung\u00fcnstiger Ausgangssituation entsprechend gut zu verteidigen. Der Block der Abwehrenden sollte von innen nach au\u00dfen trainiert werden (Beispiel: Angriff rechts mit Zuki, Block mit rechtem Arm und linkes Bein zur\u00fcckgehend mit abschlie\u00dfender Kontertechnik) um die erh\u00f6hte Risikobereitschaft zu schulen.<\/p>\n<table CLASS=\"\">\n<tr>\n<td CLASS=\"\">\n<a href=\"http:\/\/www.bushido-lubwart.de\/wordpress\/?page_id=1234\">Schwerpunkte 1. Stufe<\/a>\n<\/td>\n<td CLASS=\"\">\n<a href=\"http:\/\/www.bushido-lubwart.de\/wordpress\/?page_id=1231\">DJKB-Pr\u00fcfungsordnung<\/a>\n<\/td>\n<td CLASS=\"\">\n<a href=\"http:\/\/www.bushido-lubwart.de\/wordpress\/?page_id=1236\">Schwerpunkte 3. Stufe<\/a>\n<\/td>\n<\/tr>\n<\/table>\n","protected":false},"excerpt":{"rendered":"<p>Pr\u00fcfungsschwerpunkte bei den Pr\u00fcfungen zum 6., 5. und 4. Kyu Allgemein In dieser Pr\u00fcfungsgruppe wird auf die H\u00fcftdrehung in der Abwehr, sowie desweiteren auf einenkraftvollen Konter nach der Abwehr, besonderer Wert gelegt. Abwehr- und Kontertechnikwerden aus der gleichen Stellung ausgef\u00fchrt. Daher kann man sich auf die richtige Stellung, dieHaltung und die H\u00fcftdrehung bei kraftvoller Ausf\u00fchrung [&hellip;]<\/p>\n","protected":false},"author":2,"featured_media":0,"parent":1231,"menu_order":4,"comment_status":"open","ping_status":"open","template":"","meta":{"ngg_post_thumbnail":0,"footnotes":""},"class_list":["post-1235","page","type-page","status-publish","hentry"],"_links":{"self":[{"href":"http:\/\/www.bushido-lubwart.de\/wordpress\/wp-json\/wp\/v2\/pages\/1235"}],"collection":[{"href":"http:\/\/www.bushido-lubwart.de\/wordpress\/wp-json\/wp\/v2\/pages"}],"about":[{"href":"http:\/\/www.bushido-lubwart.de\/wordpress\/wp-json\/wp\/v2\/types\/page"}],"author":[{"embeddable":true,"href":"http:\/\/www.bushido-lubwart.de\/wordpress\/wp-json\/wp\/v2\/users\/2"}],"replies":[{"embeddable":true,"href":"http:\/\/www.bushido-lubwart.de\/wordpress\/wp-json\/wp\/v2\/comments?post=1235"}],"version-history":[{"count":0,"href":"http:\/\/www.bushido-lubwart.de\/wordpress\/wp-json\/wp\/v2\/pages\/1235\/revisions"}],"up":[{"embeddable":true,"href":"http:\/\/www.bushido-lubwart.de\/wordpress\/wp-json\/wp\/v2\/pages\/1231"}],"wp:attachment":[{"href":"http:\/\/www.bushido-lubwart.de\/wordpress\/wp-json\/wp\/v2\/media?parent=1235"}],"curies":[{"name":"wp","href":"https:\/\/api.w.org\/{rel}","templated":true}]}}