{"id":1234,"date":"2008-02-26T12:55:25","date_gmt":"2008-02-26T11:55:25","guid":{"rendered":"http:\/\/www.bushido-lubwart.de\/wordpress\/?page_id=1234"},"modified":"2008-03-06T06:56:52","modified_gmt":"2008-03-06T05:56:52","slug":"schwerpunkte-1-stufe","status":"publish","type":"page","link":"http:\/\/www.bushido-lubwart.de\/wordpress\/karate-and-more\/prufungen\/prufungsordnung-djkb\/schwerpunkte-1-stufe\/","title":{"rendered":"Schwerpunkte 1. Stufe"},"content":{"rendered":"<p>Pr\u00fcfungsschwerpunkte bei den Pr\u00fcfungen zum 9., 8. und 7. Kyu<\/p>\n<p><strong>Kihon<\/strong><\/p>\n<p>Der Grund, warum in dieser Pr\u00fcfungs-Gruppe nur Vorw\u00e4rtsbewegungen beim &#8222;Kihon&#8220; einge\u00fcbt werden, liegt darin, da\u00df sich der Anf\u00e4nger besser auf seine Stellung konzentrieren kann. Wenn sich diese Stellungen bei den Lernenden gefestigt haben, werden die R\u00fcckw\u00e4rtsbewegungen mit der jeweiligen richtigen Stellung leichter zu erlernen sein. In dieser Gruppe mu\u00df beim Kihon-Training beachtet werden, da\u00df Stellungen, K\u00f6rperbewegungen und Techniken harmonisch und synchron vollzogen werden.<\/p>\n<p><strong>Kumite<\/strong><\/p>\n<p>Beim Kihon-Ippon-Kumite und Gohon-Kumite mu\u00df in diesen ersten Schritten desPartnertrainings die jeweilige Angriffs- bzw. Abwehrtechnik zielgenau und zielgerecht ausgef\u00fchrtwerden. Dabei ist unbedingt auf die korrekte Distanz zu achten. Diese korrekte Distanz istsowohl beim Angriff, der Abwehr und bei der Kontertechnik nach der Abwehr einzuhalten. DerAbwehrende mu\u00df den Angriff erst dicht vor seinem K\u00f6rper kraftvoll blocken.<\/p>\n<p><strong>Kata<\/strong><\/p>\n<p>zum 9. Kyu: entf\u00e4llt<\/p>\n<p>zum 8. Kyu: Heian-Shodan<br \/>\nbesondere Schwerpunkte: korrekte Zenkutsu &#8211; und Kokutsu-Dachi-Stellung; Renoji-Dachi-Stellung; Tettsui-Uchi zum<\/p>\n<p>7. Kyu: Heian-Nidan<br \/>\nbesondere Schwerpunkte: korrekte Kokutsu-Dachi-Stellung, Shuto-Uke Yoko-Geri und Uraken-Uchi m\u00fcssen synchron ausgef\u00fchrt werden<\/p>\n<table CLASS=\"\">\n<tr>\n<td CLASS=\"\">\n<a href=\"http:\/\/www.bushido-lubwart.de\/wordpress\/?page_id=1233\">Vorbemerkungen<\/a>\n<\/td>\n<td CLASS=\"\">\n<a href=\"http:\/\/www.bushido-lubwart.de\/wordpress\/?page_id=1231\">DJKB-Pr\u00fcfungsordnung<\/a>\n<\/td>\n<td CLASS=\"\">\n<a href=\"http:\/\/www.bushido-lubwart.de\/wordpress\/?page_id=1235\">Schwerpunkte 2. Stufe<\/a>\n<\/td>\n<\/tr>\n<\/table>\n","protected":false},"excerpt":{"rendered":"<p>Pr\u00fcfungsschwerpunkte bei den Pr\u00fcfungen zum 9., 8. und 7. Kyu Kihon Der Grund, warum in dieser Pr\u00fcfungs-Gruppe nur Vorw\u00e4rtsbewegungen beim &#8222;Kihon&#8220; einge\u00fcbt werden, liegt darin, da\u00df sich der Anf\u00e4nger besser auf seine Stellung konzentrieren kann. Wenn sich diese Stellungen bei den Lernenden gefestigt haben, werden die R\u00fcckw\u00e4rtsbewegungen mit der jeweiligen richtigen Stellung leichter zu erlernen [&hellip;]<\/p>\n","protected":false},"author":2,"featured_media":0,"parent":1231,"menu_order":3,"comment_status":"open","ping_status":"open","template":"","meta":{"ngg_post_thumbnail":0,"footnotes":""},"class_list":["post-1234","page","type-page","status-publish","hentry"],"_links":{"self":[{"href":"http:\/\/www.bushido-lubwart.de\/wordpress\/wp-json\/wp\/v2\/pages\/1234"}],"collection":[{"href":"http:\/\/www.bushido-lubwart.de\/wordpress\/wp-json\/wp\/v2\/pages"}],"about":[{"href":"http:\/\/www.bushido-lubwart.de\/wordpress\/wp-json\/wp\/v2\/types\/page"}],"author":[{"embeddable":true,"href":"http:\/\/www.bushido-lubwart.de\/wordpress\/wp-json\/wp\/v2\/users\/2"}],"replies":[{"embeddable":true,"href":"http:\/\/www.bushido-lubwart.de\/wordpress\/wp-json\/wp\/v2\/comments?post=1234"}],"version-history":[{"count":0,"href":"http:\/\/www.bushido-lubwart.de\/wordpress\/wp-json\/wp\/v2\/pages\/1234\/revisions"}],"up":[{"embeddable":true,"href":"http:\/\/www.bushido-lubwart.de\/wordpress\/wp-json\/wp\/v2\/pages\/1231"}],"wp:attachment":[{"href":"http:\/\/www.bushido-lubwart.de\/wordpress\/wp-json\/wp\/v2\/media?parent=1234"}],"curies":[{"name":"wp","href":"https:\/\/api.w.org\/{rel}","templated":true}]}}