{"id":1233,"date":"2008-02-26T12:54:27","date_gmt":"2008-02-26T11:54:27","guid":{"rendered":"http:\/\/www.bushido-lubwart.de\/wordpress\/?page_id=1233"},"modified":"2008-03-06T06:55:59","modified_gmt":"2008-03-06T05:55:59","slug":"vorbemerkungen","status":"publish","type":"page","link":"http:\/\/www.bushido-lubwart.de\/wordpress\/karate-and-more\/prufungen\/prufungsordnung-djkb\/vorbemerkungen\/","title":{"rendered":"Vorbemerkungen"},"content":{"rendered":"<p>Vorbemerkungen zur DJKB- Pr\u00fcfungsordnung<\/p>\n<p><strong>Inhaltliche Schwerpunkte der Pr\u00fcfungsordnung<\/strong><\/p>\n<p>Die vorliegende Pr\u00fcfungsordnung weist inhaltliche Schwerpunkte innerhalb von 3 Stufen der Kyu &#8211; bzw. Dan-Pr\u00fcfungsgruppen auf:<\/p>\n<p><strong>Stufe I:<\/strong><br \/>\nzum 9., 8., 7. Kyu<\/p>\n<p><strong>Stufe II:<\/strong><br \/>\nzum 6., 5., 4. Kyu<\/p>\n<p><strong>Stufe III:<\/strong><br \/>\nzum 3., 2., 1. Kyu u. Dan-Grade<\/p>\n<table CLASS=\"\">\n<tr>\n<td CLASS=\"\">\n<a href=\"http:\/\/www.bushido-lubwart.de\/wordpress\/?page_id=1232\">Hinweise<\/a>\n<\/td>\n<td CLASS=\"\">\n<a href=\"http:\/\/www.bushido-lubwart.de\/wordpress\/?page_id=1231\">DJKB-Pr\u00fcfungsordnung<\/a>\n<\/td>\n<td CLASS=\"\">\n<a href=\"http:\/\/www.bushido-lubwart.de\/wordpress\/?page_id=1234\">Schwerpunkte 1. Stufe<\/a>\n<\/td>\n<\/tr>\n<\/table>\n","protected":false},"excerpt":{"rendered":"<p>Vorbemerkungen zur DJKB- Pr\u00fcfungsordnung Inhaltliche Schwerpunkte der Pr\u00fcfungsordnung Die vorliegende Pr\u00fcfungsordnung weist inhaltliche Schwerpunkte innerhalb von 3 Stufen der Kyu &#8211; bzw. Dan-Pr\u00fcfungsgruppen auf: Stufe I: zum 9., 8., 7. Kyu Stufe II: zum 6., 5., 4. Kyu Stufe III: zum 3., 2., 1. Kyu u. Dan-Grade Hinweise DJKB-Pr\u00fcfungsordnung Schwerpunkte 1. Stufe<\/p>\n","protected":false},"author":2,"featured_media":0,"parent":1231,"menu_order":2,"comment_status":"open","ping_status":"open","template":"","meta":{"ngg_post_thumbnail":0,"footnotes":""},"class_list":["post-1233","page","type-page","status-publish","hentry"],"_links":{"self":[{"href":"http:\/\/www.bushido-lubwart.de\/wordpress\/wp-json\/wp\/v2\/pages\/1233"}],"collection":[{"href":"http:\/\/www.bushido-lubwart.de\/wordpress\/wp-json\/wp\/v2\/pages"}],"about":[{"href":"http:\/\/www.bushido-lubwart.de\/wordpress\/wp-json\/wp\/v2\/types\/page"}],"author":[{"embeddable":true,"href":"http:\/\/www.bushido-lubwart.de\/wordpress\/wp-json\/wp\/v2\/users\/2"}],"replies":[{"embeddable":true,"href":"http:\/\/www.bushido-lubwart.de\/wordpress\/wp-json\/wp\/v2\/comments?post=1233"}],"version-history":[{"count":0,"href":"http:\/\/www.bushido-lubwart.de\/wordpress\/wp-json\/wp\/v2\/pages\/1233\/revisions"}],"up":[{"embeddable":true,"href":"http:\/\/www.bushido-lubwart.de\/wordpress\/wp-json\/wp\/v2\/pages\/1231"}],"wp:attachment":[{"href":"http:\/\/www.bushido-lubwart.de\/wordpress\/wp-json\/wp\/v2\/media?parent=1233"}],"curies":[{"name":"wp","href":"https:\/\/api.w.org\/{rel}","templated":true}]}}