{"id":1231,"date":"2008-02-26T12:36:02","date_gmt":"2008-02-26T11:36:02","guid":{"rendered":"http:\/\/www.bushido-lubwart.de\/wordpress\/?page_id=1231"},"modified":"2008-03-06T06:59:17","modified_gmt":"2008-03-06T05:59:17","slug":"prufungsordnung-djkb","status":"publish","type":"page","link":"http:\/\/www.bushido-lubwart.de\/wordpress\/karate-and-more\/prufungen\/prufungsordnung-djkb\/","title":{"rendered":"Pr\u00fcfungsordnung DJKB"},"content":{"rendered":"<p>Pr\u00fcfungsordnung des Deutschen JKA-Karate-Bundes, dem zweitgr\u00f6\u00dften Karateverband Deutschlands. Dieser Karateverband ist Mitglied der Japan Karate Association.<\/p>\n<p><strong><a HREF=\"http:\/\/www.bushido-lubwart.de\/wordpress\/?page_id=1232\">Hinweise<\/a><\/strong> Hinweise zur Ausf\u00fchrung der Techniken in den Kyu- und Dan-Pr\u00fcfungsprogrammen<\/p>\n<p><strong><a HREF=\"http:\/\/www.bushido-lubwart.de\/wordpress\/?page_id=1233\">Vorbemerkungen<\/a><\/strong> Vorbemerkungen zur DJKB- Pr\u00fcfungsordnung<\/p>\n<p><strong><a HREF=\"http:\/\/www.bushido-lubwart.de\/wordpress\/?page_id=1234\">Schwerpunkte 1. Stufe<\/a><\/strong> Pr\u00fcfungsschwerpunkte bei den Pr\u00fcfungen zum 9., 8. und 7. Kyu<\/p>\n<p><strong><a HREF=\"http:\/\/www.bushido-lubwart.de\/wordpress\/?page_id=1235\">Schwerpunkte 2. Stufe<\/a><\/strong> Pr\u00fcfungsschwerpunkte bei den Pr\u00fcfungen zum 6., 5. und 4. Kyu<\/p>\n<p><strong><a HREF=\"http:\/\/www.bushido-lubwart.de\/wordpress\/?page_id=1236\">Schwerpunkte 3. Stufe<\/a><\/strong> Pr\u00fcfungsschwerpunkte bei den Pr\u00fcfungen zum 3., 2. und 1. Kyu sowie zum 1. Dan<\/p>\n<p><strong><a HREF=\"http:\/\/www.bushido-lubwart.de\/wordpress\/?page_id=1237\">Alter und Wartezeiten<\/a><\/strong> Voraussetzungen f\u00fcr Kyu und Dan-Pr\u00fcfungen<\/p>\n<ul>\n<li><strong><a HREF=\"http:\/\/www.bushido-lubwart.de\/wordpress\/?page_id=1238\">9. Kyu<\/a><\/strong> Pr\u00fcfungsprogramm zum 9. Kyu (Wei\u00dfgurt)<\/li>\n<li><strong><a HREF=\"http:\/\/www.bushido-lubwart.de\/wordpress\/?page_id=1239\">8. Kyu<\/a><\/strong> Pr\u00fcfungsprogramm zum 8. Kyu (Gelbgurt)<\/li>\n<li><strong><a HREF=\"http:\/\/www.bushido-lubwart.de\/wordpress\/?page_id=1240\">7. Kyu<\/a><\/strong> Pr\u00fcfungsprogramm zum 7. Kyu (Orangegurt)<\/li>\n<li><strong><a HREF=\"http:\/\/www.bushido-lubwart.de\/wordpress\/?page_id=1241\">6. Kyu<\/a><\/strong> Pr\u00fcfungsprogramm zum 6. Kyu (Gr\u00fcngurt)<\/li>\n<li><strong><a HREF=\"http:\/\/www.bushido-lubwart.de\/wordpress\/?page_id=1242\">5. Kyu<\/a><\/strong> Pr\u00fcfungsprogramm zum 5. Kyu (Blaugurt)<\/li>\n<li><strong><a HREF=\"http:\/\/www.bushido-lubwart.de\/wordpress\/?page_id=1243\">4. Kyu<\/a><\/strong> Pr\u00fcfungsprogramm zum 4. Kyu (Violettgurt)<\/li>\n<li><strong><a HREF=\"http:\/\/www.bushido-lubwart.de\/wordpress\/?page_id=1244\">3. Kyu<\/a><\/strong> Pr\u00fcfungsprogramm zum 3. Kyu (1. Braungurt)<\/li>\n<li><strong><a HREF=\"http:\/\/www.bushido-lubwart.de\/wordpress\/?page_id=1245\">2. Kyu<\/a><\/strong> Pr\u00fcfungsprogramm zum 2. Kyu (2. Braungurt)<\/li>\n<li><strong><a HREF=\"http:\/\/www.bushido-lubwart.de\/wordpress\/?page_id=1246\">1. Kyu<\/a><\/strong> Pr\u00fcfungsprogramm zum 1. Kyu (3. Braungurt)<\/li>\n<li><strong><a HREF=\"http:\/\/www.bushido-lubwart.de\/wordpress\/?page_id=1247\">1. Dan<\/a><\/strong> Pr\u00fcfungsprogramm zum 1. Dan (1. Schwarzgurt)<\/li>\n<li><strong><a HREF=\"http:\/\/www.bushido-lubwart.de\/wordpress\/?page_id=1248\">2. Dan<\/a><\/strong> Pr\u00fcfungsprogramm zum 2. Dan (2. Schwarzgurt)<\/li>\n<li><strong><a HREF=\"http:\/\/www.bushido-lubwart.de\/wordpress\/?page_id=1249\">3. Dan<\/a><\/strong> Pr\u00fcfungsprogramm zum 3. Dan (3. Schwarzgurt)<\/li>\n<\/ul>\n<p><strong><a HREF=\"http:\/\/www.bushido-lubwart.de\/wordpress\/?page_id=1250\">Anhang: Fachbegriffe <\/a><\/strong>Zusammenstellung der gebr\u00e4uchlichen japanischen Fachbegriffe<\/p>\n","protected":false},"excerpt":{"rendered":"<p>Pr\u00fcfungsordnung des Deutschen JKA-Karate-Bundes, dem zweitgr\u00f6\u00dften Karateverband Deutschlands. Dieser Karateverband ist Mitglied der Japan Karate Association. Hinweise Hinweise zur Ausf\u00fchrung der Techniken in den Kyu- und Dan-Pr\u00fcfungsprogrammen Vorbemerkungen Vorbemerkungen zur DJKB- Pr\u00fcfungsordnung Schwerpunkte 1. Stufe Pr\u00fcfungsschwerpunkte bei den Pr\u00fcfungen zum 9., 8. und 7. Kyu Schwerpunkte 2. Stufe Pr\u00fcfungsschwerpunkte bei den Pr\u00fcfungen zum 6., 5. [&hellip;]<\/p>\n","protected":false},"author":2,"featured_media":0,"parent":1168,"menu_order":4,"comment_status":"open","ping_status":"open","template":"","meta":{"ngg_post_thumbnail":0,"footnotes":""},"class_list":["post-1231","page","type-page","status-publish","hentry"],"_links":{"self":[{"href":"http:\/\/www.bushido-lubwart.de\/wordpress\/wp-json\/wp\/v2\/pages\/1231"}],"collection":[{"href":"http:\/\/www.bushido-lubwart.de\/wordpress\/wp-json\/wp\/v2\/pages"}],"about":[{"href":"http:\/\/www.bushido-lubwart.de\/wordpress\/wp-json\/wp\/v2\/types\/page"}],"author":[{"embeddable":true,"href":"http:\/\/www.bushido-lubwart.de\/wordpress\/wp-json\/wp\/v2\/users\/2"}],"replies":[{"embeddable":true,"href":"http:\/\/www.bushido-lubwart.de\/wordpress\/wp-json\/wp\/v2\/comments?post=1231"}],"version-history":[{"count":0,"href":"http:\/\/www.bushido-lubwart.de\/wordpress\/wp-json\/wp\/v2\/pages\/1231\/revisions"}],"up":[{"embeddable":true,"href":"http:\/\/www.bushido-lubwart.de\/wordpress\/wp-json\/wp\/v2\/pages\/1168"}],"wp:attachment":[{"href":"http:\/\/www.bushido-lubwart.de\/wordpress\/wp-json\/wp\/v2\/media?parent=1231"}],"curies":[{"name":"wp","href":"https:\/\/api.w.org\/{rel}","templated":true}]}}