{"id":1226,"date":"2008-02-26T12:29:18","date_gmt":"2008-02-26T11:29:18","guid":{"rendered":"http:\/\/www.bushido-lubwart.de\/wordpress\/?page_id=1226"},"modified":"2008-03-05T11:42:09","modified_gmt":"2008-03-05T10:42:09","slug":"4-dan","status":"publish","type":"page","link":"http:\/\/www.bushido-lubwart.de\/wordpress\/karate-and-more\/prufungen\/prufungsordnung-dkv\/4-dan\/","title":{"rendered":"4. Dan"},"content":{"rendered":"<p><strong>Kihon<\/strong><br \/>\n1. &#8211; 4. Techniken nach Ansage des Pr\u00fcflings<br \/>\n5. &#8211; 8. nach Wahl und Ansage der Pr\u00fcfer<\/p>\n<p><strong>Kata<\/strong><br \/>\nTokui Kata freie Wahl. Nicht Bassai Dai, Jion, Kanku Dai, Empi, Hangetsu, Heian-Kata und Tekki 1 und die Tokui Kata der 2. und 3. Danpr\u00fcfung<\/p>\n<p>2 Shitei Kata nach Wahl der Pr\u00fcfer aus Heian-Kata und Tekki 1, Bassai Dai, Jion, Empi, Kanku Dai, Hangetsu, Bassai Sho, Kanku Sho, Meikyo, Sochin, Jitte, Tekki Nidan, Nijushiho, Gankaku, Chinte<\/p>\n<p><strong>Bunkai<\/strong><br \/>\nErkl\u00e4ren des Ablaufes der gew\u00e4hlten Kata nach Angabe der Pr\u00fcfer<br \/>\nFragen zu einzelnen Bewegungen einer vom Pr\u00fcfling gezeigten Kata<\/p>\n<p><strong>Kumite<\/strong><br \/>\nJiyu Ippon Kumite<\/p>\n<p>nach Wahl und Ansage der Pr\u00fcfer<\/p>\n<p><strong>Jiyu &#8211; Kumite<\/strong><\/p>\n<table CLASS=\"\">\n<tr>\n<td CLASS=\"\"><a href=\"http:\/\/www.bushido-lubwart.de\/wordpress\/?page_id=1225\">3. Dan<\/a><\/td>\n<td CLASS=\"\"><a href=\"http:\/\/www.bushido-lubwart.de\/wordpress\/?page_id=1207\">DKV Pr\u00fcfungs\u00fcbersicht<\/a><\/td>\n<td CLASS=\"\"><a href=\"http:\/\/www.bushido-lubwart.de\/wordpress\/?page_id=1227\">5. Dan<\/a><\/td>\n<\/tr>\n<\/table>\n","protected":false},"excerpt":{"rendered":"<p>Kihon 1. &#8211; 4. Techniken nach Ansage des Pr\u00fcflings 5. &#8211; 8. nach Wahl und Ansage der Pr\u00fcfer Kata Tokui Kata freie Wahl. Nicht Bassai Dai, Jion, Kanku Dai, Empi, Hangetsu, Heian-Kata und Tekki 1 und die Tokui Kata der 2. und 3. Danpr\u00fcfung 2 Shitei Kata nach Wahl der Pr\u00fcfer aus Heian-Kata und Tekki [&hellip;]<\/p>\n","protected":false},"author":2,"featured_media":0,"parent":1207,"menu_order":19,"comment_status":"open","ping_status":"open","template":"","meta":{"ngg_post_thumbnail":0,"footnotes":""},"class_list":["post-1226","page","type-page","status-publish","hentry"],"_links":{"self":[{"href":"http:\/\/www.bushido-lubwart.de\/wordpress\/wp-json\/wp\/v2\/pages\/1226"}],"collection":[{"href":"http:\/\/www.bushido-lubwart.de\/wordpress\/wp-json\/wp\/v2\/pages"}],"about":[{"href":"http:\/\/www.bushido-lubwart.de\/wordpress\/wp-json\/wp\/v2\/types\/page"}],"author":[{"embeddable":true,"href":"http:\/\/www.bushido-lubwart.de\/wordpress\/wp-json\/wp\/v2\/users\/2"}],"replies":[{"embeddable":true,"href":"http:\/\/www.bushido-lubwart.de\/wordpress\/wp-json\/wp\/v2\/comments?post=1226"}],"version-history":[{"count":0,"href":"http:\/\/www.bushido-lubwart.de\/wordpress\/wp-json\/wp\/v2\/pages\/1226\/revisions"}],"up":[{"embeddable":true,"href":"http:\/\/www.bushido-lubwart.de\/wordpress\/wp-json\/wp\/v2\/pages\/1207"}],"wp:attachment":[{"href":"http:\/\/www.bushido-lubwart.de\/wordpress\/wp-json\/wp\/v2\/media?parent=1226"}],"curies":[{"name":"wp","href":"https:\/\/api.w.org\/{rel}","templated":true}]}}