{"id":1220,"date":"2008-02-26T12:23:28","date_gmt":"2008-02-26T11:23:28","guid":{"rendered":"http:\/\/www.bushido-lubwart.de\/wordpress\/?page_id=1220"},"modified":"2008-03-05T11:38:16","modified_gmt":"2008-03-05T10:38:16","slug":"3-kyu","status":"publish","type":"page","link":"http:\/\/www.bushido-lubwart.de\/wordpress\/karate-and-more\/prufungen\/prufungsordnung-dkv\/3-kyu\/","title":{"rendered":"3. Kyu"},"content":{"rendered":"<p><strong>Kihon<\/strong><br \/>\n1. ZK v Ren-Zuki (Jodan-Chudan)<br \/>\n2. ZK v Oi-Zuki Jodan\/ZK r Gedan-Barai\/ZK v Oi-Zuki Chudan<br \/>\n3. ZK v Age-Uke\/Mae-Geri (hinten absetzen)\/Gedan-Barai\/Gyaku-Zuki<br \/>\n4. KK r Morote-Uchi-Ude-Uke\/ZK Shuto-Uchi Jodan (vorderer Arm)\/ Gyaku-Zuki<br \/>\n5. ZK v Soto-Ude-Uke\/KB Yoko-Empi\/Yoko-Uraken Jodan\/Gyaku-Zuki<br \/>\n6. KK r Shuto-Uke\/Yoko-Geri Kekomi (vorderes Bein)\/ZK Gyaku-Tate-Nukite<br \/>\n7. ZK vMae-Ashi-Geri\/Mawashi-Geri<br \/>\n8. ZK vUshiro-Geri<br \/>\n9. KB s Yoko-Geri Kekomi\/ZK Gyaku-Mae-Empi\/KB Gedan-Barai<br \/>\n(3x links, 3x rechts)<\/p>\n<p><strong>Kata<\/strong><br \/>\nTekki Shodan<br \/>\nHeian Shodan bis Godan k\u00f6nnen nach Wahl des Pr\u00fcfers gepr\u00fcft werden.<\/p>\n<p><strong>Bunkai<\/strong><br \/>\nKenntnis der Anwendung aller Techniken der Heian Godan<br \/>\nPraktische Demonstration eines Ablaufes (mehrere Techniken) der Heian Godan<br \/>\nnach Wahl des Pr\u00fcflings.<\/p>\n<p><strong>Kumite<\/strong><br \/>\nJiyu Ippon Kumite (alle Angriffe jeweils 2x)<\/p>\n<p>TORI UKE<br \/>\nAusgangsstellung Freie Seitenwahl ausFrei Seitenwahl aus<br \/>\nKamae Kamae<br \/>\n1. BewegungSchritt vor frei<br \/>\n1. Oi-Zuki JodanAbwehr und Gegenangriff sind frei.<br \/>\nEs ist Suri-Ashi (Gleitbewegung) und<br \/>\nKai-Ashi (Schritt) zu zeigen. Der<br \/>\n2. Oi-Zuki Chudan<br \/>\n3. Mae-Geri ChudanGegenangriff wird zu Chudan<br \/>\n4. Ushiro-GeriChudan Kamae zur\u00fcckgenommen<\/p>\n<p><strong>Partner\u00fcbung zum Freikampf<\/strong><br \/>\nTORI UKE<br \/>\nAusgangsstellung<br \/>\nGleichseitige Beide links oder rechts vor<\/p>\n<p>Ausgangsstellung<br \/>\n1. Bewegung<br \/>\nSuri-Ashi<br \/>\nSuri-Ashi<br \/>\nAblauf<br \/>\nKizami-Zuki Jodan<br \/>\nDe-Ai mit Te-Nagashi-Uke und Gyaku-Zuki Chudan<\/p>\n<p>Seitenverkehrte Ausgangsstellung<br \/>\nUraken-Jodan<br \/>\nDe-Ai mit Te-Nagashi-Uke und Gyaku-Zuki Chudan<\/p>\n<table CLASS=\"\">\n<tr>\n<td CLASS=\"\"><a HREF=\"http:\/\/www.bushido-lubwart.de\/wordpress\/?page_id=1219\">4. Kyu<\/a><\/td>\n<td CLASS=\"\"><a HREF=\"http:\/\/www.bushido-lubwart.de\/wordpress\/?page_id=1207\">DKV Pr\u00fcfungs\u00fcbersicht<\/a><\/td>\n<td CLASS=\"\"><a HREF=\"http:\/\/www.bushido-lubwart.de\/wordpress\/?page_id=1221\">2. Kyu<\/a><\/td>\n<\/tr>\n<\/table>\n","protected":false},"excerpt":{"rendered":"<p>Kihon 1. ZK v Ren-Zuki (Jodan-Chudan) 2. ZK v Oi-Zuki Jodan\/ZK r Gedan-Barai\/ZK v Oi-Zuki Chudan 3. ZK v Age-Uke\/Mae-Geri (hinten absetzen)\/Gedan-Barai\/Gyaku-Zuki 4. KK r Morote-Uchi-Ude-Uke\/ZK Shuto-Uchi Jodan (vorderer Arm)\/ Gyaku-Zuki 5. ZK v Soto-Ude-Uke\/KB Yoko-Empi\/Yoko-Uraken Jodan\/Gyaku-Zuki 6. KK r Shuto-Uke\/Yoko-Geri Kekomi (vorderes Bein)\/ZK Gyaku-Tate-Nukite 7. ZK vMae-Ashi-Geri\/Mawashi-Geri 8. ZK vUshiro-Geri 9. KB s Yoko-Geri [&hellip;]<\/p>\n","protected":false},"author":2,"featured_media":0,"parent":1207,"menu_order":13,"comment_status":"open","ping_status":"open","template":"","meta":{"ngg_post_thumbnail":0,"footnotes":""},"class_list":["post-1220","page","type-page","status-publish","hentry"],"_links":{"self":[{"href":"http:\/\/www.bushido-lubwart.de\/wordpress\/wp-json\/wp\/v2\/pages\/1220"}],"collection":[{"href":"http:\/\/www.bushido-lubwart.de\/wordpress\/wp-json\/wp\/v2\/pages"}],"about":[{"href":"http:\/\/www.bushido-lubwart.de\/wordpress\/wp-json\/wp\/v2\/types\/page"}],"author":[{"embeddable":true,"href":"http:\/\/www.bushido-lubwart.de\/wordpress\/wp-json\/wp\/v2\/users\/2"}],"replies":[{"embeddable":true,"href":"http:\/\/www.bushido-lubwart.de\/wordpress\/wp-json\/wp\/v2\/comments?post=1220"}],"version-history":[{"count":0,"href":"http:\/\/www.bushido-lubwart.de\/wordpress\/wp-json\/wp\/v2\/pages\/1220\/revisions"}],"up":[{"embeddable":true,"href":"http:\/\/www.bushido-lubwart.de\/wordpress\/wp-json\/wp\/v2\/pages\/1207"}],"wp:attachment":[{"href":"http:\/\/www.bushido-lubwart.de\/wordpress\/wp-json\/wp\/v2\/media?parent=1220"}],"curies":[{"name":"wp","href":"https:\/\/api.w.org\/{rel}","templated":true}]}}