{"id":1213,"date":"2008-02-26T12:15:22","date_gmt":"2008-02-26T11:15:22","guid":{"rendered":"http:\/\/www.bushido-lubwart.de\/wordpress\/?page_id=1213"},"modified":"2008-03-05T11:32:52","modified_gmt":"2008-03-05T10:32:52","slug":"sonstiges","status":"publish","type":"page","link":"http:\/\/www.bushido-lubwart.de\/wordpress\/karate-and-more\/prufungen\/prufungsordnung-dkv\/sonstiges\/","title":{"rendered":"Sonstiges"},"content":{"rendered":"<p>Das Hinzuziehen eines Kampfrichters beim Jiyu-Kumite, darf nur ordnenden Charakter haben, die Punktevergabe steht nicht im Vordergrund.<\/p>\n<p>Ausrichter und Pr\u00fcfer haben f\u00fcr einen &#8222;w\u00fcrdigen&#8220; Rahmen bei der Pr\u00fcfung zu sorgen (Kleidung usw.)<\/p>\n<table CLASS=\"\">\n<tr>\n<td CLASS=\"\"><a HREF=\"http:\/\/www.bushido-lubwart.de\/wordpress\/?page_id=1212\">Kumite<\/a><\/td>\n<td CLASS=\"\"><a HREF=\"http:\/\/www.bushido-lubwart.de\/wordpress\/?page_id=1207\">DKV Pr\u00fcfungs\u00fcbersicht<\/a><\/td>\n<td CLASS=\"\"><a HREF=\"http:\/\/www.bushido-lubwart.de\/wordpress\/?page_id=1214\">9. Kyu<\/a><\/td>\n<\/tr>\n<\/table>\n","protected":false},"excerpt":{"rendered":"<p>Das Hinzuziehen eines Kampfrichters beim Jiyu-Kumite, darf nur ordnenden Charakter haben, die Punktevergabe steht nicht im Vordergrund. Ausrichter und Pr\u00fcfer haben f\u00fcr einen &#8222;w\u00fcrdigen&#8220; Rahmen bei der Pr\u00fcfung zu sorgen (Kleidung usw.) Kumite DKV Pr\u00fcfungs\u00fcbersicht 9. Kyu<\/p>\n","protected":false},"author":2,"featured_media":0,"parent":1207,"menu_order":6,"comment_status":"open","ping_status":"open","template":"","meta":{"ngg_post_thumbnail":0,"footnotes":""},"class_list":["post-1213","page","type-page","status-publish","hentry"],"_links":{"self":[{"href":"http:\/\/www.bushido-lubwart.de\/wordpress\/wp-json\/wp\/v2\/pages\/1213"}],"collection":[{"href":"http:\/\/www.bushido-lubwart.de\/wordpress\/wp-json\/wp\/v2\/pages"}],"about":[{"href":"http:\/\/www.bushido-lubwart.de\/wordpress\/wp-json\/wp\/v2\/types\/page"}],"author":[{"embeddable":true,"href":"http:\/\/www.bushido-lubwart.de\/wordpress\/wp-json\/wp\/v2\/users\/2"}],"replies":[{"embeddable":true,"href":"http:\/\/www.bushido-lubwart.de\/wordpress\/wp-json\/wp\/v2\/comments?post=1213"}],"version-history":[{"count":0,"href":"http:\/\/www.bushido-lubwart.de\/wordpress\/wp-json\/wp\/v2\/pages\/1213\/revisions"}],"up":[{"embeddable":true,"href":"http:\/\/www.bushido-lubwart.de\/wordpress\/wp-json\/wp\/v2\/pages\/1207"}],"wp:attachment":[{"href":"http:\/\/www.bushido-lubwart.de\/wordpress\/wp-json\/wp\/v2\/media?parent=1213"}],"curies":[{"name":"wp","href":"https:\/\/api.w.org\/{rel}","templated":true}]}}