{"id":1212,"date":"2008-02-26T12:14:29","date_gmt":"2008-02-26T11:14:29","guid":{"rendered":"http:\/\/www.bushido-lubwart.de\/wordpress\/?page_id=1212"},"modified":"2008-03-05T11:32:04","modified_gmt":"2008-03-05T10:32:04","slug":"kumite","status":"publish","type":"page","link":"http:\/\/www.bushido-lubwart.de\/wordpress\/karate-and-more\/prufungen\/prufungsordnung-dkv\/kumite\/","title":{"rendered":"Kumite"},"content":{"rendered":"<p>Die Angriffe sind jeweils dreimal aus Hidari-Kamae (Ausgangsstellung linkes Bein vorne) und dreimal aus Migi-Kamae (Ausgangsstellung rechtes Bein vorne) auszuf\u00fchren. Dies soll m\u00f6glichst aus der Bewegung erfolgen.<br \/>\nDer Angreifer mu\u00df die Angriffstechnik und -stufe jeweils einmal vor der Ausf\u00fchrung der ersten Technik ansagen.<\/p>\n<table CLASS=\"\">\n<tr>\n<td CLASS=\"\"><a HREF=\"http:\/\/www.bushido-lubwart.de\/wordpress\/?page_id=1211\">Kihon<\/a><\/td>\n<td CLASS=\"\"><a HREF=\"http:\/\/www.bushido-lubwart.de\/wordpress\/?page_id=1207\">DKV Pr\u00fcfungs\u00fcbersicht<\/a><\/td>\n<td CLASS=\"\"><a HREF=\"http:\/\/www.bushido-lubwart.de\/wordpress\/?page_id=1213\">Sonstiges<\/a><\/td>\n<\/tr>\n<\/table>\n","protected":false},"excerpt":{"rendered":"<p>Die Angriffe sind jeweils dreimal aus Hidari-Kamae (Ausgangsstellung linkes Bein vorne) und dreimal aus Migi-Kamae (Ausgangsstellung rechtes Bein vorne) auszuf\u00fchren. Dies soll m\u00f6glichst aus der Bewegung erfolgen. Der Angreifer mu\u00df die Angriffstechnik und -stufe jeweils einmal vor der Ausf\u00fchrung der ersten Technik ansagen. Kihon DKV Pr\u00fcfungs\u00fcbersicht Sonstiges<\/p>\n","protected":false},"author":2,"featured_media":0,"parent":1207,"menu_order":5,"comment_status":"open","ping_status":"open","template":"","meta":{"ngg_post_thumbnail":0,"footnotes":""},"class_list":["post-1212","page","type-page","status-publish","hentry"],"_links":{"self":[{"href":"http:\/\/www.bushido-lubwart.de\/wordpress\/wp-json\/wp\/v2\/pages\/1212"}],"collection":[{"href":"http:\/\/www.bushido-lubwart.de\/wordpress\/wp-json\/wp\/v2\/pages"}],"about":[{"href":"http:\/\/www.bushido-lubwart.de\/wordpress\/wp-json\/wp\/v2\/types\/page"}],"author":[{"embeddable":true,"href":"http:\/\/www.bushido-lubwart.de\/wordpress\/wp-json\/wp\/v2\/users\/2"}],"replies":[{"embeddable":true,"href":"http:\/\/www.bushido-lubwart.de\/wordpress\/wp-json\/wp\/v2\/comments?post=1212"}],"version-history":[{"count":0,"href":"http:\/\/www.bushido-lubwart.de\/wordpress\/wp-json\/wp\/v2\/pages\/1212\/revisions"}],"up":[{"embeddable":true,"href":"http:\/\/www.bushido-lubwart.de\/wordpress\/wp-json\/wp\/v2\/pages\/1207"}],"wp:attachment":[{"href":"http:\/\/www.bushido-lubwart.de\/wordpress\/wp-json\/wp\/v2\/media?parent=1212"}],"curies":[{"name":"wp","href":"https:\/\/api.w.org\/{rel}","templated":true}]}}