{"id":1208,"date":"2008-02-26T12:11:03","date_gmt":"2008-02-26T11:11:03","guid":{"rendered":"http:\/\/www.bushido-lubwart.de\/wordpress\/?page_id=1208"},"modified":"2008-03-05T11:27:40","modified_gmt":"2008-03-05T10:27:40","slug":"vorwort-zur-prufungsordnung","status":"publish","type":"page","link":"http:\/\/www.bushido-lubwart.de\/wordpress\/karate-and-more\/prufungen\/prufungsordnung-dkv\/vorwort-zur-prufungsordnung\/","title":{"rendered":"Vorwort zur Pr\u00fcfungsordnung"},"content":{"rendered":"<p>Die Pr\u00fcfungsordnung gliedert die Trainingsinhalte in der Entwicklung eines Karateka vom Anf\u00e4nger bis zum Meister und die Pr\u00fcfungskriterien zu den verschiedenen Sch\u00fcler- und Meisterpr\u00fcfungen. Durch langfristiges und best\u00e4ndiges Training soll der \u00dcbende, gleichzeitig mit der k\u00f6rperlichen Ausbildung, den verantwortungs-bewu\u00dften Umgang mit Partnern im Karate erlernen. Dazu dienen die Regeln und Etikette des Karate &#8211; Do, die unverzichtbarer Bestandteil des traditionellen Shotokan-Karate wie auch dieser Pr\u00fcfungsordnung sind. Die unterschiedlichen \u00dcbungsformen von Grundschule, Partnertraining und Kata bieten dem Karateka eine solide Ausgangsbasis f\u00fcr das breite Spektrum des Karate. In der Pr\u00fcfungsordnung wurde aus Gr\u00fcnden der \u00dcbersichtlichkeit auf das Hinzuf\u00fcgen von weiblichen Endungen verzichtet. Entsprechende Begriffe sind nicht geschlechts-spezifisch gemeint.<\/p>\n<table CLASS=\"\">\n<tr>\n<td CLASS=\"\"><a HREF=\"http:\/\/www.bushido-lubwart.de\/wordpress\/?page_id=1230\">Kumiteformen<\/a><\/td>\n<td CLASS=\"\"><a HREF=\"http:\/\/www.bushido-lubwart.de\/wordpress\/?page_id=1207\">DKV Pr\u00fcfungs\u00fcbersicht<\/a><\/td>\n<td CLASS=\"\"><a HREF=\"http:\/\/www.bushido-lubwart.de\/wordpress\/?page_id=1209\">Schwerpunkte<\/a><\/td>\n<\/tr>\n<\/table>\n","protected":false},"excerpt":{"rendered":"<p>Die Pr\u00fcfungsordnung gliedert die Trainingsinhalte in der Entwicklung eines Karateka vom Anf\u00e4nger bis zum Meister und die Pr\u00fcfungskriterien zu den verschiedenen Sch\u00fcler- und Meisterpr\u00fcfungen. Durch langfristiges und best\u00e4ndiges Training soll der \u00dcbende, gleichzeitig mit der k\u00f6rperlichen Ausbildung, den verantwortungs-bewu\u00dften Umgang mit Partnern im Karate erlernen. Dazu dienen die Regeln und Etikette des Karate &#8211; Do, [&hellip;]<\/p>\n","protected":false},"author":2,"featured_media":0,"parent":1207,"menu_order":1,"comment_status":"open","ping_status":"open","template":"","meta":{"ngg_post_thumbnail":0,"footnotes":""},"class_list":["post-1208","page","type-page","status-publish","hentry"],"_links":{"self":[{"href":"http:\/\/www.bushido-lubwart.de\/wordpress\/wp-json\/wp\/v2\/pages\/1208"}],"collection":[{"href":"http:\/\/www.bushido-lubwart.de\/wordpress\/wp-json\/wp\/v2\/pages"}],"about":[{"href":"http:\/\/www.bushido-lubwart.de\/wordpress\/wp-json\/wp\/v2\/types\/page"}],"author":[{"embeddable":true,"href":"http:\/\/www.bushido-lubwart.de\/wordpress\/wp-json\/wp\/v2\/users\/2"}],"replies":[{"embeddable":true,"href":"http:\/\/www.bushido-lubwart.de\/wordpress\/wp-json\/wp\/v2\/comments?post=1208"}],"version-history":[{"count":0,"href":"http:\/\/www.bushido-lubwart.de\/wordpress\/wp-json\/wp\/v2\/pages\/1208\/revisions"}],"up":[{"embeddable":true,"href":"http:\/\/www.bushido-lubwart.de\/wordpress\/wp-json\/wp\/v2\/pages\/1207"}],"wp:attachment":[{"href":"http:\/\/www.bushido-lubwart.de\/wordpress\/wp-json\/wp\/v2\/media?parent=1208"}],"curies":[{"name":"wp","href":"https:\/\/api.w.org\/{rel}","templated":true}]}}