{"id":1206,"date":"2008-02-26T12:07:28","date_gmt":"2008-02-26T11:07:28","guid":{"rendered":"http:\/\/www.bushido-lubwart.de\/wordpress\/?page_id=1206"},"modified":"2008-03-05T11:23:27","modified_gmt":"2008-03-05T10:23:27","slug":"anlage","status":"publish","type":"page","link":"http:\/\/www.bushido-lubwart.de\/wordpress\/karate-and-more\/prufungen\/prufungsordnung-srd\/anlage\/","title":{"rendered":"Anlage"},"content":{"rendered":"<p>Bis zum Alter von 14 Jahren k\u00f6nnen vor der eigentlichen Pr\u00fcfung bis zu 2 Zwischenpr\u00fcfungen abgenommen werden, die durch farbige Streifen auf dem G\u00fcrtel gekennzeichnet werden.<\/p>\n<p><strong>Kennzeichnung der Zwischenpr\u00fcfung<\/strong><\/p>\n<ul>\n<li>\t10. Kyu (Wei\u00dfgurt) Zwischenpr\u00fcfung zum 9. Kyu &#8211; je Zwischenpr\u00fcfung ein schwarzer Streifen<\/li>\n<li>\t9. Kyu (Wei\u00dfgurt) Zwischenpr\u00fcfung zum 8. Kyu &#8211; je Zwischenpr\u00fcfung ein gelber Streifen<\/li>\n<li>\t8. Kyu (Gelbgurt) Zwischenpr\u00fcfung zum 7. Kyu &#8211; je Zwischenpr\u00fcfung ein orangefarbener Streifen<\/li>\n<li>\t7. Kyu (Orangegurt) Zwischenpr\u00fcfung zum 6. Kyu &#8211; je Zwischenpr\u00fcfung ein gr\u00fcner Streifen<\/li>\n<li>\t6. Kyu (Gr\u00fcngurt) Zwischenpr\u00fcfung zum 5. Kyu &#8211; je Zwischenpr\u00fcfung ein blauer Streifen<\/li>\n<li>\t5. Kyu (Blaugurt) Zwischenpr\u00fcfung zum 4. Kyu &#8211; je Zwischenpr\u00fcfung ein violetter Streifen<\/li>\n<li>\t4. Kyu (Violettgurt) Zwischenpr\u00fcfung zum 3. Kyu &#8211; je Zwischenpr\u00fcfung ein brauner Streifen<\/li>\n<\/ul>\n<p>Ab dem 3. Kyu sollten keine Untergraduierungen mehr abgenommen werden, da der Pr\u00fcfling mit der Pr\u00fcfungsabnahme mindestens 14 Jahre alt sein sollte.<\/p>\n<table CLASS=\"\">\n<tr>\n<td CLASS=\"\"><a HREF=\"http:\/\/www.bushido-lubwart.de\/wordpress\/?page_id=1205\">Gichin Funakoshi<\/a><\/td>\n<td CLASS=\"\"><a HREF=\"http:\/\/www.bushido-lubwart.de\/wordpress\/?page_id=1187\">SRD Pr\u00fcfungs\u00fcbersicht<\/a><\/td>\n<td CLASS=\"\"><a HREF=\"http:\/\/www.bushido-lubwart.de\/wordpress\/?page_id=1189\">Vorbermerkungen<\/a><\/td>\n<\/tr>\n<\/table>\n","protected":false},"excerpt":{"rendered":"<p>Bis zum Alter von 14 Jahren k\u00f6nnen vor der eigentlichen Pr\u00fcfung bis zu 2 Zwischenpr\u00fcfungen abgenommen werden, die durch farbige Streifen auf dem G\u00fcrtel gekennzeichnet werden. Kennzeichnung der Zwischenpr\u00fcfung 10. Kyu (Wei\u00dfgurt) Zwischenpr\u00fcfung zum 9. Kyu &#8211; je Zwischenpr\u00fcfung ein schwarzer Streifen 9. Kyu (Wei\u00dfgurt) Zwischenpr\u00fcfung zum 8. Kyu &#8211; je Zwischenpr\u00fcfung ein gelber Streifen [&hellip;]<\/p>\n","protected":false},"author":2,"featured_media":0,"parent":1187,"menu_order":19,"comment_status":"open","ping_status":"open","template":"","meta":{"ngg_post_thumbnail":0,"footnotes":""},"class_list":["post-1206","page","type-page","status-publish","hentry"],"_links":{"self":[{"href":"http:\/\/www.bushido-lubwart.de\/wordpress\/wp-json\/wp\/v2\/pages\/1206"}],"collection":[{"href":"http:\/\/www.bushido-lubwart.de\/wordpress\/wp-json\/wp\/v2\/pages"}],"about":[{"href":"http:\/\/www.bushido-lubwart.de\/wordpress\/wp-json\/wp\/v2\/types\/page"}],"author":[{"embeddable":true,"href":"http:\/\/www.bushido-lubwart.de\/wordpress\/wp-json\/wp\/v2\/users\/2"}],"replies":[{"embeddable":true,"href":"http:\/\/www.bushido-lubwart.de\/wordpress\/wp-json\/wp\/v2\/comments?post=1206"}],"version-history":[{"count":0,"href":"http:\/\/www.bushido-lubwart.de\/wordpress\/wp-json\/wp\/v2\/pages\/1206\/revisions"}],"up":[{"embeddable":true,"href":"http:\/\/www.bushido-lubwart.de\/wordpress\/wp-json\/wp\/v2\/pages\/1187"}],"wp:attachment":[{"href":"http:\/\/www.bushido-lubwart.de\/wordpress\/wp-json\/wp\/v2\/media?parent=1206"}],"curies":[{"name":"wp","href":"https:\/\/api.w.org\/{rel}","templated":true}]}}