{"id":1195,"date":"2008-02-26T11:51:37","date_gmt":"2008-02-26T10:51:37","guid":{"rendered":"http:\/\/www.bushido-lubwart.de\/wordpress\/?page_id=1195"},"modified":"2008-03-05T11:08:51","modified_gmt":"2008-03-05T10:08:51","slug":"ablauf-der-prufung","status":"publish","type":"page","link":"http:\/\/www.bushido-lubwart.de\/wordpress\/karate-and-more\/prufungen\/prufungsordnung-srd\/ablauf-der-prufung\/","title":{"rendered":"Ablauf der Pr\u00fcfung"},"content":{"rendered":"<p><strong>zum Kihon:<\/strong><\/p>\n<p>Alle auszuf\u00fchrenden Techniken sind, wenn nichts anders vorgeschrieben, f\u00fcnf mal zu wiederholen.<\/p>\n<p>Die f\u00fcnfte Technik wird immer mit Kiai ausgef\u00fchrt.<\/p>\n<p><strong>zur Kata:<\/strong><\/p>\n<p>Der Pr\u00fcfer weist dem zu Pr\u00fcfenden seinen Platz zu. Danach gibt der Pr\u00fcfer beim Shitei Kata laut den Namen der auszuf\u00fchrenden Kata an und der zu Pr\u00fcfende hat den Namen der Kata laut zu wiederholen.<\/p>\n<p>In jeder Pr\u00fcfung wird als Shitei Kata die aktuelle Kata f\u00fcr die jeweilige Graduierung und eine Kata der zur\u00fcckliegenden Pr\u00fcfungen verlangt.<\/p>\n<p>Bei der Ausf\u00fchrung von Tokui Kata gibt der zu Pr\u00fcfende laut den namen der kata an und der Pr\u00fcfer wiederholt diesen.<\/p>\n<p>Die Kata beginnt mit dem Kommando Hajime des Pr\u00fcfers.<\/p>\n<p><strong>zum Kumite:<\/strong><\/p>\n<p>Auf Anweisung des Pr\u00fcfers w\u00e4hlt der zu Pr\u00fcfende einen Gegner. Dieser kann ihm aber auch durch den Pr\u00fcfer zugewiesen werden.<\/p>\n<p>Beide verneigen sich zur Kommission und anschlie\u00dfend voreinander. nach dem Kumite wird dies in umgekehrter Reihenfolge wiederholt.<\/p>\n<p>Alle Techniken im Angriff und Gegenangriff werden mit Kiai ausgef\u00fchrt. Bewertet werden vor allem Zanshin, kime sowie die Genauigkeit der Techniken. nachdem dem Gepr\u00fcften das Ergebnis der Pr\u00fcfungskommission mitgeteilt wurde, verneigt dieser vor der Kommission und verl\u00e4sst das Kampffeld.<\/p>\n<table CLASS=\"\">\n<tr>\n<td CLASS=\"\"><a HREF=\"http:\/\/www.bushido-lubwart.de\/wordpress\/?page_id=1194\">Kinderpr\u00fcfungen<\/a><\/td>\n<td CLASS=\"\"><a HREF=\"http:\/\/www.bushido-lubwart.de\/wordpress\/?page_id=1187\">SRD Pr\u00fcfungs\u00fcbersicht<\/a><\/td>\n<td CLASS=\"\"><a HREF=\"http:\/\/www.bushido-lubwart.de\/wordpress\/?page_id=1196\">9. Kyu<\/a><\/td>\n<\/tr>\n<\/table>\n","protected":false},"excerpt":{"rendered":"<p>zum Kihon: Alle auszuf\u00fchrenden Techniken sind, wenn nichts anders vorgeschrieben, f\u00fcnf mal zu wiederholen. Die f\u00fcnfte Technik wird immer mit Kiai ausgef\u00fchrt. zur Kata: Der Pr\u00fcfer weist dem zu Pr\u00fcfenden seinen Platz zu. Danach gibt der Pr\u00fcfer beim Shitei Kata laut den Namen der auszuf\u00fchrenden Kata an und der zu Pr\u00fcfende hat den Namen der [&hellip;]<\/p>\n","protected":false},"author":2,"featured_media":0,"parent":1187,"menu_order":8,"comment_status":"open","ping_status":"open","template":"","meta":{"ngg_post_thumbnail":0,"footnotes":""},"class_list":["post-1195","page","type-page","status-publish","hentry"],"_links":{"self":[{"href":"http:\/\/www.bushido-lubwart.de\/wordpress\/wp-json\/wp\/v2\/pages\/1195"}],"collection":[{"href":"http:\/\/www.bushido-lubwart.de\/wordpress\/wp-json\/wp\/v2\/pages"}],"about":[{"href":"http:\/\/www.bushido-lubwart.de\/wordpress\/wp-json\/wp\/v2\/types\/page"}],"author":[{"embeddable":true,"href":"http:\/\/www.bushido-lubwart.de\/wordpress\/wp-json\/wp\/v2\/users\/2"}],"replies":[{"embeddable":true,"href":"http:\/\/www.bushido-lubwart.de\/wordpress\/wp-json\/wp\/v2\/comments?post=1195"}],"version-history":[{"count":0,"href":"http:\/\/www.bushido-lubwart.de\/wordpress\/wp-json\/wp\/v2\/pages\/1195\/revisions"}],"up":[{"embeddable":true,"href":"http:\/\/www.bushido-lubwart.de\/wordpress\/wp-json\/wp\/v2\/pages\/1187"}],"wp:attachment":[{"href":"http:\/\/www.bushido-lubwart.de\/wordpress\/wp-json\/wp\/v2\/media?parent=1195"}],"curies":[{"name":"wp","href":"https:\/\/api.w.org\/{rel}","templated":true}]}}