{"id":1194,"date":"2008-02-26T11:50:26","date_gmt":"2008-02-26T10:50:26","guid":{"rendered":"http:\/\/www.bushido-lubwart.de\/wordpress\/?page_id=1194"},"modified":"2008-03-05T11:07:15","modified_gmt":"2008-03-05T10:07:15","slug":"kinderprufungen","status":"publish","type":"page","link":"http:\/\/www.bushido-lubwart.de\/wordpress\/karate-and-more\/prufungen\/prufungsordnung-srd\/kinderprufungen\/","title":{"rendered":"Kinderpr\u00fcfungen"},"content":{"rendered":"<p><strong>Zwischenpr\u00fcfungen f\u00fcr Kinder bis 14 Jahre<\/strong><\/p>\n<p>Empfohlen wird die Einf\u00fchrung eines Streifensystems oder Streifen auf dem Obi. Die Streifen kennzeichnen den Leistungsstand innerhalb der Graduierung bzw. die Anzahl der abgelegten Zwischenpr\u00fcfungen.<\/p>\n<p>Insgesamt soll der Obi maximal 3 Streifen tragen. Die drei Streifen k\u00f6nnen z.B. die drei \u00dcbungskomplexe Kihon, Kata und Kumite symbolisieren. Die Wertung der Streifen obliegt letztlich der Einsch\u00e4tzung des Trainers.<\/p>\n<p>Mit der Pr\u00fcfung zum 3. Kyu muss der Karateka mindestens 14 Jahre alt sein.<\/p>\n<p>Hier entf\u00e4llt das Streifensystem.<\/p>\n<p>Ein Unterschreiten der Altersgrenze ist nicht m\u00f6glich.<\/p>\n<p><strong>Hintergrund<\/strong><\/p>\n<p>Die Kinder sind oft sehr schwer \u00fcber den Zeitraum bis zum Ablegen der n\u00e4chsten G\u00fcrtelpr\u00fcfung zu motivieren. Die Zwischenpr\u00fcfungen sollen die Arbeit der Trainer erleichtern. Diese Pr\u00fcfungen stellen die Kinder vor neue Herausforderungen und werden das Verst\u00e4ndnis f\u00fcr die Dauer zum Erreichen der n\u00e4chsth\u00f6heren Graduierung erfassbar machen.<\/p>\n<p>Somit sind Zwischenpr\u00fcfungen eine gute Motivation f\u00fcr den jungen Karateka. Die Zwischenpr\u00fcfungen sind eine Empfehlung, keine Pflicht. Jedem Dojo obliegt es zudem andere Formen der Motivation zu schaffen. F\u00fcr unsere Wettk\u00e4mpfe dienen die Streifen auf dem Obi als Orientierung f\u00fcr die Kampfrichter und k\u00f6nnen Entscheidungen bei der Bewertung erleichtern.<\/p>\n<p>Eine andere Kennzeichnung auf dem G\u00fcrtel ist nicht zul\u00e4ssig.<\/p>\n<table CLASS=\"\">\n<tr>\n<td CLASS=\"\"><a HREF=\"http:\/\/www.bushido-lubwart.de\/wordpress\/?page_id=1193\">Wartezeiten f\u00fcr Dan-Grade<\/a><\/td>\n<td CLASS=\"\"><a HREF=\"http:\/\/www.bushido-lubwart.de\/wordpress\/?page_id=1187\">SRD Pr\u00fcfungs\u00fcbersicht<\/a><\/td>\n<td CLASS=\"\"><a HREF=\"http:\/\/www.bushido-lubwart.de\/wordpress\/?page_id=1195\">Ablauf der Pr\u00fcfung<\/a><\/td>\n<\/tr>\n<\/table>\n","protected":false},"excerpt":{"rendered":"<p>Zwischenpr\u00fcfungen f\u00fcr Kinder bis 14 Jahre Empfohlen wird die Einf\u00fchrung eines Streifensystems oder Streifen auf dem Obi. Die Streifen kennzeichnen den Leistungsstand innerhalb der Graduierung bzw. die Anzahl der abgelegten Zwischenpr\u00fcfungen. Insgesamt soll der Obi maximal 3 Streifen tragen. Die drei Streifen k\u00f6nnen z.B. die drei \u00dcbungskomplexe Kihon, Kata und Kumite symbolisieren. Die Wertung der [&hellip;]<\/p>\n","protected":false},"author":2,"featured_media":0,"parent":1187,"menu_order":7,"comment_status":"open","ping_status":"open","template":"","meta":{"ngg_post_thumbnail":0,"footnotes":""},"class_list":["post-1194","page","type-page","status-publish","hentry"],"_links":{"self":[{"href":"http:\/\/www.bushido-lubwart.de\/wordpress\/wp-json\/wp\/v2\/pages\/1194"}],"collection":[{"href":"http:\/\/www.bushido-lubwart.de\/wordpress\/wp-json\/wp\/v2\/pages"}],"about":[{"href":"http:\/\/www.bushido-lubwart.de\/wordpress\/wp-json\/wp\/v2\/types\/page"}],"author":[{"embeddable":true,"href":"http:\/\/www.bushido-lubwart.de\/wordpress\/wp-json\/wp\/v2\/users\/2"}],"replies":[{"embeddable":true,"href":"http:\/\/www.bushido-lubwart.de\/wordpress\/wp-json\/wp\/v2\/comments?post=1194"}],"version-history":[{"count":0,"href":"http:\/\/www.bushido-lubwart.de\/wordpress\/wp-json\/wp\/v2\/pages\/1194\/revisions"}],"up":[{"embeddable":true,"href":"http:\/\/www.bushido-lubwart.de\/wordpress\/wp-json\/wp\/v2\/pages\/1187"}],"wp:attachment":[{"href":"http:\/\/www.bushido-lubwart.de\/wordpress\/wp-json\/wp\/v2\/media?parent=1194"}],"curies":[{"name":"wp","href":"https:\/\/api.w.org\/{rel}","templated":true}]}}