{"id":1193,"date":"2008-02-26T11:49:21","date_gmt":"2008-02-26T10:49:21","guid":{"rendered":"http:\/\/www.bushido-lubwart.de\/wordpress\/?page_id=1193"},"modified":"2008-03-05T11:06:17","modified_gmt":"2008-03-05T10:06:17","slug":"wartezeiten-fur-dan-grade","status":"publish","type":"page","link":"http:\/\/www.bushido-lubwart.de\/wordpress\/karate-and-more\/prufungen\/prufungsordnung-srd\/wartezeiten-fur-dan-grade\/","title":{"rendered":"Wartezeiten f\u00fcr Dan-Grade"},"content":{"rendered":"<p><strong>Shodan<\/strong><br \/>\n18. Lebensjahr vollendet<br \/>\n5 Jahre Gesamttrainingszeit<br \/>\n12 Monate seit der Pr\u00fcfung zum 1. Kyu vom Tag der Ausstellung der Pr\u00fcfungsurkunde an gerechnet<\/p>\n<p>Pr\u00fcfungsanw\u00e4rter zum 1. Dan sind von den Dojoleitern an den Sportdirektor Gyula B\u00fcki zu melden. Diese werden zu einem Sichtungstermin eingeladen. Danach entscheidet der Sportdirektor \u00fcber die Zulassung der Pr\u00fcfung zum 1. Dan.<\/p>\n<p><strong>Nidan<\/strong><\/p>\n<p>2 Jahre Training seit der Pr\u00fcfung zum 1. Dan<br \/>\nEmpfohlen: 3 Jahre Training<\/p>\n<p><strong>Sandan<\/strong><\/p>\n<p>3 Jahre Training seit der Pr\u00fcfung zum 2. Dan<br \/>\nEmpfohlen: 4 Jahre Training<\/p>\n<p><strong>Yondan<\/strong><\/p>\n<p>4 Jahre Training seit der Pr\u00fcfung zum 3. Dan<br \/>\nEmpfohlen: 5 Jahre Training<\/p>\n<p><strong>Godan<\/strong><\/p>\n<p>5 Jahre Training seit der Pr\u00fcfung zum 4. Dan<br \/>\nEmpfohlen: 6 Jahre Training<\/p>\n<p>Eventuelle Verk\u00fcrzungen der Wartezeiten sind der Kompetenz des Chiefinstructors zur Entscheidung freigegeben.<\/p>\n<table CLASS=\"\">\n<tr>\n<td CLASS=\"\"><a HREF=\"http:\/\/www.bushido-lubwart.de\/wordpress\/?page_id=1191\">Wartezeiten f\u00fcr Kyu-Grade<\/a><\/td>\n<td CLASS=\"\"><a HREF=\"http:\/\/www.bushido-lubwart.de\/wordpress\/?page_id=1187\">SRD Pr\u00fcfungs\u00fcbersicht<\/a><\/td>\n<td CLASS=\"\"><a HREF=\"http:\/\/www.bushido-lubwart.de\/wordpress\/?page_id=1194\">Kinderpr\u00fcfungen<\/a><\/td>\n<\/tr>\n<\/table>\n","protected":false},"excerpt":{"rendered":"<p>Shodan 18. Lebensjahr vollendet 5 Jahre Gesamttrainingszeit 12 Monate seit der Pr\u00fcfung zum 1. Kyu vom Tag der Ausstellung der Pr\u00fcfungsurkunde an gerechnet Pr\u00fcfungsanw\u00e4rter zum 1. Dan sind von den Dojoleitern an den Sportdirektor Gyula B\u00fcki zu melden. Diese werden zu einem Sichtungstermin eingeladen. Danach entscheidet der Sportdirektor \u00fcber die Zulassung der Pr\u00fcfung zum 1. [&hellip;]<\/p>\n","protected":false},"author":2,"featured_media":0,"parent":1187,"menu_order":6,"comment_status":"open","ping_status":"open","template":"","meta":{"ngg_post_thumbnail":0,"footnotes":""},"class_list":["post-1193","page","type-page","status-publish","hentry"],"_links":{"self":[{"href":"http:\/\/www.bushido-lubwart.de\/wordpress\/wp-json\/wp\/v2\/pages\/1193"}],"collection":[{"href":"http:\/\/www.bushido-lubwart.de\/wordpress\/wp-json\/wp\/v2\/pages"}],"about":[{"href":"http:\/\/www.bushido-lubwart.de\/wordpress\/wp-json\/wp\/v2\/types\/page"}],"author":[{"embeddable":true,"href":"http:\/\/www.bushido-lubwart.de\/wordpress\/wp-json\/wp\/v2\/users\/2"}],"replies":[{"embeddable":true,"href":"http:\/\/www.bushido-lubwart.de\/wordpress\/wp-json\/wp\/v2\/comments?post=1193"}],"version-history":[{"count":0,"href":"http:\/\/www.bushido-lubwart.de\/wordpress\/wp-json\/wp\/v2\/pages\/1193\/revisions"}],"up":[{"embeddable":true,"href":"http:\/\/www.bushido-lubwart.de\/wordpress\/wp-json\/wp\/v2\/pages\/1187"}],"wp:attachment":[{"href":"http:\/\/www.bushido-lubwart.de\/wordpress\/wp-json\/wp\/v2\/media?parent=1193"}],"curies":[{"name":"wp","href":"https:\/\/api.w.org\/{rel}","templated":true}]}}