{"id":1192,"date":"2008-02-26T11:47:22","date_gmt":"2008-02-26T10:47:22","guid":{"rendered":"http:\/\/www.bushido-lubwart.de\/wordpress\/?page_id=1192"},"modified":"2008-03-05T11:02:08","modified_gmt":"2008-03-05T10:02:08","slug":"voraussetzungen-fur-dan-grade","status":"publish","type":"page","link":"http:\/\/www.bushido-lubwart.de\/wordpress\/karate-and-more\/prufungen\/prufungsordnung-srd\/voraussetzungen-fur-dan-grade\/","title":{"rendered":"Voraussetzungen f\u00fcr Dan-Grade"},"content":{"rendered":"<p><strong>1. Dan<\/strong><\/p>\n<p>Auf diesem Niveau sollte der Pr\u00fcfling in der Lage sein, dei grundlegenden Techniken kraftvoll und fokussiert auszuf\u00fchren, sowie anzuwenden. Grundlegende Kombinationen m\u00fcssen effektiv vorgetragen werden.<\/p>\n<p><strong>2. Dan<\/strong><\/p>\n<p>Der Pr\u00fcfling sollte in der Lage sein, alle grundlegenden Techniken und Kombinationen auszuf\u00fchren. Er sollte in der Lage sein, auf die nat\u00fcrlichen Grenzen des eigenen K\u00f6rpers R\u00fccksicht zu nehmen und diese auszugleichen.<\/p>\n<p><strong>3. Dan<\/strong><\/p>\n<p>Der Pr\u00fcfling muss die zugrundeliegenden Prinzipien verstanden haben. Er muss in der Lage sein, Techniken unter sichver\u00e4ndernden Umst\u00e4nden auszuf\u00fchren und anzuwenden.<\/p>\n<p><strong>4. Dan<\/strong><\/p>\n<p>Der Pr\u00fcfling sollte die Prinzipien des K\u00f6rpereinsatzes in der Technik tiefgr\u00fcndig verstanden haben und in der Lage sein, diese anderen zu unterrichten. Es ist erforderlich, dass eine schriftliceh Ausarbeitung zu einem speziellem Unterrichtsthema eingereicht wird.<\/p>\n<p><strong>5. Dan<\/strong><\/p>\n<p>Die Forschung auf einem begrenztem Gebiet des Karate-Do sollte abgeschlossen sein. Der Pr\u00fcfling muss in der Lage sein, das Theman zu erkl\u00e4ren und zu demonstrieren.<\/p>\n<p><strong>6. Dan<\/strong><\/p>\n<p>Aus eigenem Beitrag zu physischen und mentalen Aspekten des Karate-Do sollte ein Nutzen zugunsten anderer abzuleietn sein.<\/p>\n<p><strong>7. Dan<\/strong><\/p>\n<p>Der Einzelne sollte die fortgeschrittene Forschung abgeschlossen haben und in der Lage sein, dies im praktischen Unterricht anzuwenden.<\/p>\n<table CLASS=\"\">\n<tr>\n<td CLASS=\"\"><a HREF=\"http:\/\/www.bushido-lubwart.de\/wordpress\/?page_id=1190\">Voraussetzungen f\u00fcr Kyu-Grade<\/a><\/td>\n<td CLASS=\"\"><a HREF=\"http:\/\/www.bushido-lubwart.de\/wordpress\/?page_id=1187\">SRD Pr\u00fcfungs\u00fcbersicht<\/a><\/td>\n<td CLASS=\"\"><a HREF=\"http:\/\/www.bushido-lubwart.de\/wordpress\/?page_id=1191\">Wartezeiten f\u00fcr Kyu-Grade<\/a><\/td>\n<\/tr>\n<\/table>\n","protected":false},"excerpt":{"rendered":"<p>1. Dan Auf diesem Niveau sollte der Pr\u00fcfling in der Lage sein, dei grundlegenden Techniken kraftvoll und fokussiert auszuf\u00fchren, sowie anzuwenden. Grundlegende Kombinationen m\u00fcssen effektiv vorgetragen werden. 2. Dan Der Pr\u00fcfling sollte in der Lage sein, alle grundlegenden Techniken und Kombinationen auszuf\u00fchren. Er sollte in der Lage sein, auf die nat\u00fcrlichen Grenzen des eigenen K\u00f6rpers [&hellip;]<\/p>\n","protected":false},"author":2,"featured_media":0,"parent":1187,"menu_order":5,"comment_status":"open","ping_status":"open","template":"","meta":{"ngg_post_thumbnail":0,"footnotes":""},"class_list":["post-1192","page","type-page","status-publish","hentry"],"_links":{"self":[{"href":"http:\/\/www.bushido-lubwart.de\/wordpress\/wp-json\/wp\/v2\/pages\/1192"}],"collection":[{"href":"http:\/\/www.bushido-lubwart.de\/wordpress\/wp-json\/wp\/v2\/pages"}],"about":[{"href":"http:\/\/www.bushido-lubwart.de\/wordpress\/wp-json\/wp\/v2\/types\/page"}],"author":[{"embeddable":true,"href":"http:\/\/www.bushido-lubwart.de\/wordpress\/wp-json\/wp\/v2\/users\/2"}],"replies":[{"embeddable":true,"href":"http:\/\/www.bushido-lubwart.de\/wordpress\/wp-json\/wp\/v2\/comments?post=1192"}],"version-history":[{"count":0,"href":"http:\/\/www.bushido-lubwart.de\/wordpress\/wp-json\/wp\/v2\/pages\/1192\/revisions"}],"up":[{"embeddable":true,"href":"http:\/\/www.bushido-lubwart.de\/wordpress\/wp-json\/wp\/v2\/pages\/1187"}],"wp:attachment":[{"href":"http:\/\/www.bushido-lubwart.de\/wordpress\/wp-json\/wp\/v2\/media?parent=1192"}],"curies":[{"name":"wp","href":"https:\/\/api.w.org\/{rel}","templated":true}]}}