{"id":1191,"date":"2008-02-26T11:46:19","date_gmt":"2008-02-26T10:46:19","guid":{"rendered":"http:\/\/www.bushido-lubwart.de\/wordpress\/?page_id=1191"},"modified":"2008-03-05T11:03:01","modified_gmt":"2008-03-05T10:03:01","slug":"wartezeiten-fur-kyu-grade","status":"publish","type":"page","link":"http:\/\/www.bushido-lubwart.de\/wordpress\/karate-and-more\/prufungen\/prufungsordnung-srd\/wartezeiten-fur-kyu-grade\/","title":{"rendered":"Wartezeiten f\u00fcr Kyu-Grade"},"content":{"rendered":"<p>Als Vorbereitungszeit sind empfohlen:<\/p>\n<ul>\n<li>  \tbis zum 9. Kyu keine Vorbereitungszeit vorgeschrieben<\/li>\n<li>\tbis zum 8. Kyu 4 Monate Vorbereitungszeit<\/li>\n<li>\tbis zum 7. Kyu 4 Monate Vorbereitungszeit<\/li>\n<li>\tbis zum 6. Kyu 4 Monate Vorbereitungszeit<\/li>\n<li>\tbis zum 5. Kyu 4 Monate Vorbereitungszeit<\/li>\n<li>\tbis zum 4. Kyu 4 Monate Vorbereitungszeit<\/li>\n<li>\tbis zum 4. Kyu 14. Lebensjahr vollendet und 6 Monate Vorbereitungszeit<\/li>\n<li>\tbis zum 2. Kyu 6 Monate Vorbereitungszeit<\/li>\n<li>\tbis zum 1. Kyu 6 Monate Vorbereitungszeit<\/li>\n<li>\tzum 1. Dan, 18. Lebensjahr vollendet, 5 Jahre Gesamttrainingszeit und 12 Monate seit der Pr\u00fcfung zum 1. Kyu vom Tag der Ausstellung der Pr\u00fcfungsurkunde an gerechnet.<\/li>\n<\/ul>\n<p>Pr\u00fcfungsanw\u00e4rter zum 1. Dan sind von den Dojoleitern an den Sportdirektor Gyula B\u00fcki zu melden. Diese werden zu einem Sichtungstermin eingeladen. Danach entscheidet der Sportdirektor \u00fcber die Zulassung der Pr\u00fcfung zum 1. Dan.<\/p>\n<p>Eventuelle Verk\u00fcrzungen der Wartezeiten sind in Abstimmung mit dem Sportdirektor des SRD e.V. zu treffen!<\/p>\n<p>Der Pr\u00fcfling hat nach Aufforderung die letzte Pr\u00fcfung nachzuweisen.<\/p>\n<table CLASS=\"\">\n<tr>\n<td CLASS=\"\"><a HREF=\"http:\/\/www.bushido-lubwart.de\/wordpress\/?page_id=1192\">Voraussetzungen f\u00fcr Dan-Grade<\/a><\/td>\n<td CLASS=\"\"><a HREF=\"http:\/\/www.bushido-lubwart.de\/wordpress\/?page_id=1187\">SRD Pr\u00fcfungs\u00fcbersicht<\/a><\/td>\n<td CLASS=\"\"><a HREF=\"http:\/\/www.bushido-lubwart.de\/wordpress\/?page_id=1193\">Wartezeiten f\u00fcr Dan-Grade<\/a><\/td>\n<\/tr>\n<\/table>\n","protected":false},"excerpt":{"rendered":"<p>Als Vorbereitungszeit sind empfohlen: bis zum 9. Kyu keine Vorbereitungszeit vorgeschrieben bis zum 8. Kyu 4 Monate Vorbereitungszeit bis zum 7. Kyu 4 Monate Vorbereitungszeit bis zum 6. Kyu 4 Monate Vorbereitungszeit bis zum 5. Kyu 4 Monate Vorbereitungszeit bis zum 4. Kyu 4 Monate Vorbereitungszeit bis zum 4. Kyu 14. Lebensjahr vollendet und 6 [&hellip;]<\/p>\n","protected":false},"author":2,"featured_media":0,"parent":1187,"menu_order":4,"comment_status":"open","ping_status":"open","template":"","meta":{"ngg_post_thumbnail":0,"footnotes":""},"class_list":["post-1191","page","type-page","status-publish","hentry"],"_links":{"self":[{"href":"http:\/\/www.bushido-lubwart.de\/wordpress\/wp-json\/wp\/v2\/pages\/1191"}],"collection":[{"href":"http:\/\/www.bushido-lubwart.de\/wordpress\/wp-json\/wp\/v2\/pages"}],"about":[{"href":"http:\/\/www.bushido-lubwart.de\/wordpress\/wp-json\/wp\/v2\/types\/page"}],"author":[{"embeddable":true,"href":"http:\/\/www.bushido-lubwart.de\/wordpress\/wp-json\/wp\/v2\/users\/2"}],"replies":[{"embeddable":true,"href":"http:\/\/www.bushido-lubwart.de\/wordpress\/wp-json\/wp\/v2\/comments?post=1191"}],"version-history":[{"count":0,"href":"http:\/\/www.bushido-lubwart.de\/wordpress\/wp-json\/wp\/v2\/pages\/1191\/revisions"}],"up":[{"embeddable":true,"href":"http:\/\/www.bushido-lubwart.de\/wordpress\/wp-json\/wp\/v2\/pages\/1187"}],"wp:attachment":[{"href":"http:\/\/www.bushido-lubwart.de\/wordpress\/wp-json\/wp\/v2\/media?parent=1191"}],"curies":[{"name":"wp","href":"https:\/\/api.w.org\/{rel}","templated":true}]}}