{"id":1189,"date":"2008-02-26T11:44:15","date_gmt":"2008-02-26T10:44:15","guid":{"rendered":"http:\/\/www.bushido-lubwart.de\/wordpress\/?page_id=1189"},"modified":"2008-03-05T10:57:00","modified_gmt":"2008-03-05T09:57:00","slug":"vorbemerkungen","status":"publish","type":"page","link":"http:\/\/www.bushido-lubwart.de\/wordpress\/karate-and-more\/prufungen\/prufungsordnung-srd\/vorbemerkungen\/","title":{"rendered":"Vorbemerkungen"},"content":{"rendered":"<p><strong>Kata<\/strong><\/p>\n<p>Der Pr\u00fcfer weist dem zu Pr\u00fcfenden seinen Platz zu. Danach gibt er beim Shitei Kata laut den Namen der auszuf\u00fchrenden Kata an und der zu Pr\u00fcfende hat den Namen der Kata laut zu wiederholen.<\/p>\n<p>Bei der Ausf\u00fchrung von Tokui Kata gibt der zu Pr\u00fcfende laut den Namen der Kata an und der Pr\u00fcfer wiederholt diesen.<\/p>\n<p>Die Kata beginnt mit dem Kommando Hajime des Pr\u00fcfers.<\/p>\n<p><strong>Kumite<\/strong><\/p>\n<p>Auf Anweisung des Pr\u00fcfers w\u00e4hlt der zu Pr\u00fcfende einen Gegner. Dieser kann ihm aber auch durch den Pr\u00fcfer zugewiesen werden.<\/p>\n<p>Beide verneigen sich zur Kommission und abschlie\u00dfend voreinander. Nach dem Kumite wird dies in umgekehrter Reihenfolge wiederholt.<\/p>\n<p>Alle Techniken im Gegenangriff werden mit Kiai ausgef\u00fchrt. Bewertet werden vor allem Zanshin, Kime sowie die Genauigkeit der Techniken.<\/p>\n<p>Nachdem dem Gepr\u00fcften das Urteil der Pr\u00fcfungskommission mitgeteilt wurde, verneigt sich dieser vor der Kommission und verl\u00e4sst das Kampffeld.<\/p>\n<table CLASS=\"\">\n<tr>\n<td CLASS=\"\"><a HREF=\"http:\/\/www.bushido-lubwart.de\/wordpress\/?page_id=1188\">Pr\u00fcfungen<\/a><\/td>\n<td CLASS=\"\"><a HREF=\"http:\/\/www.bushido-lubwart.de\/wordpress\/?page_id=1187\">SRD Pr\u00fcfungs\u00fcbersicht<\/a><\/td>\n<td CLASS=\"\"><a HREF=\"http:\/\/www.bushido-lubwart.de\/wordpress\/?page_id=1190\">Voraussetzungen f\u00fcr Kyu-Grade<\/a><\/td>\n<\/tr>\n<\/table>\n","protected":false},"excerpt":{"rendered":"<p>Kata Der Pr\u00fcfer weist dem zu Pr\u00fcfenden seinen Platz zu. Danach gibt er beim Shitei Kata laut den Namen der auszuf\u00fchrenden Kata an und der zu Pr\u00fcfende hat den Namen der Kata laut zu wiederholen. Bei der Ausf\u00fchrung von Tokui Kata gibt der zu Pr\u00fcfende laut den Namen der Kata an und der Pr\u00fcfer wiederholt [&hellip;]<\/p>\n","protected":false},"author":2,"featured_media":0,"parent":1187,"menu_order":2,"comment_status":"open","ping_status":"open","template":"","meta":{"ngg_post_thumbnail":0,"footnotes":""},"class_list":["post-1189","page","type-page","status-publish","hentry"],"_links":{"self":[{"href":"http:\/\/www.bushido-lubwart.de\/wordpress\/wp-json\/wp\/v2\/pages\/1189"}],"collection":[{"href":"http:\/\/www.bushido-lubwart.de\/wordpress\/wp-json\/wp\/v2\/pages"}],"about":[{"href":"http:\/\/www.bushido-lubwart.de\/wordpress\/wp-json\/wp\/v2\/types\/page"}],"author":[{"embeddable":true,"href":"http:\/\/www.bushido-lubwart.de\/wordpress\/wp-json\/wp\/v2\/users\/2"}],"replies":[{"embeddable":true,"href":"http:\/\/www.bushido-lubwart.de\/wordpress\/wp-json\/wp\/v2\/comments?post=1189"}],"version-history":[{"count":0,"href":"http:\/\/www.bushido-lubwart.de\/wordpress\/wp-json\/wp\/v2\/pages\/1189\/revisions"}],"up":[{"embeddable":true,"href":"http:\/\/www.bushido-lubwart.de\/wordpress\/wp-json\/wp\/v2\/pages\/1187"}],"wp:attachment":[{"href":"http:\/\/www.bushido-lubwart.de\/wordpress\/wp-json\/wp\/v2\/media?parent=1189"}],"curies":[{"name":"wp","href":"https:\/\/api.w.org\/{rel}","templated":true}]}}