{"id":1187,"date":"2008-02-26T11:42:43","date_gmt":"2008-02-26T10:42:43","guid":{"rendered":"http:\/\/www.bushido-lubwart.de\/wordpress\/?page_id=1187"},"modified":"2011-05-18T07:30:02","modified_gmt":"2011-05-18T06:30:02","slug":"prufungsordnung-srd","status":"publish","type":"page","link":"http:\/\/www.bushido-lubwart.de\/wordpress\/karate-and-more\/prufungen\/prufungsordnung-srd\/","title":{"rendered":"Pr\u00fcfungsordnung SRD"},"content":{"rendered":"<p>Dieses Pr\u00fcfungsprogramm des Shotokan Ryu in Deutschland e.V. enth\u00e4lt sowohl die alten als auch die neuen Pr\u00fcfungsanforderungen. Soweit das neue Pr\u00fcfungsprogramm abweicht, sind die Abweichnugen fett gedruckt dargestellt; aus dem alten Programm entfallende Teile sind kursiv gedruckt.<br \/>\nDiese parallele Darstellung beider Programme bedingt es, dass die Reihenfolge der lt. Pr\u00fcfungsordnung geforderten Techniken nicht immer eingehalten werden kann.<\/p>\n<p><strong>Das Pr\u00fcfungsprogramm im Detail<\/strong><\/p>\n<p><a HREF=\"http:\/\/www.bushido-lubwart.de\/wordpress\/?page_id=1188\"><strong>Pr\u00fcfungen<\/strong><\/a> &#8211; Hintergrund von Pr\u00fcfungen im Karate-Do (Anm. zur neuen Pr\u00fcfungsordnung)<\/p>\n<p><strong><a HREF=\"http:\/\/www.bushido-lubwart.de\/wordpress\/?page_id=1189\">Vorbemerkungen<\/a><\/strong> &#8211; Hinweise und Erl\u00e4uterungen (Anm. zur alten Pr\u00fcfungsordnung)<\/p>\n<p><strong><a HREF=\"http:\/\/www.bushido-lubwart.de\/wordpress\/?page_id=1190\">Voraussetzungen f\u00fcr Kyu Grade<\/a><\/strong> &#8211; Anforderungen an die Vergabe der Kyu Grade (Anm. zur neuen Pr\u00fcfungsordnung)<\/p>\n<p><strong><a HREF=\"http:\/\/www.bushido-lubwart.de\/wordpress\/?page_id=1192\">Voraussetzungen f\u00fcr Dan Grade<\/a><\/strong> -Anforderungen an die Vergabe von Dan Graden (Anm. zur neuen Pr\u00fcfungsordnung)<\/p>\n<p><a HREF=\"http:\/\/www.bushido-lubwart.de\/wordpress\/?page_id=1191\"><strong>Wartezeiten f\u00fcr Kyu Grade<\/strong><\/a> &#8211; Anm. zur neuen Pr\u00fcfungsordnung<\/p>\n<p><strong><a HREF=\"http:\/\/www.bushido-lubwart.de\/wordpress\/?page_id=1193\">Wartezeiten f\u00fcr Dan Grade<\/a><\/strong> &#8211; Anm. zur neuen Pr\u00fcfungsordnung<\/p>\n<p><strong><a HREF=\"http:\/\/www.bushido-lubwart.de\/wordpress\/?page_id=1194\">Kinderpr\u00fcfungen<\/a><\/strong> &#8211; Zwischenpr\u00fcfungen und Hintergr\u00fcnde (Anm. zur neuen Pr\u00fcfungsordnung)<\/p>\n<p><strong><a HREF=\"http:\/\/www.bushido-lubwart.de\/wordpress\/?page_id=1195\">Ablauf der Pr\u00fcfung<\/a><\/strong> &#8211; Anm. zur neuen Pr\u00fcfungsordnung<\/p>\n<ul>\n<li><strong><a HREF=\"http:\/\/www.bushido-lubwart.de\/wordpress\/?page_id=1196\">9. Kyu<\/a><\/strong> Pr\u00fcfungsprogramm zum Wei\u00dfgurt<\/li>\n<li><strong><a HREF=\"http:\/\/www.bushido-lubwart.de\/wordpress\/?page_id=1197\">8. Kyu<\/a><\/strong> Pr\u00fcfungsprogramm zum Gelbgurt<\/li>\n<li><strong><a HREF=\"http:\/\/www.bushido-lubwart.de\/wordpress\/?page_id=1198\">7. Kyu<\/a><\/strong> Pr\u00fcfungsprogramm zum Orangegurt<\/li>\n<li><strong><a HREF=\"http:\/\/www.bushido-lubwart.de\/wordpress\/?page_id=1199\">6. Kyu<\/a><\/strong> Pr\u00fcfungsprogramm zum Gr\u00fcngurt<\/li>\n<li><a HREF=\"http:\/\/www.bushido-lubwart.de\/wordpress\/?page_id=1200\"><strong>5. Kyu<\/strong><\/a> Pr\u00fcfungsprogramm zum 1. Blaugurt<\/li>\n<li><strong><a HREF=\"http:\/\/www.bushido-lubwart.de\/wordpress\/?page_id=1201\">4. Kyu<\/a><\/strong> Pr\u00fcfungsprogramm zum 2. Blaugurt (violett)<\/li>\n<li><strong><a HREF=\"http:\/\/www.bushido-lubwart.de\/wordpress\/?page_id=1202\">3. Kyu<\/a><\/strong> Pr\u00fcfungsprogramm zum 1. Braungurt<\/li>\n<li><strong><a HREF=\"http:\/\/www.bushido-lubwart.de\/wordpress\/?page_id=1203\">2. Kyu<\/a><\/strong> Pr\u00fcfungsprogramm zum 2. Braungurt<\/li>\n<li><strong><a HREF=\"http:\/\/www.bushido-lubwart.de\/wordpress\/?page_id=1204\">1. Kyu<\/a><\/strong> Pr\u00fcfungsprogramm zum 3. Braungurt<\/li>\n<\/ul>\n<p><strong><a HREF=\"http:\/\/www.bushido-lubwart.de\/wordpress\/?page_id=1205\">Gichin Funakoshi<\/a><\/strong> Der Zauber der Kunst<\/p>\n<p><a HREF=\"http:\/\/www.bushido-lubwart.de\/wordpress\/?page_id=1206\"><strong>Anlage<\/strong><\/a> Kennzeichnung von Zwischenpr\u00fcfungen<\/p>\n","protected":false},"excerpt":{"rendered":"<p>Dieses Pr\u00fcfungsprogramm des Shotokan Ryu in Deutschland e.V. enth\u00e4lt sowohl die alten als auch die neuen Pr\u00fcfungsanforderungen. Soweit das neue Pr\u00fcfungsprogramm abweicht, sind die Abweichnugen fett gedruckt dargestellt; aus dem alten Programm entfallende Teile sind kursiv gedruckt. Diese parallele Darstellung beider Programme bedingt es, dass die Reihenfolge der lt. Pr\u00fcfungsordnung geforderten Techniken nicht immer eingehalten [&hellip;]<\/p>\n","protected":false},"author":2,"featured_media":0,"parent":1168,"menu_order":2,"comment_status":"open","ping_status":"open","template":"","meta":{"ngg_post_thumbnail":0,"footnotes":""},"class_list":["post-1187","page","type-page","status-publish","hentry"],"_links":{"self":[{"href":"http:\/\/www.bushido-lubwart.de\/wordpress\/wp-json\/wp\/v2\/pages\/1187"}],"collection":[{"href":"http:\/\/www.bushido-lubwart.de\/wordpress\/wp-json\/wp\/v2\/pages"}],"about":[{"href":"http:\/\/www.bushido-lubwart.de\/wordpress\/wp-json\/wp\/v2\/types\/page"}],"author":[{"embeddable":true,"href":"http:\/\/www.bushido-lubwart.de\/wordpress\/wp-json\/wp\/v2\/users\/2"}],"replies":[{"embeddable":true,"href":"http:\/\/www.bushido-lubwart.de\/wordpress\/wp-json\/wp\/v2\/comments?post=1187"}],"version-history":[{"count":1,"href":"http:\/\/www.bushido-lubwart.de\/wordpress\/wp-json\/wp\/v2\/pages\/1187\/revisions"}],"predecessor-version":[{"id":2124,"href":"http:\/\/www.bushido-lubwart.de\/wordpress\/wp-json\/wp\/v2\/pages\/1187\/revisions\/2124"}],"up":[{"embeddable":true,"href":"http:\/\/www.bushido-lubwart.de\/wordpress\/wp-json\/wp\/v2\/pages\/1168"}],"wp:attachment":[{"href":"http:\/\/www.bushido-lubwart.de\/wordpress\/wp-json\/wp\/v2\/media?parent=1187"}],"curies":[{"name":"wp","href":"https:\/\/api.w.org\/{rel}","templated":true}]}}