{"id":1185,"date":"2008-02-26T11:39:16","date_gmt":"2008-02-26T10:39:16","guid":{"rendered":"http:\/\/www.bushido-lubwart.de\/wordpress\/?page_id=1185"},"modified":"2008-03-05T09:34:54","modified_gmt":"2008-03-05T08:34:54","slug":"4-dan","status":"publish","type":"page","link":"http:\/\/www.bushido-lubwart.de\/wordpress\/karate-and-more\/prufungen\/prufungsordnung-ajka\/4-dan\/","title":{"rendered":"4. Dan"},"content":{"rendered":"<p><strong>Kata<\/strong><\/p>\n<p>1. Tokui-Kata: Der Pr\u00fcfling w\u00e4hlt eine Kata aus den Gruppen Tekki Nidan, Bassai Dai, Kanku Dai, Hangetsu, Empi, Tekki Sandan, Jion, Gankaku, Jitte, Bassai Sho, Kanku Sho, Sochin, Chinte, Nijushiho, Unsu<\/p>\n<p>2. Shitei-Kata: Der Pr\u00fcfer w\u00e4hlt eine Kata aus den Gruppen Tekki Nidan, Bassai Dai, Kanku Dai, Hangetsu, Empi, Tekki Sandan, Jion, Gankaku, Jitte, Bassai Sho, Kanku Sho, Sochin, Chinte, Nijushiho, Unsu<\/p>\n<p><strong>Kihon<\/strong><\/p>\n<p>1. Der Pr\u00fcfling erkl\u00e4rt die wichtigen Punkte einer ausgew\u00e4hlten Kombinationstechnik zun\u00e4chst m\u00fcndlich.<br \/>\n2. Der Pr\u00fcfling demonstriert die wichtigen Punkte in der Vorf\u00fchrung der Kombinationstechnik selbst.<\/p>\n<p><strong>Kumite<\/strong><\/p>\n<p>1. Jiyu-ippon-kumite (Angriffe: Jodan, Chudan, Mae-geri, Yoko-geri, Mawashi-geri)<br \/>\n2. Jiyu-kumite<br \/>\n3. Der Pr\u00fcfling erkl\u00e4rt das korrekte Timing in Angriff und Verteidigung im Jiyu-kumite.<\/p>\n<p><strong>Technische Forschung<\/strong><\/p>\n<p>1. Eine Technik wird ausgew\u00e4hlt und muss einer Gruppe von Sch\u00fclern unterrichtet werden.<br \/>\n2. Eine schriftliche Ausarbeitung mit nicht weniger als 500 W\u00f6rtern zu einem zu einem speziellen Thema muss eingereicht werden. Der Pr\u00fcfling erkl\u00e4rt den Inhalt der Arbeit und beantwortet Fragen dazu.<\/p>\n<p><strong>Anmerkung<\/strong><\/p>\n<p>F\u00fcr die Kata vgl. die Anmerkung zum Nidan-Programm. Die schriftliche Ausarbeitung muss vier Wochen vor der Pr\u00fcfung eingereicht werden. In der Ausf\u00fchrung soll nicht nur das Wie, sondern auch das Warum der aufgestellten Thesen erl\u00e4utert werden.<\/p>\n<p>Der Unterschied zwischen den beiden Aufgaben unter dem Punkte Kihon besteht darin, dass zun\u00e4chst eine verbale (m\u00fcndliche) Erkl\u00e4rung erfolgt und anschlie\u00dfend eine physische Demonstration die angesprochenen Punkte verdeutlichen soll.<\/p>\n<table CLASS=\"\">\n<tr>\n<td CLASS=\"\"><a HREF=\"http:\/\/www.bushido-lubwart.de\/wordpress\/?page_id=1183\">3. Dan<\/a><\/td>\n<td CLASS=\"\"><a HREF=\"http:\/\/www.bushido-lubwart.de\/wordpress\/?page_id=1169\">AJKA-Pr\u00fcfungs\u00fcbersicht<\/a><\/td>\n<td CLASS=\"\"><a HREF=\"http:\/\/www.bushido-lubwart.de\/wordpress\/?page_id=1170\">Warum Pr\u00fcfungen<\/a><\/td>\n<\/tr>\n<\/table>\n","protected":false},"excerpt":{"rendered":"<p>Kata 1. Tokui-Kata: Der Pr\u00fcfling w\u00e4hlt eine Kata aus den Gruppen Tekki Nidan, Bassai Dai, Kanku Dai, Hangetsu, Empi, Tekki Sandan, Jion, Gankaku, Jitte, Bassai Sho, Kanku Sho, Sochin, Chinte, Nijushiho, Unsu 2. Shitei-Kata: Der Pr\u00fcfer w\u00e4hlt eine Kata aus den Gruppen Tekki Nidan, Bassai Dai, Kanku Dai, Hangetsu, Empi, Tekki Sandan, Jion, Gankaku, Jitte, [&hellip;]<\/p>\n","protected":false},"author":2,"featured_media":0,"parent":1169,"menu_order":16,"comment_status":"open","ping_status":"open","template":"","meta":{"ngg_post_thumbnail":0,"footnotes":""},"class_list":["post-1185","page","type-page","status-publish","hentry"],"_links":{"self":[{"href":"http:\/\/www.bushido-lubwart.de\/wordpress\/wp-json\/wp\/v2\/pages\/1185"}],"collection":[{"href":"http:\/\/www.bushido-lubwart.de\/wordpress\/wp-json\/wp\/v2\/pages"}],"about":[{"href":"http:\/\/www.bushido-lubwart.de\/wordpress\/wp-json\/wp\/v2\/types\/page"}],"author":[{"embeddable":true,"href":"http:\/\/www.bushido-lubwart.de\/wordpress\/wp-json\/wp\/v2\/users\/2"}],"replies":[{"embeddable":true,"href":"http:\/\/www.bushido-lubwart.de\/wordpress\/wp-json\/wp\/v2\/comments?post=1185"}],"version-history":[{"count":0,"href":"http:\/\/www.bushido-lubwart.de\/wordpress\/wp-json\/wp\/v2\/pages\/1185\/revisions"}],"up":[{"embeddable":true,"href":"http:\/\/www.bushido-lubwart.de\/wordpress\/wp-json\/wp\/v2\/pages\/1169"}],"wp:attachment":[{"href":"http:\/\/www.bushido-lubwart.de\/wordpress\/wp-json\/wp\/v2\/media?parent=1185"}],"curies":[{"name":"wp","href":"https:\/\/api.w.org\/{rel}","templated":true}]}}