{"id":1174,"date":"2008-02-26T11:28:54","date_gmt":"2008-02-26T10:28:54","guid":{"rendered":"http:\/\/www.bushido-lubwart.de\/wordpress\/?page_id=1174"},"modified":"2008-03-05T09:20:16","modified_gmt":"2008-03-05T08:20:16","slug":"8-kyu","status":"publish","type":"page","link":"http:\/\/www.bushido-lubwart.de\/wordpress\/karate-and-more\/prufungen\/prufungsordnung-ajka\/8-kyu\/","title":{"rendered":"8. Kyu"},"content":{"rendered":"<p><strong>Kihon<\/strong><\/p>\n<p>Alle Techniken werden 4 mal zur Z\u00e4hlzeit des Pr\u00fcfers ausgef\u00fchrt<\/p>\n<p>1. Oi-zuki (Jodan)<br \/>\n2. Age-uke (r\u00fcckw\u00e4rts)<br \/>\n3. Oi-zuki (Chudan)<br \/>\n4. (Soto) Ude-uke (r\u00fcckw\u00e4rts)<br \/>\n5. Shuto-Uke (KKD) (zwei vor, zwei zur\u00fcck)<br \/>\n6. Mae-geri (Chudan)<br \/>\n7. Mae-geri (Jodan)<\/p>\n<p><strong>Kata<\/strong><\/p>\n<p>Heian Shodan<\/p>\n<p><strong>Kumite<\/strong><\/p>\n<p>1. Sanbon-kumite (Jodan)<br \/>\n2. Sanbon-kumite (Chudan)<\/p>\n<table CLASS=\"\">\n<tr>\n<td CLASS=\"\"><a HREF=\"http:\/\/www.bushido-lubwart.de\/wordpress\/?page_id=1173\">Dan Grade<\/a><\/td>\n<td CLASS=\"\"><a HREF=\"http:\/\/www.bushido-lubwart.de\/wordpress\/?page_id=1169\">AJKA-Pr\u00fcfungs\u00fcbersicht<\/a><\/td>\n<td CLASS=\"\"><a HREF=\"http:\/\/www.bushido-lubwart.de\/wordpress\/?page_id=1175\">7. Kyu <\/a><\/td>\n<\/tr>\n<\/table>\n","protected":false},"excerpt":{"rendered":"<p>Kihon Alle Techniken werden 4 mal zur Z\u00e4hlzeit des Pr\u00fcfers ausgef\u00fchrt 1. Oi-zuki (Jodan) 2. Age-uke (r\u00fcckw\u00e4rts) 3. Oi-zuki (Chudan) 4. (Soto) Ude-uke (r\u00fcckw\u00e4rts) 5. Shuto-Uke (KKD) (zwei vor, zwei zur\u00fcck) 6. Mae-geri (Chudan) 7. Mae-geri (Jodan) Kata Heian Shodan Kumite 1. Sanbon-kumite (Jodan) 2. Sanbon-kumite (Chudan) Dan Grade AJKA-Pr\u00fcfungs\u00fcbersicht 7. Kyu<\/p>\n","protected":false},"author":2,"featured_media":0,"parent":1169,"menu_order":5,"comment_status":"open","ping_status":"open","template":"","meta":{"ngg_post_thumbnail":0,"footnotes":""},"class_list":["post-1174","page","type-page","status-publish","hentry"],"_links":{"self":[{"href":"http:\/\/www.bushido-lubwart.de\/wordpress\/wp-json\/wp\/v2\/pages\/1174"}],"collection":[{"href":"http:\/\/www.bushido-lubwart.de\/wordpress\/wp-json\/wp\/v2\/pages"}],"about":[{"href":"http:\/\/www.bushido-lubwart.de\/wordpress\/wp-json\/wp\/v2\/types\/page"}],"author":[{"embeddable":true,"href":"http:\/\/www.bushido-lubwart.de\/wordpress\/wp-json\/wp\/v2\/users\/2"}],"replies":[{"embeddable":true,"href":"http:\/\/www.bushido-lubwart.de\/wordpress\/wp-json\/wp\/v2\/comments?post=1174"}],"version-history":[{"count":0,"href":"http:\/\/www.bushido-lubwart.de\/wordpress\/wp-json\/wp\/v2\/pages\/1174\/revisions"}],"up":[{"embeddable":true,"href":"http:\/\/www.bushido-lubwart.de\/wordpress\/wp-json\/wp\/v2\/pages\/1169"}],"wp:attachment":[{"href":"http:\/\/www.bushido-lubwart.de\/wordpress\/wp-json\/wp\/v2\/media?parent=1174"}],"curies":[{"name":"wp","href":"https:\/\/api.w.org\/{rel}","templated":true}]}}