{"id":1171,"date":"2008-02-26T11:26:02","date_gmt":"2008-02-26T10:26:02","guid":{"rendered":"http:\/\/www.bushido-lubwart.de\/wordpress\/?page_id=1171"},"modified":"2008-03-05T09:16:16","modified_gmt":"2008-03-05T08:16:16","slug":"vorbereitungszeit","status":"publish","type":"page","link":"http:\/\/www.bushido-lubwart.de\/wordpress\/karate-and-more\/prufungen\/prufungsordnung-ajka\/vorbereitungszeit\/","title":{"rendered":"Vorbereitungszeit"},"content":{"rendered":"<ul>\n<li><strong>Shodan<\/strong><\/li>\n<\/ul>\n<blockquote><p>2 Jahre Gesamttrainingszeit und 3 Monate seit der Pr\u00fcfung zum 1. Kyu<br \/>\nEmpfohlen: mindestens 3 Jahre Gesamttrainingszeit im Karate-Do<\/p><\/blockquote>\n<ul>\n<li><strong>Nidan<\/strong><\/li>\n<\/ul>\n<blockquote><p>1 Jahr Training seit der Shodan-Pr\u00fcfung<br \/>\nEmpfohlen: mindestens 3 Jahre Training seit der letzten Pr\u00fcfung<\/p><\/blockquote>\n<ul>\n<li><strong>Sandan<\/strong><\/li>\n<\/ul>\n<blockquote><p>2 Jahre Training seit der letzten Pr\u00fcfung<br \/>\nEmpfohlen: mindestens 4 Jahre Training seit der letzten Pr\u00fcfung<\/p><\/blockquote>\n<ul>\n<li><strong>Yondan<\/strong><\/li>\n<\/ul>\n<blockquote><p>3 Jahre Training seit der letzten Pr\u00fcfung<br \/>\nEmpfohlen: 4 Jahre Training seit der letzten Pr\u00fcfung<\/p><\/blockquote>\n<ul>\n<li><strong>Godan<\/strong><\/li>\n<\/ul>\n<blockquote><p>4 Jahre Training seit der letzten Pr\u00fcfung<br \/>\nEmpfohlen: 5 Jahre Training seit der letzten Pr\u00fcfung<\/p><\/blockquote>\n<table CLASS=\"\">\n<tr>\n<td CLASS=\"\"><a HREF=\"http:\/\/www.bushido-lubwart.de\/wordpress\/?page_id=1170\">Warum Pr\u00fcfungen<\/a><\/td>\n<td CLASS=\"\"><a HREF=\"http:\/\/www.bushido-lubwart.de\/wordpress\/?page_id=1169\">AJKA-Pr\u00fcfungs\u00fcbersicht<\/a><\/td>\n<td CLASS=\"\"><a HREF=\"http:\/\/www.bushido-lubwart.de\/wordpress\/?page_id=1172\">Kyu-Grade <\/a><\/td>\n<\/tr>\n<\/table>\n","protected":false},"excerpt":{"rendered":"<p>Shodan 2 Jahre Gesamttrainingszeit und 3 Monate seit der Pr\u00fcfung zum 1. Kyu Empfohlen: mindestens 3 Jahre Gesamttrainingszeit im Karate-Do Nidan 1 Jahr Training seit der Shodan-Pr\u00fcfung Empfohlen: mindestens 3 Jahre Training seit der letzten Pr\u00fcfung Sandan 2 Jahre Training seit der letzten Pr\u00fcfung Empfohlen: mindestens 4 Jahre Training seit der letzten Pr\u00fcfung Yondan 3 [&hellip;]<\/p>\n","protected":false},"author":2,"featured_media":0,"parent":1169,"menu_order":2,"comment_status":"open","ping_status":"open","template":"","meta":{"ngg_post_thumbnail":0,"footnotes":""},"class_list":["post-1171","page","type-page","status-publish","hentry"],"_links":{"self":[{"href":"http:\/\/www.bushido-lubwart.de\/wordpress\/wp-json\/wp\/v2\/pages\/1171"}],"collection":[{"href":"http:\/\/www.bushido-lubwart.de\/wordpress\/wp-json\/wp\/v2\/pages"}],"about":[{"href":"http:\/\/www.bushido-lubwart.de\/wordpress\/wp-json\/wp\/v2\/types\/page"}],"author":[{"embeddable":true,"href":"http:\/\/www.bushido-lubwart.de\/wordpress\/wp-json\/wp\/v2\/users\/2"}],"replies":[{"embeddable":true,"href":"http:\/\/www.bushido-lubwart.de\/wordpress\/wp-json\/wp\/v2\/comments?post=1171"}],"version-history":[{"count":0,"href":"http:\/\/www.bushido-lubwart.de\/wordpress\/wp-json\/wp\/v2\/pages\/1171\/revisions"}],"up":[{"embeddable":true,"href":"http:\/\/www.bushido-lubwart.de\/wordpress\/wp-json\/wp\/v2\/pages\/1169"}],"wp:attachment":[{"href":"http:\/\/www.bushido-lubwart.de\/wordpress\/wp-json\/wp\/v2\/media?parent=1171"}],"curies":[{"name":"wp","href":"https:\/\/api.w.org\/{rel}","templated":true}]}}