{"id":1170,"date":"2008-02-26T11:21:48","date_gmt":"2008-02-26T10:21:48","guid":{"rendered":"http:\/\/www.bushido-lubwart.de\/wordpress\/?page_id=1170"},"modified":"2008-03-05T09:36:31","modified_gmt":"2008-03-05T08:36:31","slug":"warum-prufungen","status":"publish","type":"page","link":"http:\/\/www.bushido-lubwart.de\/wordpress\/karate-and-more\/prufungen\/prufungsordnung-ajka\/warum-prufungen\/","title":{"rendered":"Warum Pr\u00fcfungen"},"content":{"rendered":"<p><strong>Gr\u00fcnde f\u00fcr Pr\u00fcfungen im Karate-Do<\/strong><\/p>\n<p>Pr\u00fcfungen sind sowohl f\u00fcr die Sch\u00fcler, als auch f\u00fcr die Instruktoren da, so dass beide sehen k\u00f6nnen, in welche Richtung die Entwicklung geht und welche Korrekturen gegebenenfalls erforderlich sind.<\/p>\n<p>Bei der Vergabe der Graduierung muss das Verhalten des Pr\u00fcflings vor, w\u00e4hrend und nach der Pr\u00fcfung miteinbezogen werden.<\/p>\n<p>Man darf niemals vergessen, dass die \u00dcbung des Karate-Do ein Leben lang andauert und die Pr\u00fcfung nur ein Teil auf diesem langen Weg darstellt. Der Einzelne sollte soviel wie er nur kann trainieren, dann wird er eines Tages die wahre Bedeutung von Karate-Do verstehen (Nakayama-sensei).<\/p>\n<table CLASS=\"\">\n<tr>\n<td CLASS=\"\"><a HREF=\"http:\/\/www.bushido-lubwart.de\/wordpress\/?page_id=1184\">4. Dan<\/a><\/td>\n<td CLASS=\"\"><a HREF=\"http:\/\/www.bushido-lubwart.de\/wordpress\/?page_id=1169\">AJKA-Pr\u00fcfungs\u00fcbersicht<\/a><\/td>\n<td CLASS=\"\"><a HREF=\"http:\/\/www.bushido-lubwart.de\/wordpress\/?page_id=1171\">Vorbereitungszeit<\/a><\/td>\n<\/tr>\n<\/table>\n","protected":false},"excerpt":{"rendered":"<p>Gr\u00fcnde f\u00fcr Pr\u00fcfungen im Karate-Do Pr\u00fcfungen sind sowohl f\u00fcr die Sch\u00fcler, als auch f\u00fcr die Instruktoren da, so dass beide sehen k\u00f6nnen, in welche Richtung die Entwicklung geht und welche Korrekturen gegebenenfalls erforderlich sind. Bei der Vergabe der Graduierung muss das Verhalten des Pr\u00fcflings vor, w\u00e4hrend und nach der Pr\u00fcfung miteinbezogen werden. Man darf niemals [&hellip;]<\/p>\n","protected":false},"author":2,"featured_media":0,"parent":1169,"menu_order":1,"comment_status":"open","ping_status":"open","template":"","meta":{"ngg_post_thumbnail":0,"footnotes":""},"class_list":["post-1170","page","type-page","status-publish","hentry"],"_links":{"self":[{"href":"http:\/\/www.bushido-lubwart.de\/wordpress\/wp-json\/wp\/v2\/pages\/1170"}],"collection":[{"href":"http:\/\/www.bushido-lubwart.de\/wordpress\/wp-json\/wp\/v2\/pages"}],"about":[{"href":"http:\/\/www.bushido-lubwart.de\/wordpress\/wp-json\/wp\/v2\/types\/page"}],"author":[{"embeddable":true,"href":"http:\/\/www.bushido-lubwart.de\/wordpress\/wp-json\/wp\/v2\/users\/2"}],"replies":[{"embeddable":true,"href":"http:\/\/www.bushido-lubwart.de\/wordpress\/wp-json\/wp\/v2\/comments?post=1170"}],"version-history":[{"count":0,"href":"http:\/\/www.bushido-lubwart.de\/wordpress\/wp-json\/wp\/v2\/pages\/1170\/revisions"}],"up":[{"embeddable":true,"href":"http:\/\/www.bushido-lubwart.de\/wordpress\/wp-json\/wp\/v2\/pages\/1169"}],"wp:attachment":[{"href":"http:\/\/www.bushido-lubwart.de\/wordpress\/wp-json\/wp\/v2\/media?parent=1170"}],"curies":[{"name":"wp","href":"https:\/\/api.w.org\/{rel}","templated":true}]}}