{"id":1169,"date":"2008-02-26T11:21:08","date_gmt":"2008-02-26T10:21:08","guid":{"rendered":"http:\/\/www.bushido-lubwart.de\/wordpress\/?page_id=1169"},"modified":"2008-03-06T06:49:54","modified_gmt":"2008-03-06T05:49:54","slug":"prufungsordnung-ajka","status":"publish","type":"page","link":"http:\/\/www.bushido-lubwart.de\/wordpress\/karate-and-more\/prufungen\/prufungsordnung-ajka\/","title":{"rendered":"Pr\u00fcfungsordnung AJKA"},"content":{"rendered":"<p>Die Pr\u00fcfungsordnung der Amercian JKA ist die Original-Pr\u00fcfungsordnung, die Nakayama Sensei einst aufgestellt hat. Nach dieser Pr\u00fcfungsordnung wird auch in Japan gepr\u00fcft.<\/p>\n<p>Bemerkenswert: Es gibt keinen 9. Kyu &#8211; die erste Pr\u00fcfung ist die zum Gelbgurt. Auch gibt es keine Altersbeschr\u00e4nkungen hinsichtlich der Dan-Pr\u00fcfung. Schlie\u00dflich ist der Shodan nichts weiter als ein &#8222;Experte der Grundtechniken&#8220;.<\/p>\n<p>Mit geistiger Reife hat die Pr\u00fcfung zum Shodan nichts zu tun.<\/p>\n<p><strong>Das Pr\u00fcfungsprogramm im Detail<\/strong><\/p>\n<ul>\n<li><strong><a HREF=\"http:\/\/www.bushido-lubwart.de\/wordpress\/?page_id=1170\">Warum Pr\u00fcfungen<\/a><\/strong> Gr\u00fcnde f\u00fcr Pr\u00fcfungen im Karate-Do<\/li>\n<li><strong><a HREF=\"http:\/\/www.bushido-lubwart.de\/wordpress\/?page_id=1171\">Vorbereitungszeit<\/a><\/strong> Vorbereitungszeiten f\u00fcr Dan-Pr\u00fcfungen<\/li>\n<li><strong><a HREF=\"http:\/\/www.bushido-lubwart.de\/wordpress\/?page_id=1172\">Kyu-Grade<\/a><\/strong> Anforderungen an die Vergabe der Kyu-Grade<\/li>\n<li><strong><a HREF=\"http:\/\/www.bushido-lubwart.de\/wordpress\/?page_id=1173\">Dan-Grade<\/a><\/strong> Anforderungen an die Vergabe von Dan-Graden<\/li>\n<li><strong><a HREF=\"http:\/\/www.bushido-lubwart.de\/wordpress\/?page_id=1174\">8. Kyu<\/a><\/strong> Pr\u00fcfungsprogramm zum Gelbgurt<\/li>\n<li><strong><a HREF=\"http:\/\/www.bushido-lubwart.de\/wordpress\/?page_id=1175\">7. Kyu<\/a><\/strong> Pr\u00fcfungsprogramm zum Orangegurt<\/li>\n<li><strong><a HREF=\"http:\/\/www.bushido-lubwart.de\/wordpress\/?page_id=1176\">6. Kyu<\/a><\/strong> Pr\u00fcfungsprogramm zum Gr\u00fcngurt<\/li>\n<li><strong><a HREF=\"http:\/\/www.bushido-lubwart.de\/wordpress\/?page_id=1177\">5. Kyu<\/a><\/strong> Pr\u00fcfungsprogramm zum 1. Blaugurt<\/li>\n<li><strong><a HREF=\"http:\/\/www.bushido-lubwart.de\/wordpress\/?page_id=1178\">4. Kyu<\/a><\/strong> Pr\u00fcfungsprogramm zum 2. Blaugurt (violett)<\/li>\n<li><strong><a HREF=\"http:\/\/www.bushido-lubwart.de\/wordpress\/?page_id=1179\">3. Kyu<\/a><\/strong> Pr\u00fcfungsprogramm zum 1. Braungurt<\/li>\n<li><strong><a HREF=\"http:\/\/www.bushido-lubwart.de\/wordpress\/?page_id=1180\">2. Kyu<\/a><\/strong> Pr\u00fcfungsprogramm zum 2. Braungurt<\/li>\n<li><strong><a HREF=\"http:\/\/www.bushido-lubwart.de\/wordpress\/?page_id=1181\">1. Kyu<\/a><\/strong> Pr\u00fcfungsprogramm zum 3. Braungurt<\/li>\n<li><strong><a HREF=\"http:\/\/www.bushido-lubwart.de\/wordpress\/?page_id=1182\">1. Dan<\/a><\/strong> Pr\u00fcfungsprogramm zum 1. Schwarzgurt<\/li>\n<li><strong><a HREF=\"http:\/\/www.bushido-lubwart.de\/wordpress\/?page_id=1183\">2. Dan<\/a><\/strong> Pr\u00fcfungsprogramm zum 2. Schwarzgurt<\/li>\n<li><strong><a HREF=\"http:\/\/www.bushido-lubwart.de\/wordpress\/?page_id=1184\">3. Dan<\/a><\/strong> Pr\u00fcfungsprogramm zum 3. Schwarzgurt<\/li>\n<li><strong><a HREF=\"http:\/\/www.bushido-lubwart.de\/wordpress\/?page_id=1185\">4. Dan<\/a><\/strong> Pr\u00fcfungsprogramm zum 4. Schwarzgurt<\/li>\n<\/ul>\n<p><strong><a HREF=\"http:\/\/www.bushido-lubwart.de\/wordpress\/?page_id=1186\">Dan-Pr\u00fcfungsgeb\u00fchren<\/a><\/strong> &#8211; Pr\u00fcfungsgeb\u00fchren festgelegt<\/p>\n","protected":false},"excerpt":{"rendered":"<p>Die Pr\u00fcfungsordnung der Amercian JKA ist die Original-Pr\u00fcfungsordnung, die Nakayama Sensei einst aufgestellt hat. Nach dieser Pr\u00fcfungsordnung wird auch in Japan gepr\u00fcft. Bemerkenswert: Es gibt keinen 9. Kyu &#8211; die erste Pr\u00fcfung ist die zum Gelbgurt. Auch gibt es keine Altersbeschr\u00e4nkungen hinsichtlich der Dan-Pr\u00fcfung. Schlie\u00dflich ist der Shodan nichts weiter als ein &#8222;Experte der Grundtechniken&#8220;. [&hellip;]<\/p>\n","protected":false},"author":2,"featured_media":0,"parent":1168,"menu_order":1,"comment_status":"open","ping_status":"open","template":"","meta":{"ngg_post_thumbnail":0,"footnotes":""},"class_list":["post-1169","page","type-page","status-publish","hentry"],"_links":{"self":[{"href":"http:\/\/www.bushido-lubwart.de\/wordpress\/wp-json\/wp\/v2\/pages\/1169"}],"collection":[{"href":"http:\/\/www.bushido-lubwart.de\/wordpress\/wp-json\/wp\/v2\/pages"}],"about":[{"href":"http:\/\/www.bushido-lubwart.de\/wordpress\/wp-json\/wp\/v2\/types\/page"}],"author":[{"embeddable":true,"href":"http:\/\/www.bushido-lubwart.de\/wordpress\/wp-json\/wp\/v2\/users\/2"}],"replies":[{"embeddable":true,"href":"http:\/\/www.bushido-lubwart.de\/wordpress\/wp-json\/wp\/v2\/comments?post=1169"}],"version-history":[{"count":0,"href":"http:\/\/www.bushido-lubwart.de\/wordpress\/wp-json\/wp\/v2\/pages\/1169\/revisions"}],"up":[{"embeddable":true,"href":"http:\/\/www.bushido-lubwart.de\/wordpress\/wp-json\/wp\/v2\/pages\/1168"}],"wp:attachment":[{"href":"http:\/\/www.bushido-lubwart.de\/wordpress\/wp-json\/wp\/v2\/media?parent=1169"}],"curies":[{"name":"wp","href":"https:\/\/api.w.org\/{rel}","templated":true}]}}