{"id":1167,"date":"2008-02-26T11:15:04","date_gmt":"2008-02-26T10:15:04","guid":{"rendered":"http:\/\/www.bushido-lubwart.de\/wordpress\/?page_id=1167"},"modified":"2008-02-26T11:15:04","modified_gmt":"2008-02-26T10:15:04","slug":"karate-do-nyumon","status":"publish","type":"page","link":"http:\/\/www.bushido-lubwart.de\/wordpress\/karate-and-more\/geschichte\/karate-do-nyumon\/","title":{"rendered":"Karate-Do Nyumon"},"content":{"rendered":"<p>Dieses Buch ist ein Standardwerk und gibt interessante Einblicke in die Welt des Karate und die Gedanken Funakoshi Gichins. Es sollte auf keinen Fall in einer guten Budo-Bibliothek fehlen.<\/p>\n<p><strong>Dieses wichtige Werk sogar in Deutsch erh\u00e4ltlich.<\/strong><\/p>\n<p><strong>Thema:<\/strong> <a HREF=\"http:\/\/www.budo-shop.net\/_cgi-bin\/shop\/shop.pl?f=NR&amp;c=2080707&amp;t=ddetail&amp;pid=blbl\">Karate-do Nyumon<\/a> von Funakoshi Gichin<br \/>\nDieses Buch kann bei <a HREF=\"http:\/\/www.budoshop-online.com\/\">Budoshop-Online<\/a> bestellt werden. <a HREF=\"http:\/\/www.budo-shop.net\/_cgi-bin\/shop\/shop.pl?f=NR&amp;c=2080707&amp;t=ddetail&amp;pid=blbl\">Einfach hier klicken.<\/a><\/p>\n<p>&#8222;Karate-Do Nyumon hei\u00dft w\u00f6rtlich &#8222;Durchfahrt durch die Tore des Karate Weges&#8220; &#8211; mit anderen Worten, eine Einf\u00fchrung in die Welt des Karate. Karate-Do Nyumon ist das Ergebnis von Meister Funakoshi&#8217;s Wunsch, alle jenen, die nichts \u00fcber Karate wissen, den Begriff und die \u00dcbung des Karate zu erkl\u00e4ren. Es enth\u00e4lt bislang unver\u00f6ffentlichte Schriften Funakoshis aus der Zeit vor seinem Tod im Jahre 1957, nebst vereinfachten Kata-Bewegungs-Folgen f\u00fcr Anf\u00e4nger, die Funakoshi aus den \u00fcberlieferten Kata des traditionellen Okinawa Karate-Do entwickelte.<\/p>\n<p>Meister Funakoshi beginnt damit einige der sich um das Karate rankenden Mythen und Legenden zu zerst\u00f6ren: &#8222;Karate-Do ist eine edele Kampfkunst, und die Leser k\u00f6nnen dessen versichert sein, da\u00df jene die stolz darauf sind, Bretter zerbrechen oder Dachziegel, zerschlagen zu k\u00f6nnen oder die sich damit br\u00fcsten, solche fremdartigen Kunstst\u00fcckchen wie anderen das Fleisch in Streifen herunterrei\u00dfen oder Rippen herausrei\u00dfen zu k\u00f6nnen, in Wirklichkeit \u00fcberhaupt nichts \u00fcber Karate wissen. Sie spielen nur in den Bl\u00e4ttern und Zweigen eines gro\u00dfen Baumes herum, ohne auch nur die geringste Ahnung davon zu haben, was ein Stamm ist.&#8220;<\/p>\n<p>In dem Versuch, Karate zu erkl\u00e4ren, erz\u00e4hlt der Meister die Geschichte des Karate &#8211; von seinen Urspr\u00fcngen in den uralten Methoden des waffenlosen Kampfes in China bis hin zur Entwicklung des Karate auf Okinawa, einem Land in dem Waffen durch Gesetze der japanischen Besatzer verboten waren. Um zu verhindern, da\u00df Karate von den japanischen Besatzern kontrolliert, oder sogar von ihnen erlernt und angewendet wurde, wurde das Karate im Geheimen ausgeh\u00fcbt. Um diese Geheimhaltung aufrechtzuerhalten, war es bis in die j\u00fcngste Vergangenheit \u00fcblich, keinerlei Aufzeichnungen zu machen. Meister Funakoshi aber erkannte, als er dieses Buch und andere mehr schrieb, die Notwendigkeit, die Kata exakt zu erkl\u00e4ren und so einen Standard f\u00fcr die okinawanischen Kata zu schaffen.<\/p>\n<p>Die Kata in diesem Buch sind keine herk\u00f6mmliche Kata, sondern dienen dazu die korrekten Stellungen sowie das richtige Denken und Handeln zu entwickeln, und so die Meisterung der richtigen Karate-Do Kata zu erleichtern. Alle diese speziellen Kata werden durch zahlreiche Fotos und dem zugeh\u00f6rigen Text bestens erkl\u00e4rt. Au\u00dferdem erz\u00e4hlt Meister Funakoshi Geschichten von M\u00e4nnern aus Okinawa, die zu seiner Jugendzeit lebende Legenden waren, deren Namen durch die Mauer des Schweigens hindurchdrangen, die das Karate bis in die Mitte dieses Jahrhunderts noch umfing.&#8220;<\/p>\n","protected":false},"excerpt":{"rendered":"<p>Dieses Buch ist ein Standardwerk und gibt interessante Einblicke in die Welt des Karate und die Gedanken Funakoshi Gichins. Es sollte auf keinen Fall in einer guten Budo-Bibliothek fehlen. Dieses wichtige Werk sogar in Deutsch erh\u00e4ltlich. Thema: Karate-do Nyumon von Funakoshi Gichin Dieses Buch kann bei Budoshop-Online bestellt werden. Einfach hier klicken. &#8222;Karate-Do Nyumon hei\u00dft [&hellip;]<\/p>\n","protected":false},"author":2,"featured_media":0,"parent":1165,"menu_order":2,"comment_status":"open","ping_status":"open","template":"","meta":{"ngg_post_thumbnail":0,"footnotes":""},"class_list":["post-1167","page","type-page","status-publish","hentry"],"_links":{"self":[{"href":"http:\/\/www.bushido-lubwart.de\/wordpress\/wp-json\/wp\/v2\/pages\/1167"}],"collection":[{"href":"http:\/\/www.bushido-lubwart.de\/wordpress\/wp-json\/wp\/v2\/pages"}],"about":[{"href":"http:\/\/www.bushido-lubwart.de\/wordpress\/wp-json\/wp\/v2\/types\/page"}],"author":[{"embeddable":true,"href":"http:\/\/www.bushido-lubwart.de\/wordpress\/wp-json\/wp\/v2\/users\/2"}],"replies":[{"embeddable":true,"href":"http:\/\/www.bushido-lubwart.de\/wordpress\/wp-json\/wp\/v2\/comments?post=1167"}],"version-history":[{"count":0,"href":"http:\/\/www.bushido-lubwart.de\/wordpress\/wp-json\/wp\/v2\/pages\/1167\/revisions"}],"up":[{"embeddable":true,"href":"http:\/\/www.bushido-lubwart.de\/wordpress\/wp-json\/wp\/v2\/pages\/1165"}],"wp:attachment":[{"href":"http:\/\/www.bushido-lubwart.de\/wordpress\/wp-json\/wp\/v2\/media?parent=1167"}],"curies":[{"name":"wp","href":"https:\/\/api.w.org\/{rel}","templated":true}]}}