{"id":1140,"date":"2008-02-26T09:30:13","date_gmt":"2008-02-26T08:30:13","guid":{"rendered":"http:\/\/www.bushido-lubwart.de\/wordpress\/?page_id=1140"},"modified":"2014-02-10T20:52:48","modified_gmt":"2014-02-10T19:52:48","slug":"praktizierende-christen-und-karate","status":"publish","type":"page","link":"http:\/\/www.bushido-lubwart.de\/wordpress\/karate-and-more\/hintergrunde\/verschiedenes\/praktizierende-christen-und-karate\/","title":{"rendered":"Praktizierende Christen und Karate"},"content":{"rendered":"<p>Zun\u00e4chst vorab: Ich bin praktizierender Christ, dazu erzkatholisch und seit \u00fcber 15 Jahren Karate-Trainer.<\/p>\n<p>Stellen wir doch einmal eine Frage: Was beinhaltet Karate-do?<\/p>\n<p>Hier geht es nach Funakoshi nicht darum einen Kampfsport zu lernen, um anderen zu zeigen wie stark man ist oder andere zu verpr\u00fcgeln sondern &#8211; und das bedeutet &#8222;Do&#8220; &#8211; es geht darum, zu sich selbst zu finden, ein besserer Mensch zu werden. Das hei\u00dft u.a. muss der Egoismus abgestreift werden! <\/p>\n<p>Was ist daran so schlecht und unvereinbar mit dem Christentum? Hier geht es doch in der Quintessenz um genau das Gleiche. Man soll seinen N\u00e4chsten lieben.<\/p>\n<p>N\u00e4chstenliebe \u00e4u\u00dfert sich in verschiedenen Formen. Ich denke, einer der wertvollsten Berufe dieser Welt ist der des Lehrers. Gute Lehrer helfen den Sch\u00fclern, auf ihrem Weg. Sie geben den Sch\u00fclern etwas Wertvolles f\u00fcr ihr weiteres Leben mit. Ist ein guter Lehrer nicht f\u00fcrsorglich? Ist F\u00fcrsorge keine N\u00e4chstenliebe?<\/p>\n<p>Das &#8222;Du sollst Deinen N\u00e4chsten lieben wie dich selbst&#8220; sollte man einmal im Zusammenhang betrachten. Es gibt n\u00e4mlich noch eine Aussage: &#8222;Der Leib ist der Tempel Gottes,&#8220; also etwas, was man &#8211; geht es nicht um h\u00f6here Werte &#8211; nicht zerst\u00f6ren (lassen) darf.<\/p>\n<p>Kommen wir damit auch gleich direkt zum Thema &#8222;linke Wange \/ rechte Wange&#8220; &#8230;<\/p>\n<p>Ist das im &#8222;Do&#8220; so anders? Hei\u00dft es nicht: &#8222;Es gibt kein Zuvorkommen im Karate?&#8220; (Karate ni sente nashi) Bedeutet das in der Konsequenz nicht auch, dass man besser einmal zur\u00fccksteckt, um Gewalt zu vermeiden? Jeder wei\u00df, dass Gewalt nur immer wieder neue Gewalt hervorruft&#8230; Genau deshalb wurde ja das alttestamentliche &#8222;Auge um Auge, Zahn um Zahn&#8220; im Neuen Testament durch das Gebot der N\u00e4chstenliebe ersetzt.<\/p>\n<p>ABER: Es gibt Grenzen! Niemand muss sich umbringen lassen. Und um es einmal aus der Sicht des (erzkatholischen) Christentums ganz klar zu sagen: Auch Wegsehen und nichts gegen Gewalt, Unterdr\u00fcckung und Unrecht unternehmen ist eine S\u00fcnde!<\/p>\n<p>In bestimmten extremen Situationen ist die Anwendung von Gewalt sowohl zivil- wie auch kirchenrechtlich v\u00f6llig legitim, wobei Gewalt nat\u00fcrlich immer nur als ultima ratio zur Disposition steht.<\/p>\n<p>In diesem Zusammenhang ist auch die leider falsche \u00dcbersetzung &#8222;Es gibt keinen ersten Angriff \/ Bewegung&#8220; zu sehen. Wenn es erforderlich ist, kann eine rechtzeitige angemessene Reaktion auf einen unmittelbar bevorstehenden Angriff gr\u00f6\u00dferen Schaden vermeiden.<\/p>\n<p>Hier muss man sich dann schon die Frage gefallen lassen, ob \u00fcbertriebener Pazifismus nicht m\u00f6glicherweise sogar genau das Gegenteil bewirkt, ob durch zuviel Pazifismus nicht gerade erst zig-tausendfaches Morden und T\u00f6ten m\u00f6glich gemacht wurde.<\/p>\n<p>Letztlich ist die Art und Weise wie jemand mit bestimmten Situationen umgeht doch sehr pers\u00f6nlicher Natur. Der eine wird aggressiv, der andere denkt dar\u00fcber nach, wie er das Problem einvernehmlich l\u00f6sen kann, andere laufen davon, wieder andere sitzen das Problem aus &#8230; Es gibt kein richtig oder falsch. Jeder hat seine \u00dcberzeugungen, muss aber auch in der Lage sein, die \u00dcberzeugungen anderer zu akzeptieren. Ausgehend von den eigenen \u00dcberzeugungen muss jeder seinen Weg finden ohne seinen Prinzipien untreu zu werden.<\/p>\n","protected":false},"excerpt":{"rendered":"<p>Zun\u00e4chst vorab: Ich bin praktizierender Christ, dazu erzkatholisch und seit \u00fcber 15 Jahren Karate-Trainer. Stellen wir doch einmal eine Frage: Was beinhaltet Karate-do? Hier geht es nach Funakoshi nicht darum einen Kampfsport zu lernen, um anderen zu zeigen wie stark man ist oder andere zu verpr\u00fcgeln sondern &#8211; und das bedeutet &#8222;Do&#8220; &#8211; es geht [&hellip;]<\/p>\n","protected":false},"author":2,"featured_media":0,"parent":1127,"menu_order":13,"comment_status":"open","ping_status":"open","template":"","meta":{"ngg_post_thumbnail":0,"footnotes":""},"class_list":["post-1140","page","type-page","status-publish","hentry"],"_links":{"self":[{"href":"http:\/\/www.bushido-lubwart.de\/wordpress\/wp-json\/wp\/v2\/pages\/1140"}],"collection":[{"href":"http:\/\/www.bushido-lubwart.de\/wordpress\/wp-json\/wp\/v2\/pages"}],"about":[{"href":"http:\/\/www.bushido-lubwart.de\/wordpress\/wp-json\/wp\/v2\/types\/page"}],"author":[{"embeddable":true,"href":"http:\/\/www.bushido-lubwart.de\/wordpress\/wp-json\/wp\/v2\/users\/2"}],"replies":[{"embeddable":true,"href":"http:\/\/www.bushido-lubwart.de\/wordpress\/wp-json\/wp\/v2\/comments?post=1140"}],"version-history":[{"count":2,"href":"http:\/\/www.bushido-lubwart.de\/wordpress\/wp-json\/wp\/v2\/pages\/1140\/revisions"}],"predecessor-version":[{"id":2659,"href":"http:\/\/www.bushido-lubwart.de\/wordpress\/wp-json\/wp\/v2\/pages\/1140\/revisions\/2659"}],"up":[{"embeddable":true,"href":"http:\/\/www.bushido-lubwart.de\/wordpress\/wp-json\/wp\/v2\/pages\/1127"}],"wp:attachment":[{"href":"http:\/\/www.bushido-lubwart.de\/wordpress\/wp-json\/wp\/v2\/media?parent=1140"}],"curies":[{"name":"wp","href":"https:\/\/api.w.org\/{rel}","templated":true}]}}