{"id":1139,"date":"2008-02-26T09:29:23","date_gmt":"2008-02-26T08:29:23","guid":{"rendered":"http:\/\/www.bushido-lubwart.de\/wordpress\/?page_id=1139"},"modified":"2008-02-26T09:29:23","modified_gmt":"2008-02-26T08:29:23","slug":"schlagkraft","status":"publish","type":"page","link":"http:\/\/www.bushido-lubwart.de\/wordpress\/karate-and-more\/hintergrunde\/verschiedenes\/schlagkraft\/","title":{"rendered":"Schlagkraft"},"content":{"rendered":"<p>Analysiere einmal Deine Technik oder lasse sie analysieren. Durch Bewegungsoptimierung l\u00e4sst sich erstaunlich viel erreichen. Ohne richtige Technik keine Kraft.<\/p>\n<p>Krafttraining ist eine M\u00f6glichkeit, gleicht aber M\u00e4ngel der Technik nicht einmal ann\u00e4herungsweise aus. Es hat vor Jahren an der Long Island Universit\u00e4t New York Untersuchungen zum Thema gegeben. Falsche Muskelspannung aufgrund nicht optimaler K\u00f6rperhaltung = bis zu 80% weniger Schlagkraft!<\/p>\n<p>Ich denke, die Technik sollte daher der wichtigste Ansatzpunkt sein.<br \/>\nDas sind letztlich Ergebnisse von jahrelangen Untersuchungen und Forschungen, die an der Long Island Universit\u00e4t New York stattfanden.<\/p>\n<p>Einigen werden sicherlich die Namen Prof. Dr. Stricevic und Teruyuki Okazaki etwas sagen. Masatoshi Nakayama, damaliger Chief-Instructor der JKA hatte einer wissenschaftlichen Untersuchung des Karate zugestimmt. In diesem Zusammenhang wurde ein gigantisches Forschungsprogramm aufgelegt, welches alle Einzelheiten von Techniken auseinandernahm.<\/p>\n<p>Hier wurde u.a. die Effektivit\u00e4t der Techniken unter verschiedenen Bedingungen und bei verschiedenen Altersgruppen analysiert und auf das genaueste untersucht.<\/p>\n<p>Eines der untersuchten Felder war auch die Schlagkraft. Hierf\u00fcr stellte sich u.a. Okazaki selbst zur Verf\u00fcgung. Bei korrekter (optimaler) Technik-Ausf\u00fchrung betrugt die gemessene Schlagkraft 1,1 Tonnen. Wurde jedoch das Ziel aus dem optimalen Bereich heraus verlagert oder musste der Proband seine Technik bewusst falsch oder mit ver\u00e4nderter Reihenfolge der Muskelanspannung ausf\u00fchren, so reduzierte sich die Schlagkraft drastisch und sank um bis zu 80%.<\/p>\n<p>Nun mag man einwenden, dass rund 250 kg trotzdem noch ganz ordentlich sind. Okay. Aber: Wenn man schon nicht viel Schlagkraft besitzt, wieviel weniger ist es dann, wenn die Technik dazu nicht stimmt?<\/p>\n<p>Als Gegenprobe wurden die Techniken von weniger guten Testpersonen analysiert und deren Technik verbessert \/ optimiert und die Schlagkraft vorher und nachher gemessen. Analoges Ergebnis.<\/p>\n<p>Physik und Biomechanik spielen eine entscheidende Rolle wenn es darum geht, ob eine Technik gut (im Sinne von &#8222;effektiv&#8220;) oder schlecht ist. Deshalb gibt es ja z.B. bei Schwimmern auch den sog. &#8222;Str\u00f6mungskanal&#8220;, wo sie in einem kleinen Wasserbecken gegen die Str\u00f6mung anschwimmen m\u00fcssen und von au\u00dfen deren Bewegung analysiert und optimiert wird. Optimale Bewegung = weniger vergeudete Kraft = effektivere, st\u00e4rkere Technik.<\/p>\n<p>Im Profibereich wird das Bewegungsmuster jedes Sportlers analysiert und optimiert, weil dies die einzige M\u00f6glichkeit ist, die Leistung zu verbessern.<\/p>\n<p>Es geht nicht darum, ob ein Schlag noch weh tut oder Schaden anrichten k\u00f6nnte, sondern es geht darum, wieviel weniger Kraft bei falscher Technik hinter dem Schlag steckt. Ich denke mal eine Schlagkraft von 250 kg ist noch ganz ordentlich und tut auch ganz sch\u00f6n weh. Aber das ist doch \u00fcberhaupt nichts im Vergleich zu einer m\u00f6glichen Schlagkraft von 1100 kg.<\/p>\n<p>Insofern mag der Schlag eines \u00dc40-Boxers noch sehr kraftvoll sein aber ich wage mal zu behaupten, dass auch dieser Schlag noch stark verbessert werden k\u00f6nnte.<\/p>\n<p>Vielleicht darf ich in diesem Zusammenhang mal Sokrates zitieren: &#8222;Wer glaubt etwas zu sein, hat aufgeh\u00f6rt etwas zu werden.&#8220; In diesem Sinne: Lernen wir t\u00e4glich etwas Neues dazu, verschlie\u00dfen wir uns Neuem nicht und werden wir damit jeden Tag besser. Ich will damit ausdr\u00fccken das jeder Kampfsportler auch in der Lage sein muss, sich von alten Binsenweisheiten zu verabschieden und sich, wenn er denn besser werden will, ver\u00e4ndern muss. Jeden Tag.<\/p>\n","protected":false},"excerpt":{"rendered":"<p>Analysiere einmal Deine Technik oder lasse sie analysieren. Durch Bewegungsoptimierung l\u00e4sst sich erstaunlich viel erreichen. Ohne richtige Technik keine Kraft. Krafttraining ist eine M\u00f6glichkeit, gleicht aber M\u00e4ngel der Technik nicht einmal ann\u00e4herungsweise aus. Es hat vor Jahren an der Long Island Universit\u00e4t New York Untersuchungen zum Thema gegeben. Falsche Muskelspannung aufgrund nicht optimaler K\u00f6rperhaltung = [&hellip;]<\/p>\n","protected":false},"author":2,"featured_media":0,"parent":1127,"menu_order":12,"comment_status":"open","ping_status":"open","template":"","meta":{"ngg_post_thumbnail":0,"footnotes":""},"class_list":["post-1139","page","type-page","status-publish","hentry"],"_links":{"self":[{"href":"http:\/\/www.bushido-lubwart.de\/wordpress\/wp-json\/wp\/v2\/pages\/1139"}],"collection":[{"href":"http:\/\/www.bushido-lubwart.de\/wordpress\/wp-json\/wp\/v2\/pages"}],"about":[{"href":"http:\/\/www.bushido-lubwart.de\/wordpress\/wp-json\/wp\/v2\/types\/page"}],"author":[{"embeddable":true,"href":"http:\/\/www.bushido-lubwart.de\/wordpress\/wp-json\/wp\/v2\/users\/2"}],"replies":[{"embeddable":true,"href":"http:\/\/www.bushido-lubwart.de\/wordpress\/wp-json\/wp\/v2\/comments?post=1139"}],"version-history":[{"count":0,"href":"http:\/\/www.bushido-lubwart.de\/wordpress\/wp-json\/wp\/v2\/pages\/1139\/revisions"}],"up":[{"embeddable":true,"href":"http:\/\/www.bushido-lubwart.de\/wordpress\/wp-json\/wp\/v2\/pages\/1127"}],"wp:attachment":[{"href":"http:\/\/www.bushido-lubwart.de\/wordpress\/wp-json\/wp\/v2\/media?parent=1139"}],"curies":[{"name":"wp","href":"https:\/\/api.w.org\/{rel}","templated":true}]}}