{"id":1135,"date":"2008-02-26T09:24:21","date_gmt":"2008-02-26T08:24:21","guid":{"rendered":"http:\/\/www.bushido-lubwart.de\/wordpress\/?page_id=1135"},"modified":"2008-02-26T09:24:21","modified_gmt":"2008-02-26T08:24:21","slug":"dan-grad-abnehmenabgeben","status":"publish","type":"page","link":"http:\/\/www.bushido-lubwart.de\/wordpress\/karate-and-more\/hintergrunde\/verschiedenes\/dan-grad-abnehmenabgeben\/","title":{"rendered":"Dan-Grad abnehmen\/abgeben"},"content":{"rendered":"<p>Hierzu gibt es f\u00fcr mich nur eines: Was ich einmal erworben habe, kann mir keiner mehr wegnehmen. Anders sieht es mit Lizenzen aus, die k\u00f6nnen entzogen werden.<\/p>\n<p>Mag sein, dass es manchmal nicht schlecht w\u00e4re den einen oder anderen zu &#8222;degradieren&#8220;, um ihn wieder auf den Teppich zu holen. Aber niemand k\u00e4me doch wirklich auf die Idee, jemanden den Schulabschluss abzuerkennen und zu fordern, er m\u00fcsse seinen Abschluss wiederholen &#8230; Das ist absurd und l\u00e4cherlich!<\/p>\n<p>Ich akzeptiere jede Graduierung. Wenn zu mir jemand mit einer Graduierung im Karate ins Dojo kommt, so darf er selbstverst\u00e4ndlich seinen G\u00fcrtel behalten, auch wenn seine Leistungen nicht unbedingt meinen Erwartungen f\u00fcr den Grad entsprechen. Dann dauert es mit der n\u00e4chsten Pr\u00fcfung eben etwas l\u00e4nger. Im umgekehrten Fall werde ich nat\u00fcrlich eine rasche Pr\u00fcfung erm\u00f6glichen, damit der neue Sch\u00fcler dem seinem Leistungsstand entsprechenden G\u00fcrtel auch tragen kann.<\/p>\n","protected":false},"excerpt":{"rendered":"<p>Hierzu gibt es f\u00fcr mich nur eines: Was ich einmal erworben habe, kann mir keiner mehr wegnehmen. Anders sieht es mit Lizenzen aus, die k\u00f6nnen entzogen werden. Mag sein, dass es manchmal nicht schlecht w\u00e4re den einen oder anderen zu &#8222;degradieren&#8220;, um ihn wieder auf den Teppich zu holen. Aber niemand k\u00e4me doch wirklich auf [&hellip;]<\/p>\n","protected":false},"author":2,"featured_media":0,"parent":1127,"menu_order":8,"comment_status":"open","ping_status":"open","template":"","meta":{"ngg_post_thumbnail":0,"footnotes":""},"class_list":["post-1135","page","type-page","status-publish","hentry"],"_links":{"self":[{"href":"http:\/\/www.bushido-lubwart.de\/wordpress\/wp-json\/wp\/v2\/pages\/1135"}],"collection":[{"href":"http:\/\/www.bushido-lubwart.de\/wordpress\/wp-json\/wp\/v2\/pages"}],"about":[{"href":"http:\/\/www.bushido-lubwart.de\/wordpress\/wp-json\/wp\/v2\/types\/page"}],"author":[{"embeddable":true,"href":"http:\/\/www.bushido-lubwart.de\/wordpress\/wp-json\/wp\/v2\/users\/2"}],"replies":[{"embeddable":true,"href":"http:\/\/www.bushido-lubwart.de\/wordpress\/wp-json\/wp\/v2\/comments?post=1135"}],"version-history":[{"count":0,"href":"http:\/\/www.bushido-lubwart.de\/wordpress\/wp-json\/wp\/v2\/pages\/1135\/revisions"}],"up":[{"embeddable":true,"href":"http:\/\/www.bushido-lubwart.de\/wordpress\/wp-json\/wp\/v2\/pages\/1127"}],"wp:attachment":[{"href":"http:\/\/www.bushido-lubwart.de\/wordpress\/wp-json\/wp\/v2\/media?parent=1135"}],"curies":[{"name":"wp","href":"https:\/\/api.w.org\/{rel}","templated":true}]}}