{"id":1132,"date":"2008-02-26T09:19:01","date_gmt":"2008-02-26T08:19:01","guid":{"rendered":"http:\/\/www.bushido-lubwart.de\/wordpress\/?page_id=1132"},"modified":"2008-02-26T09:19:01","modified_gmt":"2008-02-26T08:19:01","slug":"fur-selbstverteidigung-muss-man-einstecken-konnen","status":"publish","type":"page","link":"http:\/\/www.bushido-lubwart.de\/wordpress\/karate-and-more\/hintergrunde\/verschiedenes\/fur-selbstverteidigung-muss-man-einstecken-konnen\/","title":{"rendered":"F\u00fcr Selbstverteidigung muss man einstecken k\u00f6nnen!"},"content":{"rendered":"<p>Ob man einen Schlag &#8222;einstecken&#8220; kann oder nicht hat zun\u00e4chst erst einmal \u00fcberhaupt nichts mit &#8222;Selbstverteidigung&#8220; zu tun. Im &#8222;Adrenalinrausch&#8220; ist die Schmerzgrenze extrem weit hochgesetzt. So kommt es z.B. auch in Wettk\u00e4mpfen immer wieder zu teilweise schweren Verletzungen (z.B. Knochenbr\u00fcchen), die die Betroffenen erst hinterher bemerken.<\/p>\n<p>Techniken m\u00fcssen im Training immer stark ausgef\u00fchrt werden. Wie sonst will man eine starke Technik lernen? Dies gilt um so mehr f\u00fcr \u00dcbungen am Partner.<\/p>\n<p>Randori hat mit realer Selbstverteidigung etwa soviel gemein wie ein Gurkensalat mit einer Torte. Okay &#8211; man kann beides essen. Aber das war&#8217;s dann auch schon. Ein Stra\u00dfenk\u00e4mpfer k\u00e4mpft anders als ein Karateka das jemals im Dojo, im Randori, im Wettkampf tun w\u00fcrde.<\/p>\n<p>Das einzige was man mit Randori wirklich \u00fcben und schulen kann sind Reaktion, Timing und Distanz. In gewisser Weise vielleicht auch noch den Kampfgeist, also die Psyche. Aber ein Randori als gute Vorbereitung f\u00fcr einen Stra\u00dfenkampf zu sehen, halte ich f\u00fcr \u00fcbertrieben. Die rohe, blanke Aggressivit\u00e4t, die ein Stra\u00dfenk\u00e4mpfer mitunter an den Tag legt, w\u00fcrde doch in jedem Dojo-Kampf sofort zur Unterbrechung und Disqualifikation f\u00fchren!<\/p>\n<p>Ich denke, dass \u00dcbungskampf und reale SV zwei v\u00f6llig verschiedene Dinge sind. Karate kann vorbereiten, die Psyche st\u00e4rken und f\u00fcr bestimmte Situationen wappnen. Trotzdem kann und wird es keine einzige Kampfsportart \/ Kampfkunst geben, die dem Praktizierenden eine absolute Sicherheit bietet.<\/p>\n<p>G\u00e4be es eine solche Kunst, dann h\u00e4tte sich nur diese eine behauptet und erhalten. Denn ineffektive \/ unn\u00fctze \/ schwache Dinge werden von natur aus untergehen.<\/p>\n<p>Aber ich darf einmal Nakayama Sensei zitieren, der einmal sinngem\u00e4\u00df folgendes sagte: &#8222;Wenn man sich effektiv verteidigen will, dann sollte man sich die modernste Waffe kaufen, die es f\u00fcr diesen Zweck gibt. Man wird mit sehr gro\u00dfer Wahrscheinlichkeit siegen, aber hinterher im Gef\u00e4ngnis sitzen.&#8220; Der beste Kampf ist noch immer der, der nicht stattfindet.<\/p>\n","protected":false},"excerpt":{"rendered":"<p>Ob man einen Schlag &#8222;einstecken&#8220; kann oder nicht hat zun\u00e4chst erst einmal \u00fcberhaupt nichts mit &#8222;Selbstverteidigung&#8220; zu tun. Im &#8222;Adrenalinrausch&#8220; ist die Schmerzgrenze extrem weit hochgesetzt. So kommt es z.B. auch in Wettk\u00e4mpfen immer wieder zu teilweise schweren Verletzungen (z.B. Knochenbr\u00fcchen), die die Betroffenen erst hinterher bemerken. Techniken m\u00fcssen im Training immer stark ausgef\u00fchrt werden. [&hellip;]<\/p>\n","protected":false},"author":2,"featured_media":0,"parent":1127,"menu_order":5,"comment_status":"open","ping_status":"open","template":"","meta":{"ngg_post_thumbnail":0,"footnotes":""},"class_list":["post-1132","page","type-page","status-publish","hentry"],"_links":{"self":[{"href":"http:\/\/www.bushido-lubwart.de\/wordpress\/wp-json\/wp\/v2\/pages\/1132"}],"collection":[{"href":"http:\/\/www.bushido-lubwart.de\/wordpress\/wp-json\/wp\/v2\/pages"}],"about":[{"href":"http:\/\/www.bushido-lubwart.de\/wordpress\/wp-json\/wp\/v2\/types\/page"}],"author":[{"embeddable":true,"href":"http:\/\/www.bushido-lubwart.de\/wordpress\/wp-json\/wp\/v2\/users\/2"}],"replies":[{"embeddable":true,"href":"http:\/\/www.bushido-lubwart.de\/wordpress\/wp-json\/wp\/v2\/comments?post=1132"}],"version-history":[{"count":0,"href":"http:\/\/www.bushido-lubwart.de\/wordpress\/wp-json\/wp\/v2\/pages\/1132\/revisions"}],"up":[{"embeddable":true,"href":"http:\/\/www.bushido-lubwart.de\/wordpress\/wp-json\/wp\/v2\/pages\/1127"}],"wp:attachment":[{"href":"http:\/\/www.bushido-lubwart.de\/wordpress\/wp-json\/wp\/v2\/media?parent=1132"}],"curies":[{"name":"wp","href":"https:\/\/api.w.org\/{rel}","templated":true}]}}